{"id":5512,"date":"2019-10-21T07:35:49","date_gmt":"2019-10-21T05:35:49","guid":{"rendered":"http:\/\/al-bakri.milazar-media.de\/?page_id=5512"},"modified":"2025-01-27T17:40:34","modified_gmt":"2025-01-27T16:40:34","slug":"o-nas","status":"publish","type":"page","link":"https:\/\/supacolour.eu\/cs\/o-nas\/","title":{"rendered":"O n\u00e1s"},"content":{"rendered":"<div class=\"wpb-content-wrapper\"><p>[vc_row css=&#8220;.vc_custom_1736007938986{margin-top: 50px !important;margin-bottom: 100px !important;}&#8220;][vc_column][vc_row_inner][vc_column_inner][vc_column_text css=&#8220;&#8220;]<\/p>\n<h2 class=\"d4-sa-text-heading\" style=\"text-align: center;\">Supacolour UK Ltd X Logotex Europe GmbH &amp; Co. KG<\/h2>\n<p>[\/vc_column_text][\/vc_column_inner][\/vc_row_inner][vc_row_inner css=&#8220;.vc_custom_1736007602759{margin-bottom: 50px !important;}&#8220;][vc_column_inner][vc_column_text css=&#8220;&#8220;]<strong>Stefan Gradwohl stoj\u00ed p\u0159ed sv\u00fdmi stroji na \u00fapravu textilu ve Waltropu. Gener\u00e1ln\u00ed \u0159editel si zbl\u00edzka prohl\u00ed\u017e\u00ed, jak se dokon\u010duj\u00ed jednotliv\u00e9 dresy pro jeho v\u00fdznamn\u00e9 z\u00e1kazn\u00edky. Do velk\u00fdch tiska\u0159sk\u00fdch stroj\u016f vkl\u00e1daj\u00ed vy\u0161kolen\u00ed zam\u011bstnanci dresy, nan\u00e1\u0161\u00ed se transferov\u00e1 f\u00f3lie a tiskne se dal\u0161\u00ed nov\u00fd dres pro BVB nebo jin\u00fd bundesligov\u00fd klub.<\/strong><\/p>\n<p><strong>Po kr\u00e1tk\u00e9 kontrole je spokojen. Jako v\u017edy vypadaj\u00ed potisky bezvadn\u011b: Motiv vynik\u00e1, barvy jsou stejn\u011b \u017eiv\u00e9 a p\u0159irozen\u00e9 jako u v\u0161ech dres\u016f p\u0159edt\u00edm. Za to vd\u011b\u010d\u00ed nejen sv\u00fdm mimo\u0159\u00e1dn\u011b schopn\u00fdm zam\u011bstnanc\u016fm, ale tak\u00e9 sv\u00e9mu obchodn\u00edmu partnerovi &#8211; spole\u010dnosti Supacolour.<\/strong>[\/vc_column_text][\/vc_column_inner][\/vc_row_inner][vc_row_inner css=&#8220;.vc_custom_1736007607422{margin-bottom: 50px !important;}&#8220;][vc_column_inner][vc_single_image image=&#8220;5380&#8243; img_size=&#8220;full&#8220; alignment=&#8220;center&#8220; css=&#8220;&#8220;][\/vc_column_inner][\/vc_row_inner][vc_row_inner][vc_column_inner][vc_column_text css=&#8220;&#8220;]<\/p>\n<h2 class=\"d4-sa-text-heading\" style=\"text-align: center;\">Povrchov\u00e1 \u00faprava textili\u00ed s nejvy\u0161\u0161\u00edmi standardy kvality a udr\u017eitelnosti<\/h2>\n<p>[\/vc_column_text][\/vc_column_inner][\/vc_row_inner][vc_row_inner css=&#8220;.vc_custom_1736007691467{margin-bottom: 50px !important;}&#8220;][vc_column_inner][vc_column_text css=&#8220;&#8220;]<strong>P\u0159ed n\u011bkolika lety si spole\u010dnost Supacolour dala za \u00fakol revolu\u010dn\u011b zm\u011bnit potisk textilu. Do v\u00fdzkumu a v\u00fdvoje bylo investov\u00e1no mnoho pen\u011bz a na cest\u011b k dne\u0161ku byly p\u0159ekon\u00e1ny v\u0161echny vzestupy a p\u00e1dy. Dnes se odpov\u011bdn\u00ed pracovn\u00edci dostali p\u0159esn\u011b tam, kde tehdy cht\u011bli b\u00fdt. Jejich transferov\u00e9 f\u00f3lie jsou \u0161pi\u010dkou na trhu a prod\u00e1vaj\u00ed se po cel\u00e9m sv\u011bt\u011b. Transferov\u00e9 f\u00f3lie pro nejr\u016fzn\u011bj\u0161\u00ed textilie se vyr\u00e1b\u011bj\u00ed ve dne v noci na t\u0159ech m\u00edstech &#8211; a pro z\u00e1kazn\u00edky z cel\u00e9ho sv\u011bta.<\/strong><\/p>\n<p><strong>Jedn\u00edm z nich je Logotex. Zde v klidn\u00e9m m\u011bste\u010dku Waltrop v Severn\u00edm Por\u00fdn\u00ed-Vestf\u00e1lsku prob\u00edh\u00e1 velkov\u00fdroba. Na pr\u00e1ci Stefana Gradwohla a jeho t\u00fdmu spol\u00e9haj\u00ed kluby Bundesligy, velk\u00e9 spole\u010dnosti a mnoho dal\u0161\u00edch z\u00e1kazn\u00edk\u016f. Pro ka\u017ed\u00e9ho z\u00e1kazn\u00edka se zde d\u011bl\u00e1 hodn\u011b. Loga, \u010d\u00edsla hr\u00e1\u010d\u016f a jm\u00e9na se s maxim\u00e1ln\u00ed p\u0159esnost\u00ed lisuj\u00ed na dresy, tri\u010dka a mnoho dal\u0161\u00edch textili\u00ed.<\/strong><\/p>\n<p><strong>Za to, \u017ee v\u00fdsledn\u00fd produkt je tak p\u016fsobiv\u00fd, \u017ee se na st\u0159edn\u011b velkou firmu ze Severn\u00edho Por\u00fdn\u00ed-Vestf\u00e1lska obrac\u00ed st\u00e1le v\u00edce klub\u016f, mohou p\u0159edev\u0161\u00edm f\u00f3lie, kter\u00e9 se v tov\u00e1rn\u011b pou\u017e\u00edvaj\u00ed. F\u00f3lie poch\u00e1zej\u00ed od stejnojmenn\u00e9ho v\u00fdrobce z Velk\u00e9 Brit\u00e1nie &#8211; Supacolour. T\u00e9m\u011b\u0159 v\u0161echny motivy pro povrchovou \u00fapravu textili\u00ed vznikaj\u00ed v \u00fazk\u00e9 spolupr\u00e1ci v tov\u00e1rn\u011b v Anglii a pot\u00e9 se dost\u00e1vaj\u00ed do Waltropu &#8211; a inspiruj\u00ed kluby, fanou\u0161ky fotbalov\u00fdch klub\u016f a mnoho firem z cel\u00e9ho N\u011bmecka. \u010c\u00edm p\u0159esn\u011b je ale tak v\u00fdjime\u010dn\u00fd?<\/strong>[\/vc_column_text][\/vc_column_inner][\/vc_row_inner][vc_row_inner][vc_column_inner][vc_column_text css=&#8220;&#8220;]<\/p>\n<h2 class=\"d4-sa-text-heading\" style=\"text-align: center;\">Kvalita se snoub\u00ed s udr\u017eitelnost\u00ed<\/h2>\n<p>[\/vc_column_text][\/vc_column_inner][\/vc_row_inner][vc_row_inner css=&#8220;.vc_custom_1736007696159{margin-bottom: 50px !important;}&#8220;][vc_column_inner][vc_column_text css=&#8220;&#8220;]<strong>Jednou z velk\u00fdch v\u00fdhod p\u0159enosov\u00fdch f\u00f3li\u00ed Supacolour je \u0161irok\u00e9 spektrum barev, kter\u00e9 lze p\u0159i v\u00fdrob\u011b pokr\u00fdt. Obvykle lze p\u0159i potisku textilu pou\u017e\u00edt pouze standardn\u00ed barevn\u00e9 spektrum, ale ne zde. S f\u00f3liemi Supacolour lze zobrazit v\u00edce ne\u017e \u010dty\u0159icet barev. Pro Stefana Gradwohla je v\u0161ak nejd\u016fle\u017eit\u011bj\u0161\u00ed n\u011bco jin\u00e9ho: d\u00edky nov\u00e9mu procesu, jako jsou inkousty na vodn\u00ed b\u00e1zi, kter\u00e9 nav\u00edc chr\u00e1n\u00ed \u017eivotn\u00ed prost\u0159ed\u00ed, jsou barvy p\u0159i ka\u017ed\u00e9m tisku stoprocentn\u011b stejn\u00e9. To znamen\u00e1, \u017ee ka\u017ed\u00e9mu z\u00e1kazn\u00edkovi lze nab\u00eddnout p\u0159esn\u011b takov\u00e9 barvy, kter\u00e9 jsou zakotveny v jeho firemn\u00ed identit\u011b.<\/strong><\/p>\n<p><strong>D\u00edky tomu se spole\u010dnosti Logotex poda\u0159ilo z\u00edskat z\u00e1kazn\u00edky, kte\u0159\u00ed si u n\u011bj nyn\u00ed objedn\u00e1vaj\u00ed dresy a dal\u0161\u00ed textilie. Samoz\u0159ejm\u011b se tak\u00e9 zam\u011b\u0159uje na udr\u017eitelnost f\u00f3li\u00ed a motiv\u016f na nich vyti\u0161t\u011bn\u00fdch. \u017d\u00e1dn\u00e9 t\u011b\u017ek\u00e9 kovy, \u017e\u00e1dn\u00e9 toxick\u00e9 chemik\u00e1lie: Supacolour o udr\u017eitelnosti nejen mluv\u00ed, ale \u017eije j\u00ed. Krom\u011b t\u011bchto v\u00fdhod je p\u016fsobiv\u00e1 i nab\u00eddka f\u00f3li\u00ed. Krom\u011b b\u011b\u017en\u00fdch DTF jsou nab\u00edzeny i speci\u00e1ln\u00ed kompozice pro r\u016fzn\u00e9 p\u0159\u00edze a materi\u00e1ly. To znamen\u00e1, \u017ee reklamn\u00ed technici, kte\u0159\u00ed si objednaj\u00ed u spole\u010dnosti Supacolour, maj\u00ed v\u017edy p\u0159esn\u011b tu spr\u00e1vnou f\u00f3lii pro dan\u00fd textil.<\/strong>[\/vc_column_text][\/vc_column_inner][\/vc_row_inner][vc_row_inner][vc_column_inner][vc_column_text css=&#8220;&#8220;]<\/p>\n<h2 class=\"d4-sa-text-heading\" style=\"text-align: center;\">Revoluce na n\u011bmeck\u00e9m trhu s potiskem textilu<\/h2>\n<p>[\/vc_column_text][\/vc_column_inner][\/vc_row_inner][vc_row_inner css=&#8220;.vc_custom_1736007700995{margin-bottom: 50px !important;}&#8220;][vc_column_inner][vc_column_text css=&#8220;&#8220;]<strong>Nyn\u00ed se spole\u010dnosti Supacolour a Logotex pod veden\u00edm Stefana Gradwohla a jeho t\u00fdmu pou\u0161t\u011bj\u00ed do nov\u00fdch v\u00fdzev. Navzdory p\u0159esv\u011bd\u010div\u00fdm argument\u016fm je Supacolour v N\u011bmecku st\u00e1le t\u00e9m\u011b\u0159 nepopsan\u00fdm listem. D\u016fvodem je p\u0159edev\u0161\u00edm chyb\u011bj\u00edc\u00ed distribu\u010dn\u00ed s\u00ed\u0165. Ka\u017ed\u00fd, kdo si u Supacolour objednal, se musel starat o dovoz a clo a byl na vlastn\u00ed motivy na kvalitn\u00edch f\u00f3li\u00edch velmi osamocen.<\/strong><\/p>\n<p><strong>To nyn\u00ed skon\u010dilo. Webov\u00e9 str\u00e1nky Supacolour pro n\u011bmeck\u00fd trh jsou objedn\u00e1vkovou platformou pro ka\u017ed\u00e9ho. Mal\u00ed i velc\u00ed reklamn\u00ed technici zde mohou objedn\u00e1vat a vydat se na stejnou obchodn\u00ed cestu, jakou Supacolour ji\u017e podnikl se spole\u010dnost\u00ed Logotex. Stefan Gradwohl a Logotex v r\u00e1mci t\u00e9to spolupr\u00e1ce p\u0159eb\u00edraj\u00ed logistiku a distribuci: dov\u00e1\u017eej\u00ed a dod\u00e1vaj\u00ed v\u0161em z\u00e1kazn\u00edk\u016fm v N\u011bmecku do 72 hodin a zaji\u0161\u0165uj\u00ed, aby se Supacolour stal nov\u00fdm standardem pro potisk textilu f\u00f3liemi &#8211; z\u00e1kazn\u00edci si zaslou\u017e\u00ed lep\u0161\u00ed potisky na textilu, Logotex a Supacolour se postaraj\u00ed, aby se to stalo skute\u010dnost\u00ed.<\/strong>[\/vc_column_text][\/vc_column_inner][\/vc_row_inner][\/vc_column][\/vc_row][vc_row][vc_column][vc_column_text]<\/p>\n<p>[\/vc_column_text][\/vc_column][\/vc_row]<\/p>\n<\/div>","protected":false},"excerpt":{"rendered":"<p>[vc_row css=&#8220;.vc_custom_1736007938986{margin-top: 50px !important;margin-bottom: 100px !important;}&#8220;][vc_column][vc_row_inner][vc_column_inner][vc_column_text css=&#8220;&#8220;] Supacolour UK Ltd X Logotex Europe GmbH &amp; Co. KG [\/vc_column_text][\/vc_column_inner][\/vc_row_inner][vc_row_inner css=&#8220;.vc_custom_1736007602759{margin-bottom: 50px !important;}&#8220;][vc_column_inner][vc_column_text css=&#8220;&#8220;]Stefan Gradwohl stoj\u00ed p\u0159ed sv\u00fdmi stroji na \u00fapravu textilu ve Waltropu. Gener\u00e1ln\u00ed \u0159editel si zbl\u00edzka prohl\u00ed\u017e\u00ed, jak se dokon\u010duj\u00ed jednotliv\u00e9 dresy pro jeho v\u00fdznamn\u00e9 z\u00e1kazn\u00edky. Do velk\u00fdch tiska\u0159sk\u00fdch stroj\u016f vkl\u00e1daj\u00ed vy\u0161kolen\u00ed zam\u011bstnanci dresy, nan\u00e1\u0161\u00ed [&hellip;]<\/p>\n","protected":false},"author":2,"featured_media":0,"parent":0,"menu_order":0,"comment_status":"closed","ping_status":"open","template":"page-visual-composer.php","meta":{"_acf_changed":false,"footnotes":""},"class_list":["post-5512","page","type-page","status-publish","hentry"],"featured_image_src":null,"acf":[],"_links":{"self":[{"href":"https:\/\/supacolour.eu\/cs\/wp-json\/wp\/v2\/pages\/5512","targetHints":{"allow":["GET"]}}],"collection":[{"href":"https:\/\/supacolour.eu\/cs\/wp-json\/wp\/v2\/pages"}],"about":[{"href":"https:\/\/supacolour.eu\/cs\/wp-json\/wp\/v2\/types\/page"}],"author":[{"embeddable":true,"href":"https:\/\/supacolour.eu\/cs\/wp-json\/wp\/v2\/users\/2"}],"replies":[{"embeddable":true,"href":"https:\/\/supacolour.eu\/cs\/wp-json\/wp\/v2\/comments?post=5512"}],"version-history":[{"count":6,"href":"https:\/\/supacolour.eu\/cs\/wp-json\/wp\/v2\/pages\/5512\/revisions"}],"predecessor-version":[{"id":5557,"href":"https:\/\/supacolour.eu\/cs\/wp-json\/wp\/v2\/pages\/5512\/revisions\/5557"}],"wp:attachment":[{"href":"https:\/\/supacolour.eu\/cs\/wp-json\/wp\/v2\/media?parent=5512"}],"curies":[{"name":"wp","href":"https:\/\/api.w.org\/{rel}","templated":true}]}}