{"id":5538,"date":"2025-01-04T16:54:21","date_gmt":"2025-01-04T15:54:21","guid":{"rendered":"http:\/\/al-bakri.milazar-media.de\/?page_id=5538"},"modified":"2025-01-27T10:40:07","modified_gmt":"2025-01-27T09:40:07","slug":"sablona-pro-tisk","status":"publish","type":"page","link":"https:\/\/supacolour.eu\/cs\/sablona-pro-tisk\/","title":{"rendered":"\u0160ablona pro tisk"},"content":{"rendered":"<div class=\"wpb-content-wrapper\"><p>[vc_row fullwidth=&#8220;1&#8243;][vc_column][vc_raw_html css=&#8220;&#8220;]JTVCcmV2X3NsaWRlciUyMGFsaWFzJTNEJTIyc2xpZGVyLWRydWNrdm9ybGFnZS1jeiUyMiU1RCU1QiUyRnJldl9zbGlkZXIlNUQ=[\/vc_raw_html][\/vc_column][\/vc_row][vc_row css=&#8220;.vc_custom_1737650616034{margin-top: 40px !important;margin-bottom: 40px !important;}&#8220;][vc_column][vc_column_text css=&#8220;&#8220;]<\/p>\n<h2 style=\"text-align: center;\"><span style=\"color: #ffffff;\">\u0160ablony, kter\u00e9 v\u00e1m pomohou tisknout jako profesion\u00e1l.<\/span><\/h2>\n<p style=\"text-align: center;\"><span style=\"color: #ffffff;\">D\u00edky na\u0161im \u0161ablon\u00e1m je nyn\u00ed snadn\u00e9 ur\u010dit velikost tisku Supacolour, kterou pot\u0159ebujete, a p\u0159ipravit si p\u0159edlohy. Jednodu\u0161e si vyberte velikost p\u0159enosu, kter\u00e1 v\u00e1m vyhovuje, a pot\u00e9 klikn\u011bte na tla\u010d\u00edtko pro sta\u017een\u00ed \u0161ablony. P\u0159ilo\u017eili jsme \u0161ablony pro Illustrator, Photoshop a PDF.<\/span><\/p>\n<p>[\/vc_column_text][\/vc_column][\/vc_row][vc_row css=&#8220;.vc_custom_1737724684650{margin-bottom: 40px !important;background-color: #34343300 !important;}&#8220;][vc_column width=&#8220;1\/2&#8243; css=&#8220;.vc_custom_1737724742831{background-color: #343433 !important;}&#8220;][vc_single_image image=&#8220;6425&#8243; img_size=&#8220;580&#215;580&#8243; css=&#8220;&#8220;][vc_btn title=&#8220;St\u00e1hnout v\u0161echny \u0161ablony&#8220; size=&#8220;lg&#8220; css=&#8220;.vc_custom_1737969613699{padding-top: 50px !important;}&#8220; link=&#8220;url:http%3A%2F%2Fal-bakri.milazar-media.de%2Fwp-content%2Fuploads%2F2025%2F01%2FSupacolour_DF_All1.zip&#8220; el_class=&#8220;d4-cr-supadtf&#8220;][\/vc_column][vc_column width=&#8220;1\/2&#8243; css=&#8220;.vc_custom_1737724749204{background-color: #343433 !important;}&#8220;][vc_single_image image=&#8220;6436&#8243; img_size=&#8220;full&#8220; css=&#8220;.vc_custom_1737650489522{margin-top: 20px !important;}&#8220;][vc_column_text css=&#8220;&#8220;]<\/p>\n<h3 id=\"headline-193-12\" class=\"ct-headline\">Dostupn\u00e9 velikosti.<\/h3>\n<p>[\/vc_column_text][vc_btn title=&#8220;A3 300&#215;420&#8243; size=&#8220;lg&#8220; css=&#8220;&#8220; link=&#8220;url:http%3A%2F%2Fal-bakri.milazar-media.de%2Fwp-content%2Fuploads%2F2025%2F01%2FSupacolour_DF_A3_300x420.zip&#8220; el_class=&#8220;d4-rc-a3-300&#215;420&#8243;][vc_btn title=&#8220;XL 550&#215;500&#8243; size=&#8220;lg&#8220; css=&#8220;&#8220; link=&#8220;url:http%3A%2F%2Fal-bakri.milazar-media.de%2Fwp-content%2Fuploads%2F2025%2F01%2FSupacolour_DF_XL_550x500.zip&#8220; el_class=&#8220;d4-cr-xl&#8220;][vc_btn title=&#8220;1M 1000&#215;550&#8243; size=&#8220;lg&#8220; css=&#8220;&#8220; link=&#8220;url:http%3A%2F%2Fal-bakri.milazar-media.de%2Fwp-content%2Fuploads%2F2025%2F01%2FSupacolour_DF_1M_1000x550.zip&#8220; el_class=&#8220;d4-cr-1m&#8220;][\/vc_column][\/vc_row][vc_row css=&#8220;.vc_custom_1737650630511{margin-bottom: 40px !important;}&#8220;][vc_column][vc_column_text css=&#8220;&#8220;]<\/p>\n<h2 id=\"headline-17-12\" class=\"ct-headline\" style=\"text-align: center;\"><span style=\"color: #ffffff;\">Supagang.<\/span><\/h2>\n<p>[\/vc_column_text][\/vc_column][\/vc_row][vc_row css=&#8220;.vc_custom_1737709313508{margin-bottom: 40px !important;background-color: #34343300 !important;}&#8220;][vc_column width=&#8220;1\/2&#8243; css=&#8220;.vc_custom_1737712140495{background-color: #343433 !important;}&#8220;][vc_single_image image=&#8220;6452&#8243; img_size=&#8220;580&#215;580&#8243; css=&#8220;.vc_custom_1737711000968{border-right-width: -10px !important;}&#8220;][vc_btn title=&#8220;St\u00e1hnout v\u0161echny \u0161ablony&#8220; size=&#8220;lg&#8220; css=&#8220;.vc_custom_1737969644056{padding-top: 10px !important;}&#8220; link=&#8220;url:http%3A%2F%2Fal-bakri.milazar-media.de%2Fwp-content%2Fuploads%2F2025%2F01%2FSupacolour_SUPAGANG_All.zip&#8220; el_class=&#8220;d4-cr-supagang&#8220;][\/vc_column][vc_column width=&#8220;1\/2&#8243; css=&#8220;.vc_custom_1737712134341{background-color: #343433 !important;}&#8220;][vc_row_inner][vc_column_inner width=&#8220;1\/2&#8243;][vc_single_image image=&#8220;6564&#8243; img_size=&#8220;full&#8220; css=&#8220;.vc_custom_1737650795432{margin-top: 20px !important;}&#8220;][\/vc_column_inner][vc_column_inner width=&#8220;1\/2&#8243;][vc_single_image image=&#8220;6569&#8243; img_size=&#8220;full&#8220; css=&#8220;.vc_custom_1737650822516{margin-top: 20px !important;}&#8220;][\/vc_column_inner][\/vc_row_inner][vc_row_inner][vc_column_inner width=&#8220;1\/2&#8243;][vc_single_image image=&#8220;6574&#8243; img_size=&#8220;full&#8220; css=&#8220;.vc_custom_1737650807027{margin-top: 20px !important;}&#8220;][\/vc_column_inner][vc_column_inner width=&#8220;1\/2&#8243;][vc_single_image image=&#8220;6553&#8243; img_size=&#8220;full&#8220; css=&#8220;.vc_custom_1737650826659{margin-top: 20px !important;}&#8220;][\/vc_column_inner][\/vc_row_inner][vc_column_text css=&#8220;&#8220;]<\/p>\n<h3 id=\"headline-193-12\" class=\"ct-headline\">Dostupn\u00e9 velikosti.<\/h3>\n<p>[\/vc_column_text][vc_btn title=&#8220;A5 150&#215;210&#8243; size=&#8220;lg&#8220; css=&#8220;&#8220; link=&#8220;url:http%3A%2F%2Fal-bakri.milazar-media.de%2Fwp-content%2Fuploads%2F2025%2F01%2FSupacolour_SUPAGANG_A5_150x210.zip&#8220; el_class=&#8220;d4-cr-a5-150&#215;210&#8243;][vc_btn title=&#8220;A4 210&#215;300&#8243; size=&#8220;lg&#8220; css=&#8220;&#8220; link=&#8220;url:http%3A%2F%2Fal-bakri.milazar-media.de%2Fwp-content%2Fuploads%2F2025%2F01%2FSupacolour_SUPAGANG_A4_210x300.zip&#8220; el_class=&#8220;d4-cr-a4-210&#215;300&#8243;][vc_btn title=&#8220;A3 300&#215;420&#8243; size=&#8220;lg&#8220; css=&#8220;&#8220; link=&#8220;url:http%3A%2F%2Fal-bakri.milazar-media.de%2Fwp-content%2Fuploads%2F2025%2F01%2FSupacolour_SUPAGANG_A3_300x420.zip&#8220; el_class=&#8220;d4-cr-a3-300&#215;420&#8243;][\/vc_column][\/vc_row][vc_row css=&#8220;.vc_custom_1737650645297{margin-bottom: 40px !important;}&#8220;][vc_column][vc_column_text css=&#8220;&#8220;]<\/p>\n<h2 id=\"headline-50-12\" class=\"ct-headline\" style=\"text-align: center;\"><span style=\"color: #ffffff;\">Wearable, Blocker a Softshell Blocker.<\/span><\/h2>\n<p>[\/vc_column_text][\/vc_column][\/vc_row][vc_row css=&#8220;.vc_custom_1737651108840{margin-bottom: 40px !important;background-color: #34343300 !important;}&#8220;][vc_column width=&#8220;1\/2&#8243; css=&#8220;.vc_custom_1737712147815{background-color: #343433 !important;}&#8220;][vc_single_image image=&#8220;6465&#8243; img_size=&#8220;580&#215;580&#8243; css=&#8220;&#8220;][vc_btn title=&#8220;St\u00e1hnout v\u0161echny \u0161ablony&#8220; size=&#8220;lg&#8220; css=&#8220;.vc_custom_1737969665179{padding-top: 10px !important;}&#8220; link=&#8220;url:http%3A%2F%2Fal-bakri.milazar-media.de%2Fwp-content%2Fuploads%2F2025%2F01%2FSupacolour_WE.BL_.SB_All.zip&#8220; el_class=&#8220;d4-cr-shirt&#8220;][\/vc_column][vc_column width=&#8220;1\/2&#8243; css=&#8220;.vc_custom_1737651101339{background-color: #343433 !important;}&#8220;][vc_row_inner][vc_column_inner width=&#8220;1\/2&#8243;][vc_single_image image=&#8220;6564&#8243; img_size=&#8220;full&#8220; css=&#8220;.vc_custom_1737650846257{margin-top: 20px !important;}&#8220;][\/vc_column_inner][vc_column_inner width=&#8220;1\/2&#8243;][vc_single_image image=&#8220;6569&#8243; img_size=&#8220;full&#8220; css=&#8220;.vc_custom_1737650865255{margin-top: 20px !important;}&#8220;][\/vc_column_inner][\/vc_row_inner][vc_row_inner][vc_column_inner width=&#8220;1\/2&#8243;][vc_single_image image=&#8220;6574&#8243; img_size=&#8220;full&#8220; css=&#8220;.vc_custom_1737650852069{margin-top: 20px !important;}&#8220;][\/vc_column_inner][\/vc_row_inner][vc_column_text css=&#8220;&#8220;]<\/p>\n<h3 id=\"headline-193-12\" class=\"ct-headline\">Dostupn\u00e9 velikosti.<\/h3>\n<p>[\/vc_column_text][vc_btn title=&#8220;XS&#8220; size=&#8220;lg&#8220; css=&#8220;&#8220; link=&#8220;url:http%3A%2F%2Fal-bakri.milazar-media.de%2Fwp-content%2Fuploads%2F2025%2F01%2FSupacolour_WE.BL_.SB_XS_40x40.zip&#8220; el_class=&#8220;d4-cr-xs&#8220;][vc_btn title=&#8220;SM&#8220; size=&#8220;lg&#8220; css=&#8220;&#8220; link=&#8220;url:http%3A%2F%2Fal-bakri.milazar-media.de%2Fwp-content%2Fuploads%2F2025%2F01%2FSupacolour_WE.BL_.SB_SM_60x60.zip&#8220; el_class=&#8220;d4-cr-sm&#8220;][vc_btn title=&#8220;LC&#8220; size=&#8220;lg&#8220; css=&#8220;&#8220; link=&#8220;url:http%3A%2F%2Fal-bakri.milazar-media.de%2Fwp-content%2Fuploads%2F2025%2F01%2FSupacolour_WE.BL_.SB_LC_100x100.zip&#8220; el_class=&#8220;d4-cr-lc&#8220;][vc_btn title=&#8220;A5&#8243; size=&#8220;lg&#8220; css=&#8220;&#8220; link=&#8220;url:http%3A%2F%2Fal-bakri.milazar-media.de%2Fwp-content%2Fuploads%2F2025%2F01%2FSupacolour_WE.BL_.SB_A5_210x150.zip&#8220; el_class=&#8220;d4-cr-a5&#8243;][vc_btn title=&#8220;A5 dlouh\u00fd&#8220; size=&#8220;lg&#8220; css=&#8220;&#8220; link=&#8220;url:http%3A%2F%2Fal-bakri.milazar-media.de%2Fwp-content%2Fuploads%2F2025%2F01%2FSupacolour_WE.BL_.SB_A5_Long_105x300.zip&#8220; el_class=&#8220;d4-cr-a5-long&#8220;][vc_btn title=&#8220;A4&#8243; size=&#8220;lg&#8220; css=&#8220;&#8220; link=&#8220;url:http%3A%2F%2Fal-bakri.milazar-media.de%2Fwp-content%2Fuploads%2F2025%2F01%2FSupacolour_WE.BL_.SB_A4_210x300.zip&#8220; el_class=&#8220;d4-cr-a4&#8243;][vc_btn title=&#8220;A4 dlouh\u00fd&#8220; size=&#8220;lg&#8220; css=&#8220;&#8220; link=&#8220;url:http%3A%2F%2Fal-bakri.milazar-media.de%2Fwp-content%2Fuploads%2F2025%2F01%2FSupacolour_WE.BL_.SB_A4_Long_150x420.zip&#8220; el_class=&#8220;d4-cr-a4-long&#8220;][vc_btn title=&#8220;SQ&#8220; size=&#8220;lg&#8220; css=&#8220;&#8220; link=&#8220;url:http%3A%2F%2Fal-bakri.milazar-media.de%2Fwp-content%2Fuploads%2F2025%2F01%2FSupacolour_WE.BL_.SB_SQ_300x300.zip&#8220; el_class=&#8220;d4-cr-sq&#8220;][vc_btn title=&#8220;A3&#8243; size=&#8220;lg&#8220; css=&#8220;&#8220; link=&#8220;url:http%3A%2F%2Fal-bakri.milazar-media.de%2Fwp-content%2Fuploads%2F2025%2F01%2FSupacolour_WE.BL_.SB_A3_300x420.zip&#8220; el_class=&#8220;d4-cr-a3&#8243;][vc_btn title=&#8220;SupaGang&#8220; size=&#8220;lg&#8220; css=&#8220;&#8220; link=&#8220;url:http%3A%2F%2Fal-bakri.milazar-media.de%2Fwp-content%2Fuploads%2F2025%2F01%2FSupacolour_WE.BL_.SB_SUPAGANG_300x420.zip&#8220; el_class=&#8220;d4-cr-supagang-colour&#8220;][\/vc_column][\/vc_row][vc_row css=&#8220;.vc_custom_1737650650517{margin-bottom: 40px !important;}&#8220;][vc_column][vc_column_text css=&#8220;&#8220;]<\/p>\n<h2 id=\"headline-113-12\" class=\"ct-headline\" style=\"text-align: center;\"><span style=\"color: #ffffff;\">\u00da\u010des.<\/span><\/h2>\n<p>[\/vc_column_text][\/vc_column][\/vc_row][vc_row css=&#8220;.vc_custom_1737651116030{margin-bottom: 40px !important;background-color: #34343300 !important;}&#8220;][vc_column width=&#8220;1\/2&#8243; css=&#8220;.vc_custom_1737712160443{background-color: #343433 !important;}&#8220;][vc_single_image image=&#8220;6503&#8243; img_size=&#8220;580&#215;580&#8243; css=&#8220;&#8220;][vc_btn title=&#8220;St\u00e1hnout v\u0161echny \u0161ablony&#8220; size=&#8220;lg&#8220; css=&#8220;.vc_custom_1737969679913{padding-top: 10px !important;}&#8220; link=&#8220;url:http%3A%2F%2Fal-bakri.milazar-media.de%2Fwp-content%2Fuploads%2F2025%2F01%2FSupacolour_HW_CAP_All.zip&#8220; el_class=&#8220;d4-cr-cap&#8220;][\/vc_column][vc_column width=&#8220;1\/2&#8243; css=&#8220;.vc_custom_1737651123381{background-color: #343433 !important;}&#8220;][vc_single_image image=&#8220;6559&#8243; img_size=&#8220;full&#8220; css=&#8220;.vc_custom_1737734224395{margin-top: 20px !important;}&#8220;][vc_column_text css=&#8220;&#8220;]<\/p>\n<h3 id=\"headline-193-12\" class=\"ct-headline\">Dostupn\u00e9 velikosti.<\/h3>\n<p>[\/vc_column_text][vc_btn title=&#8220;SM&#8220; size=&#8220;lg&#8220; css=&#8220;&#8220; link=&#8220;url:http%3A%2F%2Fal-bakri.milazar-media.de%2Fwp-content%2Fuploads%2F2025%2F01%2FSupacolour_HW_CAP_SM_60x60.zip&#8220; el_class=&#8220;d4-cr-sm&#8220;][vc_btn title=&#8220;LG&#8220; size=&#8220;lg&#8220; css=&#8220;&#8220; link=&#8220;url:http%3A%2F%2Fal-bakri.milazar-media.de%2Fwp-content%2Fuploads%2F2025%2F01%2FSupacolour_HW_CAP_LG_120x60.zip&#8220; el_class=&#8220;d4-cr-lg&#8220;][\/vc_column][\/vc_row][vc_row css=&#8220;.vc_custom_1737650660422{margin-bottom: 40px !important;}&#8220;][vc_column][vc_column_text css=&#8220;&#8220;]<\/p>\n<h2 id=\"headline-113-12\" class=\"ct-headline\" style=\"text-align: center;\"><span style=\"color: #ffffff;\">Propaga\u010dn\u00ed.<\/span><\/h2>\n<p>[\/vc_column_text][\/vc_column][\/vc_row][vc_row css=&#8220;.vc_custom_1737651129713{margin-bottom: 40px !important;background-color: #34343300 !important;}&#8220;][vc_column width=&#8220;1\/2&#8243; css=&#8220;.vc_custom_1737712166430{background-color: #343433 !important;}&#8220;][vc_single_image image=&#8220;6514&#8243; img_size=&#8220;580&#215;580&#8243; css=&#8220;&#8220;][vc_btn title=&#8220;St\u00e1hnout v\u0161echny \u0161ablony&#8220; size=&#8220;lg&#8220; css=&#8220;.vc_custom_1737969694992{padding-top: 10px !important;}&#8220; link=&#8220;url:http%3A%2F%2Fal-bakri.milazar-media.de%2Fwp-content%2Fuploads%2F2025%2F01%2FSupacolour_PR_BAG_All.zip&#8220; el_class=&#8220;d4-cr-bag&#8220;][\/vc_column][vc_column width=&#8220;1\/2&#8243; css=&#8220;.vc_custom_1737651137930{background-color: #343433 !important;}&#8220;][vc_single_image image=&#8220;6553&#8243; img_size=&#8220;full&#8220; css=&#8220;.vc_custom_1737734235814{margin-top: 20px !important;}&#8220;][vc_column_text css=&#8220;&#8220;]<\/p>\n<h3 id=\"headline-193-12\" class=\"ct-headline\">Dostupn\u00e9 velikosti.<\/h3>\n<p>[\/vc_column_text][vc_btn title=&#8220;A6&#8243; size=&#8220;lg&#8220; css=&#8220;&#8220; link=&#8220;url:http%3A%2F%2Fal-bakri.milazar-media.de%2Fwp-content%2Fuploads%2F2025%2F01%2FSupacolour_PR_BAG_A6_105x150.zip&#8220; el_class=&#8220;d4-cr-a6&#8243;][vc_btn title=&#8220;A5&#8243; size=&#8220;lg&#8220; css=&#8220;&#8220; link=&#8220;url:http%3A%2F%2Fal-bakri.milazar-media.de%2Fwp-content%2Fuploads%2F2025%2F01%2FSupacolour_PR_BAG_A5_150x210.zip&#8220; el_class=&#8220;d4-cr-a5&#8243;][vc_btn title=&#8220;A5 dlouh\u00fd&#8220; size=&#8220;lg&#8220; css=&#8220;&#8220; link=&#8220;url:http%3A%2F%2Fal-bakri.milazar-media.de%2Fwp-content%2Fuploads%2F2025%2F01%2FSupacolour_PR_BAG_A5_Long_105x300.zip&#8220; el_class=&#8220;d4-cr-a5-long&#8220;][vc_btn title=&#8220;A4&#8243; size=&#8220;lg&#8220; css=&#8220;&#8220; link=&#8220;url:http%3A%2F%2Fal-bakri.milazar-media.de%2Fwp-content%2Fuploads%2F2025%2F01%2FSupacolour_PR_BAG_A4_300x210.zip&#8220; el_class=&#8220;d4-cr-a4&#8243;][vc_btn title=&#8220;A4 dlouh\u00fd&#8220; size=&#8220;lg&#8220; css=&#8220;&#8220; link=&#8220;url:http%3A%2F%2Fal-bakri.milazar-media.de%2Fwp-content%2Fuploads%2F2025%2F01%2FSupacolour_PR_BAG_A4_Long_150x420.zip&#8220; el_class=&#8220;d4-cr-a4-long&#8220;][vc_btn title=&#8220;A3&#8243; size=&#8220;lg&#8220; css=&#8220;&#8220; link=&#8220;url:http%3A%2F%2Fal-bakri.milazar-media.de%2Fwp-content%2Fuploads%2F2025%2F01%2FSupacolour_PR_BAG_A3_300x420.zip&#8220; el_class=&#8220;d4-cr-a3&#8243;][\/vc_column][\/vc_row]<\/p>\n<\/div>","protected":false},"excerpt":{"rendered":"<p>[vc_row fullwidth=&#8220;1&#8243;][vc_column][vc_raw_html css=&#8220;&#8220;]JTVCcmV2X3NsaWRlciUyMGFsaWFzJTNEJTIyc2xpZGVyLWRydWNrdm9ybGFnZS1jeiUyMiU1RCU1QiUyRnJldl9zbGlkZXIlNUQ=[\/vc_raw_html][\/vc_column][\/vc_row][vc_row css=&#8220;.vc_custom_1737650616034{margin-top: 40px !important;margin-bottom: 40px !important;}&#8220;][vc_column][vc_column_text css=&#8220;&#8220;] \u0160ablony, kter\u00e9 v\u00e1m pomohou tisknout jako profesion\u00e1l. D\u00edky na\u0161im \u0161ablon\u00e1m je nyn\u00ed snadn\u00e9 ur\u010dit velikost tisku Supacolour, kterou pot\u0159ebujete, a p\u0159ipravit si p\u0159edlohy. Jednodu\u0161e si vyberte velikost p\u0159enosu, kter\u00e1 v\u00e1m vyhovuje, a pot\u00e9 klikn\u011bte na tla\u010d\u00edtko pro sta\u017een\u00ed \u0161ablony. P\u0159ilo\u017eili jsme \u0161ablony pro Illustrator, Photoshop a [&hellip;]<\/p>\n","protected":false},"author":2,"featured_media":0,"parent":0,"menu_order":0,"comment_status":"closed","ping_status":"open","template":"","meta":{"_acf_changed":false,"footnotes":""},"class_list":["post-5538","page","type-page","status-publish","hentry"],"featured_image_src":null,"acf":[],"_links":{"self":[{"href":"https:\/\/supacolour.eu\/cs\/wp-json\/wp\/v2\/pages\/5538","targetHints":{"allow":["GET"]}}],"collection":[{"href":"https:\/\/supacolour.eu\/cs\/wp-json\/wp\/v2\/pages"}],"about":[{"href":"https:\/\/supacolour.eu\/cs\/wp-json\/wp\/v2\/types\/page"}],"author":[{"embeddable":true,"href":"https:\/\/supacolour.eu\/cs\/wp-json\/wp\/v2\/users\/2"}],"replies":[{"embeddable":true,"href":"https:\/\/supacolour.eu\/cs\/wp-json\/wp\/v2\/comments?post=5538"}],"version-history":[{"count":11,"href":"https:\/\/supacolour.eu\/cs\/wp-json\/wp\/v2\/pages\/5538\/revisions"}],"predecessor-version":[{"id":6929,"href":"https:\/\/supacolour.eu\/cs\/wp-json\/wp\/v2\/pages\/5538\/revisions\/6929"}],"wp:attachment":[{"href":"https:\/\/supacolour.eu\/cs\/wp-json\/wp\/v2\/media?parent=5538"}],"curies":[{"name":"wp","href":"https:\/\/api.w.org\/{rel}","templated":true}]}}