{"id":5546,"date":"2025-01-04T12:25:53","date_gmt":"2025-01-04T11:25:53","guid":{"rendered":"http:\/\/al-bakri.milazar-media.de\/?page_id=5546"},"modified":"2025-01-28T15:36:17","modified_gmt":"2025-01-28T14:36:17","slug":"informace-o-preprave","status":"publish","type":"page","link":"https:\/\/supacolour.eu\/cs\/informace-o-preprave\/","title":{"rendered":"Informace o p\u0159eprav\u011b"},"content":{"rendered":"<div class=\"wpb-content-wrapper\"><p>[vc_row][vc_column][vc_column_text css=&#8220;&#8220;]Informace o p\u0159eprav\u011b<br \/>\nSpolupracujeme s p\u0159edn\u00edmi poskytovateli p\u0159epravn\u00edch slu\u017eeb<br \/>\nFedEx, DHL a UPS, abychom v\u00e1m doru\u010dili<br \/>\ndoru\u010d\u00edme va\u0161e objedn\u00e1vky rychle a bezpe\u010dn\u011b.<br \/>\nDoba zpracov\u00e1n\u00ed a dod\u00e1n\u00ed<\/p>\n<p>\u25cf Objedn\u00e1vky podan\u00e9 do 9:00: jsou zpracov\u00e1ny a odesl\u00e1ny je\u0161t\u011b t\u00fd\u017e pracovn\u00ed den.<br \/>\na odesl\u00e1ny tent\u00fd\u017e pracovn\u00ed den.<\/p>\n<p>\u25cf Objedn\u00e1vky po 9:00: odesl\u00e1n\u00ed n\u00e1sleduj\u00edc\u00ed pracovn\u00ed den.<br \/>\nDoba dod\u00e1n\u00ed (v z\u00e1vislosti na v\u00fdb\u011bru):<\/p>\n<p>\u25cf Standardn\u00ed odesl\u00e1n\u00ed: 2 &#8211; 5 pracovn\u00edch dn\u016f<\/p>\n<p>\u25cf Expresn\u00ed dod\u00e1n\u00ed: 1 &#8211; 2 pracovn\u00ed dny<\/p>\n<p>N\u00e1klady na dopravu<br \/>\nN\u00e1klady na dopravu z\u00e1vis\u00ed na hmotnosti, velikosti a m\u00edst\u011b ur\u010den\u00ed z\u00e1silky. P\u0159esn\u00e9 n\u00e1klady se zobraz\u00ed b\u011bhem procesu objedn\u00e1v\u00e1n\u00ed.<br \/>\nSledov\u00e1n\u00ed z\u00e1silky Po odesl\u00e1n\u00ed objedn\u00e1vky obdr\u017e\u00edte e-mail s \u010d\u00edslem z\u00e1silky. To m\u016f\u017eete kdykoli pou\u017e\u00edt ke kontrole stavu z\u00e1silky online:<\/p>\n<p>\u25cf FedEx: www.fedex.com<\/p>\n<p>\u25cf DHL: www.dhl.de<\/p>\n<p>\u25cf UPS: www.ups.com<\/p>\n<p>Dal\u0161\u00ed informace:<\/p>\n<p>\u25cf Clo: Mezin\u00e1rodn\u00ed z\u00e1silky mohou podl\u00e9hat dodate\u010dn\u00e9mu clu nebo dovozn\u00edmu clu, kter\u00e9 hrad\u00ed p\u0159\u00edjemce.<\/p>\n<p>\u25cf Poji\u0161t\u011bn\u00ed p\u0159epravy: Va\u0161e z\u00e1silka je standardn\u011b poji\u0161t\u011bna. Na vy\u017e\u00e1d\u00e1n\u00ed<br \/>\nlze uzav\u0159\u00edt dal\u0161\u00ed poji\u0161t\u011bn\u00ed p\u0159epravy. Z\u00e1kaznick\u00fd servis<br \/>\nPokud m\u00e1te n\u011bjak\u00e9 speci\u00e1ln\u00ed po\u017eadavky na p\u0159epravu nebo pot\u0159ebujete pomoc, n\u00e1\u0161 z\u00e1kaznick\u00fd servis v\u00e1m r\u00e1d pom\u016f\u017ee.[\/vc_column_text][\/vc_column][\/vc_row]<\/p>\n<\/div>","protected":false},"excerpt":{"rendered":"<p>[vc_row][vc_column][vc_column_text css=&#8220;&#8220;]Informace o p\u0159eprav\u011b Spolupracujeme s p\u0159edn\u00edmi poskytovateli p\u0159epravn\u00edch slu\u017eeb FedEx, DHL a UPS, abychom v\u00e1m doru\u010dili doru\u010d\u00edme va\u0161e objedn\u00e1vky rychle a bezpe\u010dn\u011b. Doba zpracov\u00e1n\u00ed a dod\u00e1n\u00ed \u25cf Objedn\u00e1vky podan\u00e9 do 9:00: jsou zpracov\u00e1ny a odesl\u00e1ny je\u0161t\u011b t\u00fd\u017e pracovn\u00ed den. a odesl\u00e1ny tent\u00fd\u017e pracovn\u00ed den. \u25cf Objedn\u00e1vky po 9:00: odesl\u00e1n\u00ed n\u00e1sleduj\u00edc\u00ed pracovn\u00ed den. Doba dod\u00e1n\u00ed [&hellip;]<\/p>\n","protected":false},"author":2,"featured_media":0,"parent":0,"menu_order":0,"comment_status":"closed","ping_status":"open","template":"","meta":{"_acf_changed":false,"footnotes":""},"class_list":["post-5546","page","type-page","status-publish","hentry"],"featured_image_src":null,"acf":[],"_links":{"self":[{"href":"https:\/\/supacolour.eu\/cs\/wp-json\/wp\/v2\/pages\/5546","targetHints":{"allow":["GET"]}}],"collection":[{"href":"https:\/\/supacolour.eu\/cs\/wp-json\/wp\/v2\/pages"}],"about":[{"href":"https:\/\/supacolour.eu\/cs\/wp-json\/wp\/v2\/types\/page"}],"author":[{"embeddable":true,"href":"https:\/\/supacolour.eu\/cs\/wp-json\/wp\/v2\/users\/2"}],"replies":[{"embeddable":true,"href":"https:\/\/supacolour.eu\/cs\/wp-json\/wp\/v2\/comments?post=5546"}],"version-history":[{"count":3,"href":"https:\/\/supacolour.eu\/cs\/wp-json\/wp\/v2\/pages\/5546\/revisions"}],"predecessor-version":[{"id":6990,"href":"https:\/\/supacolour.eu\/cs\/wp-json\/wp\/v2\/pages\/5546\/revisions\/6990"}],"wp:attachment":[{"href":"https:\/\/supacolour.eu\/cs\/wp-json\/wp\/v2\/media?parent=5546"}],"curies":[{"name":"wp","href":"https:\/\/api.w.org\/{rel}","templated":true}]}}