{"id":5757,"date":"2025-01-06T13:11:08","date_gmt":"2025-01-06T12:11:08","guid":{"rendered":"http:\/\/al-bakri.milazar-media.de\/produkt\/supacolour-wearable-1-colour-mehrfachnutzen\/"},"modified":"2025-03-11T14:55:20","modified_gmt":"2025-03-11T13:55:20","slug":"supacolour-wearable-1-kolor-wielokrotnego-uzytku","status":"publish","type":"product","link":"https:\/\/supacolour.eu\/cs\/produkt\/supacolour-wearable-1-kolor-wielokrotnego-uzytku\/","title":{"rendered":"Supacolour &#8211; Wearable (1 kolor, wielokrotnego u\u017cytku)"},"content":{"rendered":"<div class=\"row\">\n<div class=\"large-12 columns margin-bottom-10\">\n<h2><strong>P\u0159enosn\u00fd.<\/strong><\/h2>\n<p>M\u011bkk\u00e9, velmi odoln\u00e9, v\u00edce barev, \u0161etrn\u00e9 k \u017eivotn\u00edmu prost\u0159ed\u00ed.<\/p>\n<p>Tyto vlastnosti kombinujeme v na\u0161em absolutn\u00edm vlajkov\u00e9m produktu \u201eNositeln\u00e9\u201c. S t\u00edmto produktem si m\u016f\u017eete vychutnat v\u0161echny v\u00fdhody na\u0161eho letit\u00e9ho v\u00fdzkumu a v\u00fdvoje: N\u00e1\u0161 jedine\u010dn\u00fd tiskov\u00fd proces n\u00e1m umo\u017e\u0148uje zobrazit v\u00edce barev ne\u017e jak\u00e1koli jin\u00e1 p\u0159enosov\u00e1 f\u00f3lie \u2013 v\u017edy pracujeme velmi p\u0159esn\u011b a dosahujeme 100% konzistence barev. To znamen\u00e1, \u017ee ka\u017ed\u00fd tisk vypad\u00e1 \u00fapln\u011b stejn\u011b!<\/p>\n<p>Na\u0161e nositeln\u00e9 f\u00f3lie se velmi snadno lisuj\u00ed a rychle a pevn\u011b p\u0159ilnou k textilu d\u00edky na\u0161emu speci\u00e1ln\u011b vyvinut\u00e9mu lepidlu \u2013 va\u0161e v\u00fdroba nikdy nebyla tak produktivn\u00ed. F\u00f3lie jsou vhodn\u00e9 na v\u0161echny bavln\u011bn\u00e9 textilie jako jsou tri\u010dka, mikiny s kapuc\u00ed nebo norm\u00e1ln\u00ed mikiny. D\u00edky b\u00edl\u00e9, kvalitn\u00ed z\u00e1kladn\u00ed vrstv\u011b z\u00e1\u0159\u00ed barvy potisku na v\u0161ech barv\u00e1ch textilu. Tak vznikaj\u00ed potisky jako nikdy p\u0159edt\u00edm!<\/p>\n<\/div>\n<\/div>\n","protected":false},"excerpt":{"rendered":"<p>Nositeln\u00e9 p\u0159enosov\u00e9 f\u00f3lie zaru\u010duj\u00ed vysoce kvalitn\u00ed potisk textilu s dlouhou \u017eivotnost\u00ed a intenzivn\u00ed barevnou brilanc\u00ed. Speci\u00e1ln\u011b vyvinut\u00e9 lepidlo zaji\u0161\u0165uje spolehlivou p\u0159ilnavost k bavln\u011bn\u00fdm textili\u00edm, jako jsou tri\u010dka, mikiny s kapuc\u00ed a mikiny. Snadn\u00e1 aplikace pro hladk\u00e9 v\u00fdrobn\u00ed procesy. Odolnost p\u0159i pran\u00ed: Do 60\u00b0C. Objevte prvot\u0159\u00eddn\u00ed kvalitu pro va\u0161e textilie!<\/p>\n","protected":false},"featured_media":10477,"template":"","meta":{"_acf_changed":false,"wds_primary_product_brand":0,"wds_primary_product_cat":0},"product_brand":[],"product_cat":[313,314],"product_tag":[],"class_list":{"0":"post-5757","1":"product","2":"type-product","3":"status-publish","4":"has-post-thumbnail","6":"product_cat-transfers-cs","7":"product_cat-wearable-cs","9":"first","10":"instock","11":"taxable","12":"shipping-taxable","13":"purchasable","14":"product-type-variable"},"group_of_quantity":0,"min_quantity":10,"max_quantity":"","exclude_order_quantity_value_rules":"no","exclude_category_quantity_rules":"no","combine_variations":"no","acf":[],"_links":{"self":[{"href":"https:\/\/supacolour.eu\/cs\/wp-json\/wp\/v2\/product\/5757","targetHints":{"allow":["GET"]}}],"collection":[{"href":"https:\/\/supacolour.eu\/cs\/wp-json\/wp\/v2\/product"}],"about":[{"href":"https:\/\/supacolour.eu\/cs\/wp-json\/wp\/v2\/types\/product"}],"wp:featuredmedia":[{"embeddable":true,"href":"https:\/\/supacolour.eu\/cs\/wp-json\/wp\/v2\/media\/10477"}],"wp:attachment":[{"href":"https:\/\/supacolour.eu\/cs\/wp-json\/wp\/v2\/media?parent=5757"}],"wp:term":[{"taxonomy":"product_brand","embeddable":true,"href":"https:\/\/supacolour.eu\/cs\/wp-json\/wp\/v2\/product_brand?post=5757"},{"taxonomy":"product_cat","embeddable":true,"href":"https:\/\/supacolour.eu\/cs\/wp-json\/wp\/v2\/product_cat?post=5757"},{"taxonomy":"product_tag","embeddable":true,"href":"https:\/\/supacolour.eu\/cs\/wp-json\/wp\/v2\/product_tag?post=5757"}],"curies":[{"name":"wp","href":"https:\/\/api.w.org\/{rel}","templated":true}]}}