{"id":5821,"date":"2025-01-06T11:42:59","date_gmt":"2025-01-06T10:42:59","guid":{"rendered":"http:\/\/al-bakri.milazar-media.de\/produkt\/supacolour-blocker\/"},"modified":"2025-03-11T14:49:18","modified_gmt":"2025-03-11T13:49:18","slug":"supacolour-blocker","status":"publish","type":"product","link":"https:\/\/supacolour.eu\/cs\/produkt\/supacolour-blocker\/","title":{"rendered":"Supacolour &#8211; blok\u00e1tor"},"content":{"rendered":"<div class=\"row\">\n<div class=\"large-12 columns margin-bottom-10\">\n<h2><strong>Softshellov\u00fd blok\u00e1tor.<\/strong><\/h2>\n<p>Jsou barevn\u00e9 p\u0159echody u softshellov\u00fdch bund skute\u010dn\u00fdm probl\u00e9mem va\u0161\u00ed v\u00fdroby? U\u017e ne! S na\u0161\u00edm Softshell Blockerem. F\u00f3lie v\u00e1m d\u00e1v\u00e1 100% jistotu, \u017ee na va\u0161ich drah\u00fdch outdoorov\u00fdch textili\u00edch nebudou nevzhledn\u00e9 barevn\u00e9 p\u0159echody. F\u00f3lie maj\u00ed zabudovanou speci\u00e1ln\u00ed ochrannou f\u00f3lii &#8211; to znamen\u00e1, \u017ee nedoch\u00e1z\u00ed k barevn\u00fdm p\u0159echod\u016fm a bunda poka\u017ed\u00e9 dob\u0159e dopadne.<\/p>\n<p>To znamen\u00e1, \u017ee potisky lze vytvo\u0159it na t\u00fdmov\u00e9m oble\u010den\u00ed, outdoorov\u00fdch bund\u00e1ch a firemn\u00edm textilu b\u011bhem okam\u017eiku. Krom\u011b ochrany p\u0159ed nevzhledn\u00fdmi barevn\u00fdmi p\u0159echody pom\u00e1h\u00e1 f\u00f3lie tak\u00e9 p\u0159i instalaci d\u00edky dobr\u00e9mu, rychle p\u016fsob\u00edc\u00edmu lepidlu. Jak je u Supacolor zvykem, barvy jsou v\u017edy stejn\u00e9 a z\u016fst\u00e1vaj\u00ed konstantn\u00ed i p\u0159i zm\u011bn\u011b objedn\u00e1vky &#8211; tisk s p\u0159enosovou f\u00f3li\u00ed na softshell nebyl nikdy tak snadn\u00fd!<\/p>\n<\/div>\n<\/div>\n","protected":false},"excerpt":{"rendered":"<p>Blokovac\u00ed f\u00f3lie od Supacolour byla speci\u00e1ln\u011b vyvinuta pro tisk na polyester a zabra\u0148uje pronik\u00e1n\u00ed barev p\u0159es integrovanou bari\u00e9rovou vrstvu. Nab\u00edz\u00ed vynikaj\u00edc\u00ed barevnou konzistenci, silnou p\u0159ilnavost a snadn\u00e9 zpracov\u00e1n\u00ed &#8211; ide\u00e1ln\u00ed pro sportovn\u00ed dresy, funk\u010dn\u00ed oble\u010den\u00ed a dal\u0161\u00ed polyesterov\u00e9 textilie. Odolnost p\u0159i pran\u00ed: Do 60\u00b0C. Z\u00edskejte profesion\u00e1ln\u00ed v\u00fdsledky!<\/p>\n","protected":false},"featured_media":10089,"template":"","meta":{"_acf_changed":false,"wds_primary_product_brand":0,"wds_primary_product_cat":0},"product_brand":[],"product_cat":[358,313],"product_tag":[],"class_list":{"0":"post-5821","1":"product","2":"type-product","3":"status-publish","4":"has-post-thumbnail","6":"product_cat-blocker-cs","7":"product_cat-transfers-cs","9":"first","10":"instock","11":"taxable","12":"shipping-taxable","13":"purchasable","14":"product-type-variable"},"group_of_quantity":0,"min_quantity":10,"max_quantity":"","exclude_order_quantity_value_rules":"no","exclude_category_quantity_rules":"no","combine_variations":"no","acf":[],"_links":{"self":[{"href":"https:\/\/supacolour.eu\/cs\/wp-json\/wp\/v2\/product\/5821","targetHints":{"allow":["GET"]}}],"collection":[{"href":"https:\/\/supacolour.eu\/cs\/wp-json\/wp\/v2\/product"}],"about":[{"href":"https:\/\/supacolour.eu\/cs\/wp-json\/wp\/v2\/types\/product"}],"wp:featuredmedia":[{"embeddable":true,"href":"https:\/\/supacolour.eu\/cs\/wp-json\/wp\/v2\/media\/10089"}],"wp:attachment":[{"href":"https:\/\/supacolour.eu\/cs\/wp-json\/wp\/v2\/media?parent=5821"}],"wp:term":[{"taxonomy":"product_brand","embeddable":true,"href":"https:\/\/supacolour.eu\/cs\/wp-json\/wp\/v2\/product_brand?post=5821"},{"taxonomy":"product_cat","embeddable":true,"href":"https:\/\/supacolour.eu\/cs\/wp-json\/wp\/v2\/product_cat?post=5821"},{"taxonomy":"product_tag","embeddable":true,"href":"https:\/\/supacolour.eu\/cs\/wp-json\/wp\/v2\/product_tag?post=5821"}],"curies":[{"name":"wp","href":"https:\/\/api.w.org\/{rel}","templated":true}]}}