{"id":5941,"date":"2025-01-06T10:11:29","date_gmt":"2025-01-06T09:11:29","guid":{"rendered":"http:\/\/al-bakri.milazar-media.de\/produkt\/supacolour-headwear-transfers\/"},"modified":"2025-03-11T14:46:29","modified_gmt":"2025-03-11T13:46:29","slug":"supacolour-headwear-transfers","status":"publish","type":"product","link":"https:\/\/supacolour.eu\/cs\/produkt\/supacolour-headwear-transfers\/","title":{"rendered":"Supacolour &#8211; P\u0159evody pokr\u00fdvek hlavy"},"content":{"rendered":"<h2><strong>Pokr\u00fdvky hlavy.<\/strong><\/h2>\n<p>S na\u0161imi f\u00f3liemi na pokr\u00fdvky hlavy se va\u0161e tiskov\u00e1 zak\u00e1zka na \u010depice a dal\u0161\u00ed pokr\u00fdvky hlavy stane je\u0161t\u011b \u00fasp\u011b\u0161n\u011bj\u0161\u00edm dlouhodob\u00fdm hitem! Na\u0161e f\u00f3lie jsou speci\u00e1ln\u011b vyrobeny pro pou\u017eit\u00ed na \u010depice a nab\u00edzej\u00ed vysokou \u00farove\u0148 odolnosti. D\u00edky speci\u00e1ln\u00edmu slo\u017een\u00ed, kter\u00e9 pou\u017e\u00edv\u00e1me pro f\u00f3lie na pokr\u00fdvky hlavy, otisky vydr\u017e\u00ed vr\u00e1sky, ani\u017e by se deformovaly nebo trhaly.<\/p>\n<p>Pro va\u0161e z\u00e1kazn\u00edky tak vznikne \u010depice, kterou mohou pou\u017e\u00edvat dlouhodob\u011b. Tato f\u00f3lie samoz\u0159ejm\u011b nab\u00edz\u00ed i v\u0161echny ostatn\u00ed v\u00fdhody f\u00f3li\u00ed Supacolour. Je neuv\u011b\u0159iteln\u011b odoln\u00fd a na\u0161e tiskov\u00e9 barvy maj\u00ed nejvy\u0161\u0161\u00ed konzistenci na trhu. To znamen\u00e1, \u017ee ka\u017ed\u00e9 logo vypad\u00e1 stejn\u011b \u2013 i kdy\u017e si jej objedn\u00e1te pozd\u011bji. Vyberte si Supacolour Headwear Foil nyn\u00ed a vylep\u0161ete sv\u00e9 \u010depice jako nikdy p\u0159edt\u00edm!<\/p>\n<p>&nbsp;<\/p>\n","protected":false},"excerpt":{"rendered":"<p>P\u0159enosov\u00e9 f\u00f3lie Supacolour byly speci\u00e1ln\u011b vyvinuty pro \u010depice a pokr\u00fdvky hlavy. Jsou extr\u00e9mn\u011b odoln\u00e9, odoln\u00e9 proti roztr\u017een\u00ed a zachov\u00e1vaj\u00ed si sv\u016fj tvar bez vyblednut\u00ed. D\u00edky vysok\u00e9 barevn\u00e9 konzistenci a snadn\u00e9 aplikaci jsou perfektn\u00ed volbou pro kone\u010dnou \u00fapravu \u010depic, klobouk\u016f a dal\u0161\u00edch. Odolnost p\u0159i pran\u00ed: Do 40\u00b0C. Navrhn\u011bte individu\u00e1ln\u00ed pokr\u00fdvku hlavy!<\/p>\n","protected":false},"featured_media":10216,"template":"","meta":{"_acf_changed":false,"wds_primary_product_brand":0,"wds_primary_product_cat":0},"product_brand":[],"product_cat":[366,313],"product_tag":[],"class_list":{"0":"post-5941","1":"product","2":"type-product","3":"status-publish","4":"has-post-thumbnail","6":"product_cat-headwear-cs","7":"product_cat-transfers-cs","9":"first","10":"instock","11":"taxable","12":"shipping-taxable","13":"purchasable","14":"product-type-variable"},"group_of_quantity":0,"min_quantity":10,"max_quantity":"","exclude_order_quantity_value_rules":"no","exclude_category_quantity_rules":"no","combine_variations":"no","acf":[],"_links":{"self":[{"href":"https:\/\/supacolour.eu\/cs\/wp-json\/wp\/v2\/product\/5941","targetHints":{"allow":["GET"]}}],"collection":[{"href":"https:\/\/supacolour.eu\/cs\/wp-json\/wp\/v2\/product"}],"about":[{"href":"https:\/\/supacolour.eu\/cs\/wp-json\/wp\/v2\/types\/product"}],"wp:featuredmedia":[{"embeddable":true,"href":"https:\/\/supacolour.eu\/cs\/wp-json\/wp\/v2\/media\/10216"}],"wp:attachment":[{"href":"https:\/\/supacolour.eu\/cs\/wp-json\/wp\/v2\/media?parent=5941"}],"wp:term":[{"taxonomy":"product_brand","embeddable":true,"href":"https:\/\/supacolour.eu\/cs\/wp-json\/wp\/v2\/product_brand?post=5941"},{"taxonomy":"product_cat","embeddable":true,"href":"https:\/\/supacolour.eu\/cs\/wp-json\/wp\/v2\/product_cat?post=5941"},{"taxonomy":"product_tag","embeddable":true,"href":"https:\/\/supacolour.eu\/cs\/wp-json\/wp\/v2\/product_tag?post=5941"}],"curies":[{"name":"wp","href":"https:\/\/api.w.org\/{rel}","templated":true}]}}