{"id":6141,"date":"2025-01-05T22:48:35","date_gmt":"2025-01-05T21:48:35","guid":{"rendered":"http:\/\/al-bakri.milazar-media.de\/produkt\/supacolour-industrial-blocker\/"},"modified":"2025-03-11T14:31:25","modified_gmt":"2025-03-11T13:31:25","slug":"supacolour-industrial-blocker","status":"publish","type":"product","link":"https:\/\/supacolour.eu\/cs\/produkt\/supacolour-industrial-blocker\/","title":{"rendered":"Supacolor &#8211; pr\u016fmyslov\u00fd blok\u00e1tor"},"content":{"rendered":"<div class=\"row\">\n<div class=\"large-12 columns margin-bottom-10\">\n<h2><strong>Pr\u016fmyslov\u00fd blok\u00e1tor.<\/strong><\/h2>\n<p>Pro v\u0161echny, kte\u0159\u00ed necht\u011bj\u00ed pouze tisknout na textil, kter\u00fd proch\u00e1z\u00ed pr\u016fmyslov\u00fdm pran\u00edm, ale cht\u011bj\u00ed u sv\u00fdch z\u00e1kazn\u00edk\u016f p\u0159edej\u00edt nevzhledn\u00fdm barevn\u00fdm p\u0159echod\u016fm a zni\u010den\u00fdm pracovn\u00edm uniform\u00e1m!<\/p>\n<p>Industrial Blocker je l\u00e9kem na zma\u0159en\u00e9 sny o pr\u016fmyslov\u011b prateln\u00e9 uniform\u011b pro zam\u011bstnance va\u0161ich z\u00e1kazn\u00edk\u016f. Blok\u00e1tor funguje na polyesteru a mnoha dal\u0161\u00edch sm\u011bsov\u00fdch tkanin\u00e1ch a pro tuto f\u00f3lii tak\u00e9 plat\u00ed:<\/p>\n<p>Barevn\u00e1 konzistence a \u0161irok\u00e1 \u0161k\u00e1la barev \u2013 aby byli va\u0161i z\u00e1kazn\u00edci s va\u0161\u00ed prac\u00ed 100% spokojeni!<\/p>\n<\/div>\n<\/div>\n","protected":false},"excerpt":{"rendered":"<p>Industrial Blocker od Supacolour je ide\u00e1ln\u00ed pro pr\u016fmyslov\u011b prateln\u00e9 pracovn\u00ed uniformy. Zabra\u0148uje rozpou\u0161t\u011bn\u00ed barev na polyesterov\u00fdch a sm\u011bsov\u00fdch tkanin\u00e1ch a zaji\u0161\u0165uje dlouhotrvaj\u00edc\u00ed profesion\u00e1ln\u00ed v\u00fdsledky v pracovn\u00edch od\u011bvech. Odolnost p\u0159i pran\u00ed: Do 95\u00b0C. Perfektn\u00ed \u0159e\u0161en\u00ed pro robustn\u00ed a odoln\u00e9 pracovn\u00ed od\u011bvy.<\/p>\n","protected":false},"featured_media":10363,"template":"","meta":{"_acf_changed":false,"wds_primary_product_brand":0,"wds_primary_product_cat":0},"product_brand":[],"product_cat":[386,382,313],"product_tag":[],"class_list":{"0":"post-6141","1":"product","2":"type-product","3":"status-publish","4":"has-post-thumbnail","6":"product_cat-industrial-blocker-cs","7":"product_cat-industrial-wash-cs","8":"product_cat-transfers-cs","10":"first","11":"instock","12":"taxable","13":"shipping-taxable","14":"purchasable","15":"product-type-variable"},"group_of_quantity":0,"min_quantity":10,"max_quantity":"","exclude_order_quantity_value_rules":"no","exclude_category_quantity_rules":"no","combine_variations":"no","acf":[],"_links":{"self":[{"href":"https:\/\/supacolour.eu\/cs\/wp-json\/wp\/v2\/product\/6141","targetHints":{"allow":["GET"]}}],"collection":[{"href":"https:\/\/supacolour.eu\/cs\/wp-json\/wp\/v2\/product"}],"about":[{"href":"https:\/\/supacolour.eu\/cs\/wp-json\/wp\/v2\/types\/product"}],"wp:featuredmedia":[{"embeddable":true,"href":"https:\/\/supacolour.eu\/cs\/wp-json\/wp\/v2\/media\/10363"}],"wp:attachment":[{"href":"https:\/\/supacolour.eu\/cs\/wp-json\/wp\/v2\/media?parent=6141"}],"wp:term":[{"taxonomy":"product_brand","embeddable":true,"href":"https:\/\/supacolour.eu\/cs\/wp-json\/wp\/v2\/product_brand?post=6141"},{"taxonomy":"product_cat","embeddable":true,"href":"https:\/\/supacolour.eu\/cs\/wp-json\/wp\/v2\/product_cat?post=6141"},{"taxonomy":"product_tag","embeddable":true,"href":"https:\/\/supacolour.eu\/cs\/wp-json\/wp\/v2\/product_tag?post=6141"}],"curies":[{"name":"wp","href":"https:\/\/api.w.org\/{rel}","templated":true}]}}