{"id":6173,"date":"2018-02-14T10:01:39","date_gmt":"2018-02-14T10:01:39","guid":{"rendered":"http:\/\/al-bakri.milazar-media.de\/produkt\/supacolour-supadtf\/"},"modified":"2025-03-11T14:52:24","modified_gmt":"2025-03-11T13:52:24","slug":"supacolour-supadtf","status":"publish","type":"product","link":"https:\/\/supacolour.eu\/cs\/produkt\/supacolour-supadtf\/","title":{"rendered":"Supacolor &#8211; SupaDTF"},"content":{"rendered":"<div class=\"row\">\n<div class=\"large-12 columns margin-bottom-10\">\n<h2><strong>Supa DTF<\/strong><\/h2>\n<p>Pot\u0159ebujete pouze mal\u00fd po\u010det motiv\u016f na z\u00e1kaznickou objedn\u00e1vku? Pak jsou f\u00f3lie Supacolour DTF p\u0159esn\u011b to prav\u00e9 pro v\u00e1s a va\u0161e z\u00e1kazn\u00edky. S f\u00f3liemi DTF m\u00e1te mo\u017enost realizovat mal\u00e9 zak\u00e1zky levn\u011b.<\/p>\n<p>Proto\u017ee zde nepot\u0159ebujeme b\u00edlou z\u00e1kladn\u00ed vrstvu \u2013 zak\u00e1zku tak dok\u00e1\u017eeme realizovat ekonomicky i p\u0159i objedn\u00e1vce m\u00e9n\u011b ne\u017e 20 motiv\u016f.<\/p>\n<p>Supa DTF byste si m\u011bli vybrat, pokud:<\/p>\n<ul>\n<li style=\"font-weight: 400;\" aria-level=\"1\">Z\u00e1kazn\u00edk po\u017eaduje pouze velmi mal\u00e1 mno\u017estv\u00ed<\/li>\n<li style=\"font-weight: 400;\" aria-level=\"1\">Chcete vytvo\u0159it formul\u00e1\u0159, kter\u00fd p\u0159esv\u011bd\u010d\u00ed z\u00e1kazn\u00edky<\/li>\n<li style=\"font-weight: 400;\" aria-level=\"1\">Pokud si chcete ponechat n\u011bkolik n\u00e1vrh\u016f v mal\u00fdch mno\u017estv\u00edch pro doobjedn\u00e1v\u00e1n\u00ed<\/li>\n<\/ul>\n<p>Na\u0161e f\u00f3lie Supa DTF lze bez probl\u00e9m\u016f pou\u017e\u00edt na v\u0161echny bavln\u011bn\u00e9 sm\u011bsi. Tyto f\u00f3lie nedoporu\u010dujeme pou\u017e\u00edvat pouze na polyester a jin\u00e9 syntetick\u00e9 materi\u00e1ly. S na\u0161imi blokovac\u00edmi f\u00f3liemi je v\u0161ak pou\u017eit\u00ed na takov\u00e9 textilie zcela bezprobl\u00e9mov\u00e9. Filmy se k v\u00e1m dostanou do 72 hodin \u2013 bez skryt\u00fdch dovozn\u00edch n\u00e1klad\u016f nebo cel.<\/p>\n<p>Jako u v\u0161ech f\u00f3li\u00ed p\u0159edpokl\u00e1d\u00e1me vysokou odolnost. F\u00f3lie vydr\u017e\u00ed b\u011b\u017en\u00e9, \u0161etrn\u00e9 pran\u00ed minim\u00e1ln\u011b 40x. Pak se mohou objevit prvn\u00ed zn\u00e1mky opot\u0159eben\u00ed. Na\u0161e f\u00f3lie maj\u00ed v\u017edy certifikaci Oeko-Tex a obsahuj\u00ed barvy na vodn\u00ed b\u00e1zi, \u0161etrn\u00e9 k \u017eivotn\u00edmu prost\u0159ed\u00ed. Takto spole\u010dn\u011b chr\u00e1n\u00edme planetu.<\/p>\n<\/div>\n<\/div>\n","protected":false},"excerpt":{"rendered":"<p>P\u0159enosov\u00e9 f\u00f3lie Supa DTF jsou n\u00e1kladov\u011b efektivn\u00edm \u0159e\u0161en\u00edm pro mal\u00e9 s\u00e9rie, zku\u0161ebn\u00ed tisky a objedn\u00e1vky. Bez b\u00edl\u00e9 z\u00e1kladn\u00ed vrstvy umo\u017e\u0148uj\u00ed detailn\u00ed tisk brilantn\u00edch barev na bavln\u011bn\u00e9 sm\u011bsi. Ide\u00e1ln\u00ed pro rychl\u00e9 dodac\u00ed lh\u016fty (do 72 hodin) a ekologickou v\u00fdrobu. Odolnost p\u0159i pran\u00ed: Do 40\u00b0C. Ide\u00e1ln\u00ed na tri\u010dka, ta\u0161ky a dal\u0161\u00ed<\/p>\n","protected":false},"featured_media":10378,"template":"","meta":{"_acf_changed":false,"wds_primary_product_brand":0,"wds_primary_product_cat":0},"product_brand":[],"product_cat":[313],"product_tag":[],"class_list":{"0":"post-6173","1":"product","2":"type-product","3":"status-publish","4":"has-post-thumbnail","6":"product_cat-transfers-cs","8":"first","9":"instock","10":"taxable","11":"shipping-taxable","12":"purchasable","13":"product-type-variable"},"group_of_quantity":0,"min_quantity":10,"max_quantity":"","exclude_order_quantity_value_rules":"no","exclude_category_quantity_rules":"no","combine_variations":"no","acf":[],"_links":{"self":[{"href":"https:\/\/supacolour.eu\/cs\/wp-json\/wp\/v2\/product\/6173","targetHints":{"allow":["GET"]}}],"collection":[{"href":"https:\/\/supacolour.eu\/cs\/wp-json\/wp\/v2\/product"}],"about":[{"href":"https:\/\/supacolour.eu\/cs\/wp-json\/wp\/v2\/types\/product"}],"wp:featuredmedia":[{"embeddable":true,"href":"https:\/\/supacolour.eu\/cs\/wp-json\/wp\/v2\/media\/10378"}],"wp:attachment":[{"href":"https:\/\/supacolour.eu\/cs\/wp-json\/wp\/v2\/media?parent=6173"}],"wp:term":[{"taxonomy":"product_brand","embeddable":true,"href":"https:\/\/supacolour.eu\/cs\/wp-json\/wp\/v2\/product_brand?post=6173"},{"taxonomy":"product_cat","embeddable":true,"href":"https:\/\/supacolour.eu\/cs\/wp-json\/wp\/v2\/product_cat?post=6173"},{"taxonomy":"product_tag","embeddable":true,"href":"https:\/\/supacolour.eu\/cs\/wp-json\/wp\/v2\/product_tag?post=6173"}],"curies":[{"name":"wp","href":"https:\/\/api.w.org\/{rel}","templated":true}]}}