{"id":9738,"date":"2026-03-04T10:59:03","date_gmt":"2026-03-04T09:59:03","guid":{"rendered":"https:\/\/supacolour.eu\/?post_type=product&#038;p=9738"},"modified":"2026-03-04T11:23:42","modified_gmt":"2026-03-04T10:23:42","slug":"supacolour-propagacni-1-barva-kopie-kopie-kopie","status":"publish","type":"product","link":"https:\/\/supacolour.eu\/cs\/produkt\/supacolour-propagacni-1-barva-kopie-kopie-kopie\/","title":{"rendered":"Supacolour &#8211; Propaga\u010dn\u00ed (1 barva) (Kopie) (Kopie) (Kopie)"},"content":{"rendered":"<div class=\"row\">\n<div class=\"large-12 columns margin-bottom-10\">\n<h2><strong>Propaga\u010dn\u00ed.<\/strong><\/h2>\n<p>Propaga\u010dn\u00ed. F\u00f3lie Supacolour jsou ide\u00e1ln\u00ed pro ka\u017ed\u00e9ho, kdo chce roz\u0161\u00ed\u0159it sv\u00e9 portfolio. Pomoc\u00ed f\u00f3li\u00ed se m\u016f\u017eete rozlou\u010dit s omezen\u00fdm potiskem na tri\u010dka nebo mikiny. S t\u011bmito f\u00f3liemi je mo\u017en\u00e9 tisknout na t\u00e9m\u011b\u0159 jak\u00fdkoli typ velmi pevn\u00e9ho materi\u00e1lu. D\u00edky tomu je mo\u017en\u00e9 p\u0159id\u00e1vat loga na batohy a dal\u0161\u00ed merchandisingov\u00e9 p\u0159edm\u011bty.<\/p>\n<p>Abyste o nic nemuseli p\u0159ij\u00edt, nab\u00edz\u00ed v\u00e1m f\u00f3lie stejn\u00e9 v\u00fdhody jako p\u0159i pou\u017eit\u00ed na b\u011b\u017en\u00e9 textilie. \u017d\u00e1dn\u00e9 blednut\u00ed barev, vysok\u00e1 barevn\u00e1 konzistence a p\u0159ekvapiv\u011b vysok\u00e1 trvanlivost zavr\u0161uj\u00ed tento produkt.<\/p>\n<p>Takto m\u016f\u017eete roz\u0161\u00ed\u0159it svou z\u00e1kaznickou z\u00e1kladnu a snadno zv\u00fd\u0161it sv\u00e9 prodeje: prolomte novou cestu s propaga\u010dn\u00edmi filmy od Supacolour!<\/p>\n<\/div>\n<\/div>\n","protected":false},"excerpt":{"rendered":"<p>Propaga\u010dn\u00ed f\u00f3lie Supacolour umo\u017e\u0148uj\u00ed dlouhotrvaj\u00edc\u00ed a brilantn\u00ed tisky na pevn\u00e9 materi\u00e1ly, jako jsou batohy, ta\u0161ky a merchandisingov\u00e9 p\u0159edm\u011bty. Roz\u0161i\u0159te sv\u016fj sortiment nad r\u00e1mec klasick\u00e9ho textilu a nab\u00eddn\u011bte maxim\u00e1ln\u00ed kvalitu tisku s nejvy\u0161\u0161\u00ed barevnou konzistenc\u00ed. Odolnost p\u0159i pran\u00ed: Do 30\u00b0C. Ide\u00e1ln\u00ed pro reklamn\u00ed p\u0159edm\u011bty a reklamn\u00ed produkty. Odolnost p\u0159i pran\u00ed: n\u00edzk\u00e1<\/p>\n","protected":false},"featured_media":10231,"template":"","meta":{"_acf_changed":false,"wds_primary_product_brand":0,"wds_primary_product_cat":0},"product_brand":[],"product_cat":[374,313],"product_tag":[],"class_list":{"0":"post-9738","1":"product","2":"type-product","3":"status-publish","4":"has-post-thumbnail","6":"product_cat-promotional-cs","7":"product_cat-transfers-cs","9":"first","10":"instock","11":"taxable","12":"shipping-taxable","13":"purchasable","14":"product-type-variable"},"group_of_quantity":0,"min_quantity":10,"max_quantity":"","exclude_order_quantity_value_rules":"no","exclude_category_quantity_rules":"no","combine_variations":"no","acf":[],"_links":{"self":[{"href":"https:\/\/supacolour.eu\/cs\/wp-json\/wp\/v2\/product\/9738","targetHints":{"allow":["GET"]}}],"collection":[{"href":"https:\/\/supacolour.eu\/cs\/wp-json\/wp\/v2\/product"}],"about":[{"href":"https:\/\/supacolour.eu\/cs\/wp-json\/wp\/v2\/types\/product"}],"wp:featuredmedia":[{"embeddable":true,"href":"https:\/\/supacolour.eu\/cs\/wp-json\/wp\/v2\/media\/10231"}],"wp:attachment":[{"href":"https:\/\/supacolour.eu\/cs\/wp-json\/wp\/v2\/media?parent=9738"}],"wp:term":[{"taxonomy":"product_brand","embeddable":true,"href":"https:\/\/supacolour.eu\/cs\/wp-json\/wp\/v2\/product_brand?post=9738"},{"taxonomy":"product_cat","embeddable":true,"href":"https:\/\/supacolour.eu\/cs\/wp-json\/wp\/v2\/product_cat?post=9738"},{"taxonomy":"product_tag","embeddable":true,"href":"https:\/\/supacolour.eu\/cs\/wp-json\/wp\/v2\/product_tag?post=9738"}],"curies":[{"name":"wp","href":"https:\/\/api.w.org\/{rel}","templated":true}]}}