{"id":5600,"date":"2025-01-04T16:54:21","date_gmt":"2025-01-04T15:54:21","guid":{"rendered":"http:\/\/al-bakri.milazar-media.de\/?page_id=5600"},"modified":"2025-01-27T10:38:15","modified_gmt":"2025-01-27T09:38:15","slug":"modele-dimpression","status":"publish","type":"page","link":"https:\/\/supacolour.eu\/fr\/modele-dimpression\/","title":{"rendered":"Mod\u00e8le d&rsquo;impression"},"content":{"rendered":"<div class=\"wpb-content-wrapper\"><p>[vc_row fullwidth=\u00a0\u00bb1&Prime;][vc_column][vc_raw_html css=\u00a0\u00bb\u00a0\u00bb]JTVCcmV2X3NsaWRlciUyMGFsaWFzJTNEJTIyc2xpZGVyLWRydWNrdm9ybGFnZS1mciUyMiU1RCU1QiUyRnJldl9zbGlkZXIlNUQ=[\/vc_raw_html][\/vc_column][\/vc_row][vc_row css=\u00a0\u00bb.vc_custom_1737650616034{margin-top: 40px !important;margin-bottom: 40px !important;}\u00a0\u00bb][vc_column][vc_column_text css=\u00a0\u00bb\u00a0\u00bb]<\/p>\n<div class=\"section-element vc_custom_1737650616034\">\n<div class=\"row\">\n<div class=\"large-12 nasa-col columns\">\n<div class=\"wpb_text_column wpb_content_element\">\n<h2 style=\"text-align: center;\"><span style=\"color: #ffffff;\">Des mod\u00e8les pour vous aider \u00e0 imprimer comme un pro.<\/span><\/h2>\n<p style=\"text-align: center;\"><span style=\"color: #ffffff;\">Gr\u00e2ce \u00e0 nos mod\u00e8les, il est d\u00e9sormais facile de d\u00e9terminer la taille de Supacolour dont vous avez besoin et de pr\u00e9parer vos \u0153uvres d\u2019art. Il vous suffit de choisir la taille de transfert qui vous convient, puis de cliquer sur le bouton de t\u00e9l\u00e9chargement du mod\u00e8le. Nous avons inclus des mod\u00e8les pour Illustrator, Photoshop et un PDF.<\/span><\/p>\n<\/div>\n<\/div>\n<\/div>\n<\/div>\n<p>[\/vc_column_text][\/vc_column][\/vc_row][vc_row css=\u00a0\u00bb.vc_custom_1737724684650{margin-bottom: 40px !important;background-color: #34343300 !important;}\u00a0\u00bb][vc_column width=\u00a0\u00bb1\/2&Prime; css=\u00a0\u00bb.vc_custom_1737724742831{background-color: #343433 !important;}\u00a0\u00bb][vc_single_image image=\u00a0\u00bb6427&Prime; img_size=\u00a0\u00bb580&#215;580&Prime; css=\u00a0\u00bb\u00a0\u00bb][vc_btn title=\u00a0\u00bbT\u00e9l\u00e9charger tous les mod\u00e8les\u00a0\u00bb size=\u00a0\u00bblg\u00a0\u00bb css=\u00a0\u00bb.vc_custom_1737970262821{padding-top: 50px !important;}\u00a0\u00bb link=\u00a0\u00bburl:http%3A%2F%2Fal-bakri.milazar-media.de%2Fwp-content%2Fuploads%2F2025%2F01%2FSupacolour_DF_All1.zip\u00a0\u00bb el_class=\u00a0\u00bbd4-cr-supadtf\u00a0\u00bb][\/vc_column][vc_column width=\u00a0\u00bb1\/2&Prime; css=\u00a0\u00bb.vc_custom_1737724749204{background-color: #343433 !important;}\u00a0\u00bb][vc_single_image image=\u00a0\u00bb6438&Prime; img_size=\u00a0\u00bbfull\u00a0\u00bb css=\u00a0\u00bb.vc_custom_1737650489522{margin-top: 20px !important;}\u00a0\u00bb][vc_column_text css=\u00a0\u00bb\u00a0\u00bb]<\/p>\n<h3 id=\"headline-193-12\" class=\"ct-headline\">Tailles disponibles.<\/h3>\n<p>[\/vc_column_text][vc_btn title=\u00a0\u00bbA3 300&#215;420&Prime; size=\u00a0\u00bblg\u00a0\u00bb css=\u00a0\u00bb\u00a0\u00bb link=\u00a0\u00bburl:http%3A%2F%2Fal-bakri.milazar-media.de%2Fwp-content%2Fuploads%2F2025%2F01%2FSupacolour_DF_A3_300x420.zip\u00a0\u00bb el_class=\u00a0\u00bbd4-rc-a3-300&#215;420&Prime;][vc_btn title=\u00a0\u00bbXL 550&#215;500&Prime; size=\u00a0\u00bblg\u00a0\u00bb css=\u00a0\u00bb\u00a0\u00bb link=\u00a0\u00bburl:http%3A%2F%2Fal-bakri.milazar-media.de%2Fwp-content%2Fuploads%2F2025%2F01%2FSupacolour_DF_XL_550x500.zip\u00a0\u00bb el_class=\u00a0\u00bbd4-cr-xl\u00a0\u00bb][vc_btn title=\u00a0\u00bb1M 1000&#215;550&Prime; size=\u00a0\u00bblg\u00a0\u00bb css=\u00a0\u00bb\u00a0\u00bb link=\u00a0\u00bburl:http%3A%2F%2Fal-bakri.milazar-media.de%2Fwp-content%2Fuploads%2F2025%2F01%2FSupacolour_DF_1M_1000x550.zip\u00a0\u00bb el_class=\u00a0\u00bbd4-cr-1m\u00a0\u00bb][\/vc_column][\/vc_row][vc_row css=\u00a0\u00bb.vc_custom_1737650630511{margin-bottom: 40px !important;}\u00a0\u00bb][vc_column][vc_column_text css=\u00a0\u00bb\u00a0\u00bb]<\/p>\n<h2 id=\"headline-17-12\" class=\"ct-headline\" style=\"text-align: center;\"><span style=\"color: #ffffff;\">Supagang.<\/span><\/h2>\n<p>[\/vc_column_text][\/vc_column][\/vc_row][vc_row css=\u00a0\u00bb.vc_custom_1737709313508{margin-bottom: 40px !important;background-color: #34343300 !important;}\u00a0\u00bb][vc_column width=\u00a0\u00bb1\/2&Prime; css=\u00a0\u00bb.vc_custom_1737712140495{background-color: #343433 !important;}\u00a0\u00bb][vc_single_image image=\u00a0\u00bb6454&Prime; img_size=\u00a0\u00bb580&#215;580&Prime; css=\u00a0\u00bb.vc_custom_1737711000968{border-right-width: -10px !important;}\u00a0\u00bb][vc_btn title=\u00a0\u00bbT\u00e9l\u00e9charger tous les mod\u00e8les\u00a0\u00bb size=\u00a0\u00bblg\u00a0\u00bb css=\u00a0\u00bb.vc_custom_1737970279662{padding-top: 10px !important;}\u00a0\u00bb link=\u00a0\u00bburl:http%3A%2F%2Fal-bakri.milazar-media.de%2Fwp-content%2Fuploads%2F2025%2F01%2FSupacolour_SUPAGANG_All.zip\u00a0\u00bb el_class=\u00a0\u00bbd4-cr-supagang\u00a0\u00bb][\/vc_column][vc_column width=\u00a0\u00bb1\/2&Prime; css=\u00a0\u00bb.vc_custom_1737712134341{background-color: #343433 !important;}\u00a0\u00bb][vc_row_inner][vc_column_inner width=\u00a0\u00bb1\/2&Prime;][vc_single_image image=\u00a0\u00bb6566&Prime; img_size=\u00a0\u00bbfull\u00a0\u00bb css=\u00a0\u00bb.vc_custom_1737650795432{margin-top: 20px !important;}\u00a0\u00bb][\/vc_column_inner][vc_column_inner width=\u00a0\u00bb1\/2&Prime;][vc_single_image image=\u00a0\u00bb6571&Prime; img_size=\u00a0\u00bbfull\u00a0\u00bb css=\u00a0\u00bb.vc_custom_1737650822516{margin-top: 20px !important;}\u00a0\u00bb][\/vc_column_inner][\/vc_row_inner][vc_row_inner][vc_column_inner width=\u00a0\u00bb1\/2&Prime;][vc_single_image image=\u00a0\u00bb6576&Prime; img_size=\u00a0\u00bbfull\u00a0\u00bb css=\u00a0\u00bb.vc_custom_1737650807027{margin-top: 20px !important;}\u00a0\u00bb][\/vc_column_inner][vc_column_inner width=\u00a0\u00bb1\/2&Prime;][vc_single_image image=\u00a0\u00bb6555&Prime; img_size=\u00a0\u00bbfull\u00a0\u00bb css=\u00a0\u00bb.vc_custom_1737650826659{margin-top: 20px !important;}\u00a0\u00bb][\/vc_column_inner][\/vc_row_inner][vc_column_text css=\u00a0\u00bb\u00a0\u00bb]<\/p>\n<h3 id=\"headline-193-12\" class=\"ct-headline\">Tailles disponibles.<\/h3>\n<p>[\/vc_column_text][vc_btn title=\u00a0\u00bbA5 150&#215;210&Prime; size=\u00a0\u00bblg\u00a0\u00bb css=\u00a0\u00bb\u00a0\u00bb link=\u00a0\u00bburl:http%3A%2F%2Fal-bakri.milazar-media.de%2Fwp-content%2Fuploads%2F2025%2F01%2FSupacolour_SUPAGANG_A5_150x210.zip\u00a0\u00bb el_class=\u00a0\u00bbd4-cr-a5-150&#215;210&Prime;][vc_btn title=\u00a0\u00bbA4 210&#215;300&Prime; size=\u00a0\u00bblg\u00a0\u00bb css=\u00a0\u00bb\u00a0\u00bb link=\u00a0\u00bburl:http%3A%2F%2Fal-bakri.milazar-media.de%2Fwp-content%2Fuploads%2F2025%2F01%2FSupacolour_SUPAGANG_A4_210x300.zip\u00a0\u00bb el_class=\u00a0\u00bbd4-cr-a4-210&#215;300&Prime;][vc_btn title=\u00a0\u00bbA3 300&#215;420&Prime; size=\u00a0\u00bblg\u00a0\u00bb css=\u00a0\u00bb\u00a0\u00bb link=\u00a0\u00bburl:http%3A%2F%2Fal-bakri.milazar-media.de%2Fwp-content%2Fuploads%2F2025%2F01%2FSupacolour_SUPAGANG_A3_300x420.zip\u00a0\u00bb el_class=\u00a0\u00bbd4-cr-a3-300&#215;420&Prime;][\/vc_column][\/vc_row][vc_row css=\u00a0\u00bb.vc_custom_1737650645297{margin-bottom: 40px !important;}\u00a0\u00bb][vc_column][vc_column_text css=\u00a0\u00bb\u00a0\u00bb]<\/p>\n<h2 id=\"headline-50-12\" class=\"ct-headline\" style=\"text-align: center;\"><span style=\"color: #ffffff;\">Wearable, Blocker, &amp; Softshell Blocker.<\/span><\/h2>\n<p>[\/vc_column_text][\/vc_column][\/vc_row][vc_row css=\u00a0\u00bb.vc_custom_1737651108840{margin-bottom: 40px !important;background-color: #34343300 !important;}\u00a0\u00bb][vc_column width=\u00a0\u00bb1\/2&Prime; css=\u00a0\u00bb.vc_custom_1737712147815{background-color: #343433 !important;}\u00a0\u00bb][vc_single_image image=\u00a0\u00bb6467&Prime; img_size=\u00a0\u00bb580&#215;580&Prime; css=\u00a0\u00bb\u00a0\u00bb][vc_btn title=\u00a0\u00bbT\u00e9l\u00e9charger tous les mod\u00e8les\u00a0\u00bb size=\u00a0\u00bblg\u00a0\u00bb css=\u00a0\u00bb.vc_custom_1737970295589{padding-top: 10px !important;}\u00a0\u00bb link=\u00a0\u00bburl:http%3A%2F%2Fal-bakri.milazar-media.de%2Fwp-content%2Fuploads%2F2025%2F01%2FSupacolour_WE.BL_.SB_All.zip\u00a0\u00bb el_class=\u00a0\u00bbd4-cr-shirt\u00a0\u00bb][\/vc_column][vc_column width=\u00a0\u00bb1\/2&Prime; css=\u00a0\u00bb.vc_custom_1737651101339{background-color: #343433 !important;}\u00a0\u00bb][vc_row_inner][vc_column_inner width=\u00a0\u00bb1\/2&Prime;][vc_single_image image=\u00a0\u00bb6566&Prime; img_size=\u00a0\u00bbfull\u00a0\u00bb css=\u00a0\u00bb.vc_custom_1737650846257{margin-top: 20px !important;}\u00a0\u00bb][\/vc_column_inner][vc_column_inner width=\u00a0\u00bb1\/2&Prime;][vc_single_image image=\u00a0\u00bb6571&Prime; img_size=\u00a0\u00bbfull\u00a0\u00bb css=\u00a0\u00bb.vc_custom_1737650865255{margin-top: 20px !important;}\u00a0\u00bb][\/vc_column_inner][\/vc_row_inner][vc_row_inner][vc_column_inner width=\u00a0\u00bb1\/2&Prime;][vc_single_image image=\u00a0\u00bb6576&Prime; img_size=\u00a0\u00bbfull\u00a0\u00bb css=\u00a0\u00bb.vc_custom_1737650852069{margin-top: 20px !important;}\u00a0\u00bb][\/vc_column_inner][\/vc_row_inner][vc_column_text css=\u00a0\u00bb\u00a0\u00bb]<\/p>\n<h3 id=\"headline-193-12\" class=\"ct-headline\">Tailles disponibles.<\/h3>\n<p>[\/vc_column_text][vc_btn title=\u00a0\u00bbXS\u00a0\u00bb size=\u00a0\u00bblg\u00a0\u00bb css=\u00a0\u00bb\u00a0\u00bb link=\u00a0\u00bburl:http%3A%2F%2Fal-bakri.milazar-media.de%2Fwp-content%2Fuploads%2F2025%2F01%2FSupacolour_WE.BL_.SB_XS_40x40.zip\u00a0\u00bb el_class=\u00a0\u00bbd4-cr-xs\u00a0\u00bb][vc_btn title=\u00a0\u00bbSM\u00a0\u00bb size=\u00a0\u00bblg\u00a0\u00bb css=\u00a0\u00bb\u00a0\u00bb link=\u00a0\u00bburl:http%3A%2F%2Fal-bakri.milazar-media.de%2Fwp-content%2Fuploads%2F2025%2F01%2FSupacolour_WE.BL_.SB_SM_60x60.zip\u00a0\u00bb el_class=\u00a0\u00bbd4-cr-sm\u00a0\u00bb][vc_btn title=\u00a0\u00bbLC\u00a0\u00bb size=\u00a0\u00bblg\u00a0\u00bb css=\u00a0\u00bb\u00a0\u00bb link=\u00a0\u00bburl:http%3A%2F%2Fal-bakri.milazar-media.de%2Fwp-content%2Fuploads%2F2025%2F01%2FSupacolour_WE.BL_.SB_LC_100x100.zip\u00a0\u00bb el_class=\u00a0\u00bbd4-cr-lc\u00a0\u00bb][vc_btn title=\u00a0\u00bbA5&Prime; size=\u00a0\u00bblg\u00a0\u00bb css=\u00a0\u00bb\u00a0\u00bb link=\u00a0\u00bburl:http%3A%2F%2Fal-bakri.milazar-media.de%2Fwp-content%2Fuploads%2F2025%2F01%2FSupacolour_WE.BL_.SB_A5_210x150.zip\u00a0\u00bb el_class=\u00a0\u00bbd4-cr-a5&Prime;][vc_btn title=\u00a0\u00bbA5 Long\u00a0\u00bb size=\u00a0\u00bblg\u00a0\u00bb css=\u00a0\u00bb\u00a0\u00bb link=\u00a0\u00bburl:http%3A%2F%2Fal-bakri.milazar-media.de%2Fwp-content%2Fuploads%2F2025%2F01%2FSupacolour_WE.BL_.SB_A5_Long_105x300.zip\u00a0\u00bb el_class=\u00a0\u00bbd4-cr-a5-long\u00a0\u00bb][vc_btn title=\u00a0\u00bbA4&Prime; size=\u00a0\u00bblg\u00a0\u00bb css=\u00a0\u00bb\u00a0\u00bb link=\u00a0\u00bburl:http%3A%2F%2Fal-bakri.milazar-media.de%2Fwp-content%2Fuploads%2F2025%2F01%2FSupacolour_WE.BL_.SB_A4_210x300.zip\u00a0\u00bb el_class=\u00a0\u00bbd4-cr-a4&Prime;][vc_btn title=\u00a0\u00bbA4 Long\u00a0\u00bb size=\u00a0\u00bblg\u00a0\u00bb css=\u00a0\u00bb\u00a0\u00bb link=\u00a0\u00bburl:http%3A%2F%2Fal-bakri.milazar-media.de%2Fwp-content%2Fuploads%2F2025%2F01%2FSupacolour_WE.BL_.SB_A4_Long_150x420.zip\u00a0\u00bb el_class=\u00a0\u00bbd4-cr-a4-long\u00a0\u00bb][vc_btn title=\u00a0\u00bbSQ\u00a0\u00bb size=\u00a0\u00bblg\u00a0\u00bb css=\u00a0\u00bb\u00a0\u00bb link=\u00a0\u00bburl:http%3A%2F%2Fal-bakri.milazar-media.de%2Fwp-content%2Fuploads%2F2025%2F01%2FSupacolour_WE.BL_.SB_SQ_300x300.zip\u00a0\u00bb el_class=\u00a0\u00bbd4-cr-sq\u00a0\u00bb][vc_btn title=\u00a0\u00bbA3&Prime; size=\u00a0\u00bblg\u00a0\u00bb css=\u00a0\u00bb\u00a0\u00bb link=\u00a0\u00bburl:http%3A%2F%2Fal-bakri.milazar-media.de%2Fwp-content%2Fuploads%2F2025%2F01%2FSupacolour_WE.BL_.SB_A3_300x420.zip\u00a0\u00bb el_class=\u00a0\u00bbd4-cr-a3&Prime;][vc_btn title=\u00a0\u00bbSupaGang\u00a0\u00bb size=\u00a0\u00bblg\u00a0\u00bb css=\u00a0\u00bb\u00a0\u00bb link=\u00a0\u00bburl:http%3A%2F%2Fal-bakri.milazar-media.de%2Fwp-content%2Fuploads%2F2025%2F01%2FSupacolour_WE.BL_.SB_SUPAGANG_300x420.zip\u00a0\u00bb el_class=\u00a0\u00bbd4-cr-supagang-colour\u00a0\u00bb][\/vc_column][\/vc_row][vc_row css=\u00a0\u00bb.vc_custom_1737650650517{margin-bottom: 40px !important;}\u00a0\u00bb][vc_column][vc_column_text css=\u00a0\u00bb\u00a0\u00bb]<\/p>\n<h2 id=\"headline-113-12\" class=\"ct-headline\" style=\"text-align: center;\"><span style=\"color: #ffffff;\">Coiffure.<\/span><\/h2>\n<p>[\/vc_column_text][\/vc_column][\/vc_row][vc_row css=\u00a0\u00bb.vc_custom_1737651116030{margin-bottom: 40px !important;background-color: #34343300 !important;}\u00a0\u00bb][vc_column width=\u00a0\u00bb1\/2&Prime; css=\u00a0\u00bb.vc_custom_1737712160443{background-color: #343433 !important;}\u00a0\u00bb][vc_single_image image=\u00a0\u00bb6505&Prime; img_size=\u00a0\u00bb580&#215;580&Prime; css=\u00a0\u00bb\u00a0\u00bb][vc_btn title=\u00a0\u00bbT\u00e9l\u00e9charger tous les mod\u00e8les\u00a0\u00bb size=\u00a0\u00bblg\u00a0\u00bb css=\u00a0\u00bb.vc_custom_1737970319982{padding-top: 10px !important;}\u00a0\u00bb link=\u00a0\u00bburl:http%3A%2F%2Fal-bakri.milazar-media.de%2Fwp-content%2Fuploads%2F2025%2F01%2FSupacolour_HW_CAP_All.zip\u00a0\u00bb el_class=\u00a0\u00bbd4-cr-cap\u00a0\u00bb][\/vc_column][vc_column width=\u00a0\u00bb1\/2&Prime; css=\u00a0\u00bb.vc_custom_1737651123381{background-color: #343433 !important;}\u00a0\u00bb][vc_single_image image=\u00a0\u00bb6561&Prime; img_size=\u00a0\u00bbfull\u00a0\u00bb css=\u00a0\u00bb.vc_custom_1737734224395{margin-top: 20px !important;}\u00a0\u00bb][vc_column_text css=\u00a0\u00bb\u00a0\u00bb]<\/p>\n<h3 id=\"headline-193-12\" class=\"ct-headline\">Tailles disponibles.<\/h3>\n<p>[\/vc_column_text][vc_btn title=\u00a0\u00bbSM\u00a0\u00bb size=\u00a0\u00bblg\u00a0\u00bb css=\u00a0\u00bb\u00a0\u00bb link=\u00a0\u00bburl:http%3A%2F%2Fal-bakri.milazar-media.de%2Fwp-content%2Fuploads%2F2025%2F01%2FSupacolour_HW_CAP_SM_60x60.zip\u00a0\u00bb el_class=\u00a0\u00bbd4-cr-sm\u00a0\u00bb][vc_btn title=\u00a0\u00bbLG\u00a0\u00bb size=\u00a0\u00bblg\u00a0\u00bb css=\u00a0\u00bb\u00a0\u00bb link=\u00a0\u00bburl:http%3A%2F%2Fal-bakri.milazar-media.de%2Fwp-content%2Fuploads%2F2025%2F01%2FSupacolour_HW_CAP_LG_120x60.zip\u00a0\u00bb el_class=\u00a0\u00bbd4-cr-lg\u00a0\u00bb][\/vc_column][\/vc_row][vc_row css=\u00a0\u00bb.vc_custom_1737650660422{margin-bottom: 40px !important;}\u00a0\u00bb][vc_column][vc_column_text css=\u00a0\u00bb\u00a0\u00bb]<\/p>\n<h2 id=\"headline-113-12\" class=\"ct-headline\" style=\"text-align: center;\"><span style=\"color: #ffffff;\">Promotionnel.<\/span><\/h2>\n<p>[\/vc_column_text][\/vc_column][\/vc_row][vc_row css=\u00a0\u00bb.vc_custom_1737651129713{margin-bottom: 40px !important;background-color: #34343300 !important;}\u00a0\u00bb][vc_column width=\u00a0\u00bb1\/2&Prime; css=\u00a0\u00bb.vc_custom_1737712166430{background-color: #343433 !important;}\u00a0\u00bb][vc_single_image image=\u00a0\u00bb6516&Prime; img_size=\u00a0\u00bb580&#215;580&Prime; css=\u00a0\u00bb\u00a0\u00bb][vc_btn title=\u00a0\u00bbT\u00e9l\u00e9charger tous les mod\u00e8les\u00a0\u00bb size=\u00a0\u00bblg\u00a0\u00bb css=\u00a0\u00bb.vc_custom_1737970333720{padding-top: 10px !important;}\u00a0\u00bb link=\u00a0\u00bburl:http%3A%2F%2Fal-bakri.milazar-media.de%2Fwp-content%2Fuploads%2F2025%2F01%2FSupacolour_PR_BAG_All.zip\u00a0\u00bb el_class=\u00a0\u00bbd4-cr-bag\u00a0\u00bb][\/vc_column][vc_column width=\u00a0\u00bb1\/2&Prime; css=\u00a0\u00bb.vc_custom_1737651137930{background-color: #343433 !important;}\u00a0\u00bb][vc_single_image image=\u00a0\u00bb6555&Prime; img_size=\u00a0\u00bbfull\u00a0\u00bb css=\u00a0\u00bb.vc_custom_1737734235814{margin-top: 20px !important;}\u00a0\u00bb][vc_column_text css=\u00a0\u00bb\u00a0\u00bb]<\/p>\n<h3 id=\"headline-193-12\" class=\"ct-headline\">Tailles disponibles.<\/h3>\n<p>[\/vc_column_text][vc_btn title=\u00a0\u00bbA6&Prime; size=\u00a0\u00bblg\u00a0\u00bb css=\u00a0\u00bb\u00a0\u00bb link=\u00a0\u00bburl:http%3A%2F%2Fal-bakri.milazar-media.de%2Fwp-content%2Fuploads%2F2025%2F01%2FSupacolour_PR_BAG_A6_105x150.zip\u00a0\u00bb el_class=\u00a0\u00bbd4-cr-a6&Prime;][vc_btn title=\u00a0\u00bbA5&Prime; size=\u00a0\u00bblg\u00a0\u00bb css=\u00a0\u00bb\u00a0\u00bb link=\u00a0\u00bburl:http%3A%2F%2Fal-bakri.milazar-media.de%2Fwp-content%2Fuploads%2F2025%2F01%2FSupacolour_PR_BAG_A5_150x210.zip\u00a0\u00bb el_class=\u00a0\u00bbd4-cr-a5&Prime;][vc_btn title=\u00a0\u00bbA5 Long\u00a0\u00bb size=\u00a0\u00bblg\u00a0\u00bb css=\u00a0\u00bb\u00a0\u00bb link=\u00a0\u00bburl:http%3A%2F%2Fal-bakri.milazar-media.de%2Fwp-content%2Fuploads%2F2025%2F01%2FSupacolour_PR_BAG_A5_Long_105x300.zip\u00a0\u00bb el_class=\u00a0\u00bbd4-cr-a5-long\u00a0\u00bb][vc_btn title=\u00a0\u00bbA4&Prime; size=\u00a0\u00bblg\u00a0\u00bb css=\u00a0\u00bb\u00a0\u00bb link=\u00a0\u00bburl:http%3A%2F%2Fal-bakri.milazar-media.de%2Fwp-content%2Fuploads%2F2025%2F01%2FSupacolour_PR_BAG_A4_300x210.zip\u00a0\u00bb el_class=\u00a0\u00bbd4-cr-a4&Prime;][vc_btn title=\u00a0\u00bbA4 Long\u00a0\u00bb size=\u00a0\u00bblg\u00a0\u00bb css=\u00a0\u00bb\u00a0\u00bb link=\u00a0\u00bburl:http%3A%2F%2Fal-bakri.milazar-media.de%2Fwp-content%2Fuploads%2F2025%2F01%2FSupacolour_PR_BAG_A4_Long_150x420.zip\u00a0\u00bb el_class=\u00a0\u00bbd4-cr-a4-long\u00a0\u00bb][vc_btn title=\u00a0\u00bbA3&Prime; size=\u00a0\u00bblg\u00a0\u00bb css=\u00a0\u00bb\u00a0\u00bb link=\u00a0\u00bburl:http%3A%2F%2Fal-bakri.milazar-media.de%2Fwp-content%2Fuploads%2F2025%2F01%2FSupacolour_PR_BAG_A3_300x420.zip\u00a0\u00bb el_class=\u00a0\u00bbd4-cr-a3&Prime;][\/vc_column][\/vc_row]<\/p>\n<\/div>","protected":false},"excerpt":{"rendered":"<p>[vc_row fullwidth=\u00a0\u00bb1&Prime;][vc_column][vc_raw_html css=\u00a0\u00bb\u00a0\u00bb]JTVCcmV2X3NsaWRlciUyMGFsaWFzJTNEJTIyc2xpZGVyLWRydWNrdm9ybGFnZS1mciUyMiU1RCU1QiUyRnJldl9zbGlkZXIlNUQ=[\/vc_raw_html][\/vc_column][\/vc_row][vc_row css=\u00a0\u00bb.vc_custom_1737650616034{margin-top: 40px !important;margin-bottom: 40px !important;}\u00a0\u00bb][vc_column][vc_column_text css=\u00a0\u00bb\u00a0\u00bb] Des mod\u00e8les pour vous aider \u00e0 imprimer comme un pro. Gr\u00e2ce \u00e0 nos mod\u00e8les, il est d\u00e9sormais facile de d\u00e9terminer la taille de Supacolour dont vous avez besoin et de pr\u00e9parer vos \u0153uvres d\u2019art. Il vous suffit de choisir la taille de transfert qui vous convient, [&hellip;]<\/p>\n","protected":false},"author":2,"featured_media":0,"parent":0,"menu_order":0,"comment_status":"closed","ping_status":"open","template":"","meta":{"_acf_changed":false,"footnotes":""},"class_list":["post-5600","page","type-page","status-publish","hentry"],"featured_image_src":null,"acf":[],"_links":{"self":[{"href":"https:\/\/supacolour.eu\/fr\/wp-json\/wp\/v2\/pages\/5600","targetHints":{"allow":["GET"]}}],"collection":[{"href":"https:\/\/supacolour.eu\/fr\/wp-json\/wp\/v2\/pages"}],"about":[{"href":"https:\/\/supacolour.eu\/fr\/wp-json\/wp\/v2\/types\/page"}],"author":[{"embeddable":true,"href":"https:\/\/supacolour.eu\/fr\/wp-json\/wp\/v2\/users\/2"}],"replies":[{"embeddable":true,"href":"https:\/\/supacolour.eu\/fr\/wp-json\/wp\/v2\/comments?post=5600"}],"version-history":[{"count":7,"href":"https:\/\/supacolour.eu\/fr\/wp-json\/wp\/v2\/pages\/5600\/revisions"}],"predecessor-version":[{"id":6924,"href":"https:\/\/supacolour.eu\/fr\/wp-json\/wp\/v2\/pages\/5600\/revisions\/6924"}],"wp:attachment":[{"href":"https:\/\/supacolour.eu\/fr\/wp-json\/wp\/v2\/media?parent=5600"}],"curies":[{"name":"wp","href":"https:\/\/api.w.org\/{rel}","templated":true}]}}