{"id":5613,"date":"2025-01-04T12:25:53","date_gmt":"2025-01-04T11:25:53","guid":{"rendered":"http:\/\/al-bakri.milazar-media.de\/?page_id=5613"},"modified":"2025-04-02T10:06:51","modified_gmt":"2025-04-02T08:06:51","slug":"informations-sur-lexpedition","status":"publish","type":"page","link":"https:\/\/supacolour.eu\/fr\/informations-sur-lexpedition\/","title":{"rendered":"Informations sur l&rsquo;exp\u00e9dition"},"content":{"rendered":"<div class=\"wpb-content-wrapper\"><p>[vc_row][vc_column][vc_column_text css=\u00a0\u00bb.vc_custom_1743581208876{margin-top: 35px !important;}\u00a0\u00bb]Informations sur l&rsquo;exp\u00e9dition<br \/>\nNous travaillons avec les principaux prestataires de services d&rsquo;exp\u00e9dition<br \/>\nFedEx,DHL et UPS afin de livrer vos<br \/>\nlivrer les commandes rapidement et en toute s\u00e9curit\u00e9.<br \/>\nD\u00e9lais de traitement et de livraison<\/p>\n<p>\u25cf Commandes pass\u00e9es avant 9h00 : elles sont trait\u00e9es le jour ouvrable m\u00eame.<br \/>\net exp\u00e9di\u00e9es.<\/p>\n<p>\u25cf Commandes pass\u00e9es apr\u00e8s 9h00 : exp\u00e9dition le jour ouvrable suivant.<br \/>\nD\u00e9lais de livraison (en fonction de votre s\u00e9lection) :<\/p>\n<p>\u25cf Envoi standard : 2 &#8211; 5 jours ouvrables<\/p>\n<p>\u25cf Envoi express : 1 &#8211; 2 jours ouvrables<\/p>\n<p>Frais d&rsquo;exp\u00e9dition<br \/>\nLes frais d&rsquo;exp\u00e9dition d\u00e9pendent du poids, de la taille et de la destination de l&rsquo;envoi. Les frais exacts vous sont indiqu\u00e9s pendant le processus de commande.<br \/>\nSuivi de l&rsquo;envoi Apr\u00e8s l&rsquo;envoi de votre commande, vous recevrez un e-mail avec votre num\u00e9ro de suivi. Celui-ci vous permet de v\u00e9rifier \u00e0 tout moment le statut de votre envoi en ligne :<\/p>\n<p>\u25cf FedEx : www.fedex.com<\/p>\n<p>\u25cf DHL : www.dhl.de<\/p>\n<p>\u25cf UPS : www.ups.com<\/p>\n<p>Informations compl\u00e9mentaires :<\/p>\n<p>\u25cf Frais de douane : Les envois internationaux peuvent \u00eatre soumis \u00e0 des frais de douane ou d&rsquo;importation suppl\u00e9mentaires, qui sont \u00e0 la charge du destinataire.<\/p>\n<p>\u25cf Assurance transport : votre livraison est assur\u00e9e par d\u00e9faut. Sur demande<br \/>\nil est possible de souscrire une assurance transport suppl\u00e9mentaire. Service client\u00e8le<br \/>\nSi vous avez des souhaits particuliers en mati\u00e8re d&rsquo;exp\u00e9dition ou si vous avez besoin d&rsquo;assistance, notre service client\u00e8le se tient \u00e0 votre disposition.[\/vc_column_text][\/vc_column][\/vc_row]<\/p>\n<\/div>","protected":false},"excerpt":{"rendered":"<p>[vc_row][vc_column][vc_column_text css=\u00a0\u00bb.vc_custom_1743581208876{margin-top: 35px !important;}\u00a0\u00bb]Informations sur l&rsquo;exp\u00e9dition Nous travaillons avec les principaux prestataires de services d&rsquo;exp\u00e9dition FedEx,DHL et UPS afin de livrer vos livrer les commandes rapidement et en toute s\u00e9curit\u00e9. D\u00e9lais de traitement et de livraison \u25cf Commandes pass\u00e9es avant 9h00 : elles sont trait\u00e9es le jour ouvrable m\u00eame. et exp\u00e9di\u00e9es. \u25cf Commandes pass\u00e9es apr\u00e8s [&hellip;]<\/p>\n","protected":false},"author":2,"featured_media":0,"parent":0,"menu_order":0,"comment_status":"closed","ping_status":"open","template":"","meta":{"_acf_changed":false,"footnotes":""},"class_list":["post-5613","page","type-page","status-publish","hentry"],"featured_image_src":null,"acf":[],"_links":{"self":[{"href":"https:\/\/supacolour.eu\/fr\/wp-json\/wp\/v2\/pages\/5613","targetHints":{"allow":["GET"]}}],"collection":[{"href":"https:\/\/supacolour.eu\/fr\/wp-json\/wp\/v2\/pages"}],"about":[{"href":"https:\/\/supacolour.eu\/fr\/wp-json\/wp\/v2\/types\/page"}],"author":[{"embeddable":true,"href":"https:\/\/supacolour.eu\/fr\/wp-json\/wp\/v2\/users\/2"}],"replies":[{"embeddable":true,"href":"https:\/\/supacolour.eu\/fr\/wp-json\/wp\/v2\/comments?post=5613"}],"version-history":[{"count":2,"href":"https:\/\/supacolour.eu\/fr\/wp-json\/wp\/v2\/pages\/5613\/revisions"}],"predecessor-version":[{"id":7516,"href":"https:\/\/supacolour.eu\/fr\/wp-json\/wp\/v2\/pages\/5613\/revisions\/7516"}],"wp:attachment":[{"href":"https:\/\/supacolour.eu\/fr\/wp-json\/wp\/v2\/media?parent=5613"}],"curies":[{"name":"wp","href":"https:\/\/api.w.org\/{rel}","templated":true}]}}