{"id":9945,"date":"2026-02-26T12:19:48","date_gmt":"2026-02-26T11:19:48","guid":{"rendered":"https:\/\/supacolour.eu\/apercu-des-transferts\/"},"modified":"2026-03-05T10:11:05","modified_gmt":"2026-03-05T09:11:05","slug":"apercu-des-transferts","status":"publish","type":"page","link":"https:\/\/supacolour.eu\/fr\/apercu-des-transferts\/","title":{"rendered":"Aper\u00e7u des transferts"},"content":{"rendered":"\n<h2 class=\"wp-block-heading has-text-align-center has-x-large-font-size\">&#8211; Transfert &#8211; Aper\u00e7u &#8211;<\/h2>\n\n<hr class=\"wp-block-separator has-alpha-channel-opacity\"\/>\n\n<figure class=\"wp-block-table aligncenter\"><table><tbody><tr><td class=\"has-text-align-left\" data-align=\"left\">Utilisation unique = un transfert monochrome ou un transfert multicolore sur une feuille<\/td><\/tr><tr><td class=\"has-text-align-left\" data-align=\"left\">Usage multiple = plusieurs transferts diff\u00e9rents sur une m\u00eame arche<\/td><\/tr><\/tbody><\/table><\/figure>\n\n<div class=\"wp-block-group is-horizontal is-content-justification-center is-nowrap is-layout-flex wp-container-core-group-is-layout-7c17ba18 wp-block-group-is-layout-flex\">\n<div class=\"wp-block-columns is-layout-flex wp-container-core-columns-is-layout-9d6595d7 wp-block-columns-is-layout-flex\">\n<div class=\"wp-block-column is-vertically-aligned-stretch is-layout-flow wp-block-column-is-layout-flow\" style=\"flex-basis:290px\"><div class=\"wp-block-image is-style-default\">\n<figure class=\"aligncenter size-large is-resized\"><a href=\"https:\/\/supacolour.eu\/fr\/produkt-kategorie\/transfer-fr\/supadtf-fr\/\"><img loading=\"lazy\" decoding=\"async\" width=\"595\" height=\"346\" src=\"https:\/\/supacolour.eu\/wp-content\/uploads\/2025\/03\/DTF-Templates-DF-Logo-595x346.jpg\" alt=\"\" class=\"wp-image-7429\" style=\"aspect-ratio:1.719721486711778;width:210px;height:auto\" srcset=\"https:\/\/supacolour.eu\/wp-content\/uploads\/2025\/03\/DTF-Templates-DF-Logo-595x346.jpg 595w, https:\/\/supacolour.eu\/wp-content\/uploads\/2025\/03\/DTF-Templates-DF-Logo-350x203.jpg 350w, https:\/\/supacolour.eu\/wp-content\/uploads\/2025\/03\/DTF-Templates-DF-Logo-150x87.jpg 150w, https:\/\/supacolour.eu\/wp-content\/uploads\/2025\/03\/DTF-Templates-DF-Logo-768x446.jpg 768w, https:\/\/supacolour.eu\/wp-content\/uploads\/2025\/03\/DTF-Templates-DF-Logo-450x262.jpg 450w, https:\/\/supacolour.eu\/wp-content\/uploads\/2025\/03\/DTF-Templates-DF-Logo.jpg 800w\" sizes=\"auto, (max-width: 595px) 100vw, 595px\" \/><\/a><\/figure>\n<\/div>\n\n\n<h2 class=\"wp-block-heading has-text-align-center\"><strong><mark style=\"background-color:rgba(0, 0, 0, 0)\" class=\"has-inline-color has-cyan-bluish-gray-color\"><a href=\"https:\/\/supacolour.eu\/fr\/produkt-kategorie\/transfer-fr\/supadtf-fr\/\">SupaDTF<\/a><\/mark><\/strong><\/h2>\n\n\n\n<h2 class=\"wp-block-heading has-text-align-left has-small-font-size\">Transferts direct-to-film de haute qualit\u00e9 pour le coton, les tissus mixtes, le polyester, les sweat-shirts et les hoodies. Id\u00e9al pour les motifs photor\u00e9alistes. <\/h2>\n<\/div>\n\n\n\n<div class=\"wp-block-column is-vertically-aligned-stretch is-layout-flow wp-block-column-is-layout-flow\" style=\"flex-basis:290px\"><div class=\"wp-block-image\">\n<figure class=\"aligncenter size-full is-resized\"><a href=\"https:\/\/supacolour.eu\/fr\/produkt-kategorie\/transfer-fr\/wearable-fr\/\"><img loading=\"lazy\" decoding=\"async\" width=\"559\" height=\"325\" src=\"https:\/\/supacolour.eu\/wp-content\/uploads\/2025\/03\/We-1.jpg\" alt=\"\" class=\"wp-image-7459\" style=\"aspect-ratio:1.7202275848538355;width:207px;height:auto\" srcset=\"https:\/\/supacolour.eu\/wp-content\/uploads\/2025\/03\/We-1.jpg 559w, https:\/\/supacolour.eu\/wp-content\/uploads\/2025\/03\/We-1-350x203.jpg 350w, https:\/\/supacolour.eu\/wp-content\/uploads\/2025\/03\/We-1-150x87.jpg 150w, https:\/\/supacolour.eu\/wp-content\/uploads\/2025\/03\/We-1-450x262.jpg 450w\" sizes=\"auto, (max-width: 559px) 100vw, 559px\" \/><\/a><\/figure>\n<\/div>\n\n\n<h2 class=\"wp-block-heading has-text-align-center\"><strong><a href=\"https:\/\/supacolour.eu\/fr\/produkt-kategorie\/transfer-fr\/wearable-fr\/\">Wearable<\/a><\/strong><\/h2>\n\n\n\n<h2 class=\"wp-block-heading has-text-align-left has-small-font-size\">Transfert s\u00e9rigraphique multicolore de haute qualit\u00e9 pour une finition textile professionnelle. Couleurs brillantes, grande r\u00e9sistance au lavage et facilit\u00e9 de traitement. <\/h2>\n\n\n\n<p class=\"has-text-align-left has-small-font-size\"><strong>\ud83d\udda8\ufe0f<\/strong><em>Technologie hybride : impression num\u00e9rique HP Indigo + finition s\u00e9rigraphique avec fond blanc et adh\u00e9sif<\/em><\/p>\n<\/div>\n\n\n\n<div class=\"wp-block-column is-vertically-aligned-stretch is-layout-flow wp-block-column-is-layout-flow\" style=\"flex-basis:290px\"><div class=\"wp-block-image\">\n<figure class=\"aligncenter size-full is-resized\"><a href=\"https:\/\/supacolour.eu\/fr\/produkt-kategorie\/transfer-fr\/blocker-fr\/\"><img loading=\"lazy\" decoding=\"async\" width=\"700\" height=\"405\" src=\"https:\/\/supacolour.eu\/wp-content\/uploads\/2025\/01\/BL.jpg\" alt=\"\" class=\"wp-image-7720\" style=\"aspect-ratio:1.7202275848538355;width:204px;height:auto\" srcset=\"https:\/\/supacolour.eu\/wp-content\/uploads\/2025\/01\/BL.jpg 700w, https:\/\/supacolour.eu\/wp-content\/uploads\/2025\/01\/BL-350x203.jpg 350w, https:\/\/supacolour.eu\/wp-content\/uploads\/2025\/01\/BL-595x344.jpg 595w, https:\/\/supacolour.eu\/wp-content\/uploads\/2025\/01\/BL-150x87.jpg 150w, https:\/\/supacolour.eu\/wp-content\/uploads\/2025\/01\/BL-450x260.jpg 450w\" sizes=\"auto, (max-width: 700px) 100vw, 700px\" \/><\/a><\/figure>\n<\/div>\n\n\n<h2 class=\"wp-block-heading has-text-align-center\"><a href=\"https:\/\/supacolour.eu\/fr\/produkt-kategorie\/transfer-fr\/blocker-fr\/\"><strong>Bloqueur<\/strong><\/a><\/h2>\n\n\n\n<h2 class=\"wp-block-heading has-text-align-left has-small-font-size\">Transferts s\u00e9rigraphiques sp\u00e9cialement con\u00e7us avec une couche de blocage int\u00e9gr\u00e9e contre la migration des couleurs. Id\u00e9al pour les textiles probl\u00e9matiques comme le polyester ou les tissus sublim\u00e9s. <\/h2>\n\n\n\n<p class=\"has-text-align-left has-small-font-size\"><strong>\ud83d\udda8\ufe0f<\/strong><em>Technologie hybride : impression num\u00e9rique HP Indigo + finition s\u00e9rigraphique avec couche de blocage<\/em><\/p>\n<\/div>\n\n\n\n<div class=\"wp-block-column is-vertically-aligned-top is-layout-flow wp-block-column-is-layout-flow\" style=\"flex-basis:290px\"><div class=\"wp-block-image\">\n<figure class=\"aligncenter size-full is-resized\"><a href=\"https:\/\/supacolour.eu\/fr\/produkt-kategorie\/transfer-fr\/softshell-blocker-fr\/\" rel=\"https:\/\/supacolour.eu\/produkt-kategorie\/transfers\/softshell-blocker\/\"><img loading=\"lazy\" decoding=\"async\" width=\"559\" height=\"325\" src=\"https:\/\/supacolour.eu\/wp-content\/uploads\/2025\/03\/SB-1.jpg\" alt=\"\" class=\"wp-image-7454\" style=\"aspect-ratio:1.7202275848538355;width:204px;height:auto\" srcset=\"https:\/\/supacolour.eu\/wp-content\/uploads\/2025\/03\/SB-1.jpg 559w, https:\/\/supacolour.eu\/wp-content\/uploads\/2025\/03\/SB-1-350x203.jpg 350w, https:\/\/supacolour.eu\/wp-content\/uploads\/2025\/03\/SB-1-150x87.jpg 150w, https:\/\/supacolour.eu\/wp-content\/uploads\/2025\/03\/SB-1-450x262.jpg 450w\" sizes=\"auto, (max-width: 559px) 100vw, 559px\" \/><\/a><\/figure>\n<\/div>\n\n\n<h2 class=\"wp-block-heading has-text-align-center\"><a href=\"https:\/\/supacolour.eu\/fr\/produkt-kategorie\/transfer-fr\/softshell-blocker-fr\/\"><strong>Softshell<\/strong><\/a><\/h2>\n\n\n\n<h2 class=\"wp-block-heading has-text-align-left has-small-font-size\">Sp\u00e9cialement con\u00e7u pour les textiles softshell. Haute brillance des couleurs avec couche de blocage int\u00e9gr\u00e9e contre la migration des couleurs. Parfait pour les v\u00eatements d&rsquo;ext\u00e9rieur.  <\/h2>\n\n\n\n<p class=\"has-text-align-left has-small-font-size\"><strong>\ud83d\udda8\ufe0f<\/strong><em>Technologie hybride : impression num\u00e9rique HP Indigo + finition s\u00e9rigraphique avec bloqueur Softshell<\/em><\/p>\n<\/div>\n\n\n\n<div class=\"wp-block-column is-vertically-aligned-top is-layout-flow wp-block-column-is-layout-flow\" style=\"flex-basis:290px\"><div class=\"wp-block-image is-style-default\">\n<figure class=\"aligncenter size-large is-resized\"><a href=\"https:\/\/supacolour.eu\/produkt-kategorie\/transfer-fr\/supareflective\/\"><img loading=\"lazy\" decoding=\"async\" width=\"595\" height=\"345\" src=\"https:\/\/supacolour.eu\/wp-content\/uploads\/2026\/02\/SR-1-1-595x345.jpg\" alt=\"\" class=\"wp-image-8989\" style=\"aspect-ratio:1.719721486711778;object-fit:cover;width:207px\" srcset=\"https:\/\/supacolour.eu\/wp-content\/uploads\/2026\/02\/SR-1-1-595x345.jpg 595w, https:\/\/supacolour.eu\/wp-content\/uploads\/2026\/02\/SR-1-1-350x203.jpg 350w, https:\/\/supacolour.eu\/wp-content\/uploads\/2026\/02\/SR-1-1-150x87.jpg 150w, https:\/\/supacolour.eu\/wp-content\/uploads\/2026\/02\/SR-1-1-768x445.jpg 768w, https:\/\/supacolour.eu\/wp-content\/uploads\/2026\/02\/SR-1-1-450x261.jpg 450w, https:\/\/supacolour.eu\/wp-content\/uploads\/2026\/02\/SR-1-1.jpg 845w\" sizes=\"auto, (max-width: 595px) 100vw, 595px\" \/><\/a><\/figure>\n<\/div>\n\n\n<h2 class=\"wp-block-heading has-text-align-center\"><mark style=\"background-color:rgba(0, 0, 0, 0)\" class=\"has-inline-color has-cyan-bluish-gray-color\"><a href=\"https:\/\/supacolour.eu\/produkt-kategorie\/transfer-fr\/supareflective\/\"><strong>SupaReflective<\/strong><\/a><\/mark><\/h2>\n\n\n\n<h2 class=\"wp-block-heading has-text-align-left has-small-font-size\">Transferts r\u00e9fl\u00e9chissants argent\u00e9s pour les gilets de s\u00e9curit\u00e9, les vestes de signalisation et toutes les applications n\u00e9cessitant une visibilit\u00e9 accrue.<\/h2>\n\n\n\n<p class=\"has-text-align-left has-small-font-size\"><strong>\ud83d\udda8\ufe0f<\/strong><em>Technologie hybride : impression num\u00e9rique HP Indigo + finition s\u00e9rigraphique avec couche r\u00e9fl\u00e9chissante<\/em><\/p>\n<\/div>\n<\/div>\n<\/div>\n\n<div class=\"wp-block-group is-vertical is-content-justification-center is-layout-flex wp-container-core-group-is-layout-4b2eccd6 wp-block-group-is-layout-flex\">\n<div class=\"wp-block-columns is-layout-flex wp-container-core-columns-is-layout-9d6595d7 wp-block-columns-is-layout-flex\">\n<div class=\"wp-block-column is-vertically-aligned-stretch is-layout-flow wp-block-column-is-layout-flow\" style=\"flex-basis:290px\"><div class=\"wp-block-image\">\n<figure class=\"aligncenter size-full is-resized\"><a href=\"https:\/\/supacolour.eu\/fr\/produkt-kategorie\/transfer-fr\/industrial-wash-fr\/\"><img loading=\"lazy\" decoding=\"async\" width=\"596\" height=\"344\" src=\"https:\/\/supacolour.eu\/wp-content\/uploads\/2025\/03\/IW.jpg\" alt=\"\" class=\"wp-image-7444\" style=\"aspect-ratio:1.7202275848538355;width:207px;height:auto\" srcset=\"https:\/\/supacolour.eu\/wp-content\/uploads\/2025\/03\/IW.jpg 596w, https:\/\/supacolour.eu\/wp-content\/uploads\/2025\/03\/IW-350x202.jpg 350w, https:\/\/supacolour.eu\/wp-content\/uploads\/2025\/03\/IW-150x87.jpg 150w, https:\/\/supacolour.eu\/wp-content\/uploads\/2025\/03\/IW-450x260.jpg 450w\" sizes=\"auto, (max-width: 596px) 100vw, 596px\" \/><\/a><\/figure>\n<\/div>\n\n\n<h2 class=\"wp-block-heading has-text-align-center\"><strong><a href=\"https:\/\/supacolour.eu\/fr\/produkt-kategorie\/transfer-fr\/wearable-fr\/\">Industri<\/a><a href=\"https:\/\/supacolour.eu\/fr\/produkt-kategorie\/transfer-fr\/industrial-wash-fr\/\">a<\/a><a href=\"https:\/\/supacolour.eu\/fr\/produkt-kategorie\/transfer-fr\/wearable-fr\/\">l Wash<\/a><\/strong><\/h2>\n\n\n\n<h2 class=\"wp-block-heading has-text-align-left has-small-font-size\">Industrial Wash &#8211; Transferts extr\u00eamement r\u00e9sistants pour les textiles soumis \u00e0 des lavages industriels fr\u00e9quents. Premier choix pour les v\u00eatements de travail et professionnels. <\/h2>\n\n\n\n<p class=\"has-text-align-left has-small-font-size\"><strong>\ud83d\udda8\ufe0f<\/strong><em>Technologie hybride : impression num\u00e9rique HP Indigo + finition s\u00e9rigraphique avec adh\u00e9sif industriel<\/em><\/p>\n<\/div>\n\n\n\n<div class=\"wp-block-column is-vertically-aligned-stretch is-layout-flow wp-block-column-is-layout-flow\" style=\"flex-basis:290px\"><div class=\"wp-block-image\">\n<figure class=\"aligncenter size-full is-resized\"><a href=\"https:\/\/supacolour.eu\/fr\/produkt-kategorie\/transfer-fr\/headwear-fr\/\"><img loading=\"lazy\" decoding=\"async\" width=\"559\" height=\"325\" src=\"https:\/\/supacolour.eu\/wp-content\/uploads\/2025\/03\/Hw-1.jpg\" alt=\"\" class=\"wp-image-7434\" style=\"aspect-ratio:1.7202275848538355;width:204px;height:auto\" srcset=\"https:\/\/supacolour.eu\/wp-content\/uploads\/2025\/03\/Hw-1.jpg 559w, https:\/\/supacolour.eu\/wp-content\/uploads\/2025\/03\/Hw-1-350x203.jpg 350w, https:\/\/supacolour.eu\/wp-content\/uploads\/2025\/03\/Hw-1-150x87.jpg 150w, https:\/\/supacolour.eu\/wp-content\/uploads\/2025\/03\/Hw-1-450x262.jpg 450w\" sizes=\"auto, (max-width: 559px) 100vw, 559px\" \/><\/a><\/figure>\n<\/div>\n\n\n<h2 class=\"wp-block-heading has-text-align-center\"><strong><a href=\"https:\/\/supacolour.eu\/fr\/produkt-kategorie\/transfer-fr\/headwear-fr\/\">Couvre-chefs<\/a><\/strong><\/h2>\n\n\n\n<h2 class=\"wp-block-heading has-text-align-left has-small-font-size\">Headwear Heat Transfers Sp\u00e9cialement con\u00e7u pour les couvre-chefs. Impression rapide et professionnelle de casquettes, bonnets et chapeaux. <\/h2>\n\n\n\n<p class=\"has-text-align-left has-small-font-size\"><strong>\ud83d\udda8\ufe0f<\/strong><em>Technologie hybride : impression num\u00e9rique HP Indigo + finition s\u00e9rigraphique avec un adh\u00e9sif sp\u00e9cial<\/em><\/p>\n<\/div>\n\n\n\n<div class=\"wp-block-column is-vertically-aligned-stretch is-layout-flow wp-block-column-is-layout-flow\" style=\"flex-basis:290px\"><div class=\"wp-block-image\">\n<figure class=\"aligncenter size-full is-resized\"><a href=\"https:\/\/supacolour.eu\/fr\/produkt-kategorie\/transfer-fr\/promotional-fr\/\"><img loading=\"lazy\" decoding=\"async\" width=\"559\" height=\"325\" src=\"https:\/\/supacolour.eu\/wp-content\/uploads\/2025\/03\/Pr-1.jpg\" alt=\"\" class=\"wp-image-7449\" style=\"aspect-ratio:1.7202275848538355;width:204px;height:auto\" srcset=\"https:\/\/supacolour.eu\/wp-content\/uploads\/2025\/03\/Pr-1.jpg 559w, https:\/\/supacolour.eu\/wp-content\/uploads\/2025\/03\/Pr-1-350x203.jpg 350w, https:\/\/supacolour.eu\/wp-content\/uploads\/2025\/03\/Pr-1-150x87.jpg 150w, https:\/\/supacolour.eu\/wp-content\/uploads\/2025\/03\/Pr-1-450x262.jpg 450w\" sizes=\"auto, (max-width: 559px) 100vw, 559px\" \/><\/a><\/figure>\n<\/div>\n\n\n<h2 class=\"wp-block-heading has-text-align-center\"><a href=\"https:\/\/supacolour.eu\/fr\/produkt-kategorie\/transfer-fr\/promotional-fr\/\"><strong>Promotionnel<\/strong><\/a><\/h2>\n\n\n\n<h2 class=\"wp-block-heading has-text-align-left has-small-font-size\">Le sp\u00e9cialiste des articles promotionnels &amp; des mat\u00e9riaux difficiles. Sacs \u00e0 dos \/ Parapluies \/ Sacs. <\/h2>\n\n\n\n<p class=\"has-text-align-left has-small-font-size\"><strong>\ud83d\udda8\ufe0f<\/strong><em>Technologie hybride : impression num\u00e9rique HP Indigo + finition s\u00e9rigraphique avec un adh\u00e9sif sp\u00e9cial.<\/em><\/p>\n<\/div>\n\n\n\n<div class=\"wp-block-column is-vertically-aligned-stretch is-layout-flow wp-block-column-is-layout-flow\" style=\"flex-basis:290px\"><div class=\"wp-block-image\">\n<figure class=\"aligncenter size-full is-resized\"><a href=\"https:\/\/supacolour.eu\/produkt-kategorie\/transfer-fr\/lomelt\/\"><img loading=\"lazy\" decoding=\"async\" width=\"1600\" height=\"930\" src=\"https:\/\/supacolour.eu\/wp-content\/uploads\/2026\/02\/LM-1.jpg\" alt=\"\" class=\"wp-image-8791\" style=\"aspect-ratio:1.7202275848538355;object-fit:cover;width:104px\" srcset=\"https:\/\/supacolour.eu\/wp-content\/uploads\/2026\/02\/LM-1.jpg 1600w, https:\/\/supacolour.eu\/wp-content\/uploads\/2026\/02\/LM-1-350x203.jpg 350w, https:\/\/supacolour.eu\/wp-content\/uploads\/2026\/02\/LM-1-595x346.jpg 595w, https:\/\/supacolour.eu\/wp-content\/uploads\/2026\/02\/LM-1-150x87.jpg 150w, https:\/\/supacolour.eu\/wp-content\/uploads\/2026\/02\/LM-1-768x446.jpg 768w, https:\/\/supacolour.eu\/wp-content\/uploads\/2026\/02\/LM-1-1536x893.jpg 1536w, https:\/\/supacolour.eu\/wp-content\/uploads\/2026\/02\/LM-1-450x262.jpg 450w\" sizes=\"auto, (max-width: 1600px) 100vw, 1600px\" \/><\/a><\/figure>\n<\/div>\n\n<div class=\"wp-block-image\">\n<figure class=\"aligncenter size-large is-resized\"><a href=\"https:\/\/supacolour.eu\/produkt-kategorie\/transfer-fr\/lomelt\/\"><img loading=\"lazy\" decoding=\"async\" width=\"595\" height=\"345\" src=\"https:\/\/supacolour.eu\/wp-content\/uploads\/2026\/02\/LB-1-595x345.jpg\" alt=\"\" class=\"wp-image-9013\" style=\"aspect-ratio:1.724773717733825;object-fit:cover;width:104px\" srcset=\"https:\/\/supacolour.eu\/wp-content\/uploads\/2026\/02\/LB-1-595x345.jpg 595w, https:\/\/supacolour.eu\/wp-content\/uploads\/2026\/02\/LB-1-350x203.jpg 350w, https:\/\/supacolour.eu\/wp-content\/uploads\/2026\/02\/LB-1-150x87.jpg 150w, https:\/\/supacolour.eu\/wp-content\/uploads\/2026\/02\/LB-1-450x261.jpg 450w, https:\/\/supacolour.eu\/wp-content\/uploads\/2026\/02\/LB-1.jpg 696w\" sizes=\"auto, (max-width: 595px) 100vw, 595px\" \/><\/a><\/figure>\n<\/div>\n\n\n<h2 class=\"wp-block-heading has-text-align-center\"><a href=\"https:\/\/supacolour.eu\/produkt-kategorie\/transfer-fr\/lomelt\/\"><strong>LoMelt<\/strong> \/ <strong>LoMelt Blocker<\/strong><\/a><\/h2>\n\n\n\n<h2 class=\"wp-block-heading has-text-align-left has-small-font-size\">Basse temp\u00e9rature + pouvoir couvrant maximal.  <strong>Le meilleur transfert de chaleur pour les textiles techniques ou les v\u00eatements de haute qualit\u00e9 qui n\u00e9cessitent un r\u00e9glage de temp\u00e9rature plus bas sur votre presse \u00e0 transfert.<\/strong><\/h2>\n\n\n\n<p class=\"has-text-align-left has-small-font-size\">-&gt; Quelle variante ?<\/p>\n\n\n\n<p class=\"has-text-align-left has-small-font-size\"><strong>LM (sans bloqueur) :<\/strong> Pour les textiles clairs<br\/> LB<strong>(avec bloqueur) :<\/strong> Avec bloqueur pour les textiles fonc\u00e9s<\/p>\n\n\n\n<p class=\"has-text-align-left has-small-font-size\"><strong>\ud83d\udda8\ufe0f<\/strong><em>Technologie hybride : impression num\u00e9rique HP Indigo + finition s\u00e9rigraphique avec adh\u00e9sif Low-Cure<\/em><\/p>\n<\/div>\n\n\n\n<div class=\"wp-block-column is-vertically-aligned-stretch is-layout-flow wp-block-column-is-layout-flow\" style=\"flex-basis:290px\"><div class=\"wp-block-image\">\n<figure class=\"aligncenter size-full is-resized\"><a href=\"https:\/\/supacolour.eu\/produkt-kategorie\/transfer-fr\/neon\/\"><img loading=\"lazy\" decoding=\"async\" width=\"699\" height=\"405\" src=\"https:\/\/supacolour.eu\/wp-content\/uploads\/2026\/02\/NE-1-1.jpg\" alt=\"\" class=\"wp-image-9052\" style=\"aspect-ratio:1.7202275848538355;object-fit:cover;width:104px\" srcset=\"https:\/\/supacolour.eu\/wp-content\/uploads\/2026\/02\/NE-1-1.jpg 699w, https:\/\/supacolour.eu\/wp-content\/uploads\/2026\/02\/NE-1-1-350x203.jpg 350w, https:\/\/supacolour.eu\/wp-content\/uploads\/2026\/02\/NE-1-1-595x345.jpg 595w, https:\/\/supacolour.eu\/wp-content\/uploads\/2026\/02\/NE-1-1-150x87.jpg 150w, https:\/\/supacolour.eu\/wp-content\/uploads\/2026\/02\/NE-1-1-450x261.jpg 450w\" sizes=\"auto, (max-width: 699px) 100vw, 699px\" \/><\/a><\/figure>\n<\/div>\n\n<div class=\"wp-block-image\">\n<figure class=\"aligncenter size-large is-resized\"><a href=\"https:\/\/supacolour.eu\/produkt-kategorie\/transfer-fr\/neon\/\"><img loading=\"lazy\" decoding=\"async\" width=\"595\" height=\"341\" src=\"https:\/\/supacolour.eu\/wp-content\/uploads\/2026\/02\/NB-1-1-595x341.jpg\" alt=\"\" class=\"wp-image-9058\" style=\"aspect-ratio:1.724773717733825;object-fit:cover;width:104px\" srcset=\"https:\/\/supacolour.eu\/wp-content\/uploads\/2026\/02\/NB-1-1-595x341.jpg 595w, https:\/\/supacolour.eu\/wp-content\/uploads\/2026\/02\/NB-1-1-350x201.jpg 350w, https:\/\/supacolour.eu\/wp-content\/uploads\/2026\/02\/NB-1-1-150x86.jpg 150w, https:\/\/supacolour.eu\/wp-content\/uploads\/2026\/02\/NB-1-1-450x258.jpg 450w, https:\/\/supacolour.eu\/wp-content\/uploads\/2026\/02\/NB-1-1.jpg 703w\" sizes=\"auto, (max-width: 595px) 100vw, 595px\" \/><\/a><\/figure>\n<\/div>\n\n\n<h2 class=\"wp-block-heading has-text-align-center\"><a href=\"https:\/\/supacolour.eu\/produkt-kategorie\/transfer-fr\/neon\/\"><strong>N\u00e9on<\/strong> \/ <strong>Bloqueur de n\u00e9on<\/strong><\/a><\/h2>\n\n\n\n<h2 class=\"wp-block-heading has-text-align-left has-small-font-size\">Transferts n\u00e9on de haute qualit\u00e9 avec des couleurs de signalisation intens\u00e9ment lumineuses. Disponible en jaune fluo, orange fluo, rose fluo et vert fluo.   <\/h2>\n\n\n\n<p class=\"has-text-align-left has-small-font-size\">-&gt; Quelle variante ?<\/p>\n\n\n\n<p class=\"has-text-align-left has-small-font-size\"><strong>NE (sans bloqueur) :<\/strong> Pour les textiles blancs et clairs <strong>NB (avec bloqueur) :<\/strong> Pour les textiles fonc\u00e9s et color\u00e9s<\/p>\n\n\n\n<p class=\"has-text-align-left has-small-font-size\"><strong>\ud83d\udda8\ufe0f<\/strong><em>Technologie hybride : impression num\u00e9rique HP Indigo + finition s\u00e9rigraphique avec des couleurs fluo<\/em><\/p>\n<\/div>\n<\/div>\n<\/div>\n\n<p><\/p>\n","protected":false},"excerpt":{"rendered":"<p>&#8211; Transfert &#8211; Aper\u00e7u &#8211; Utilisation unique = un transfert monochrome ou un transfert multicolore sur une feuille Usage multiple = plusieurs transferts diff\u00e9rents sur une m\u00eame arche SupaDTF Transferts direct-to-film de haute qualit\u00e9 pour le coton, les tissus mixtes, le polyester, les sweat-shirts et les hoodies. Id\u00e9al pour les motifs photor\u00e9alistes. Wearable Transfert s\u00e9rigraphique [&hellip;]<\/p>\n","protected":false},"author":47,"featured_media":0,"parent":0,"menu_order":0,"comment_status":"closed","ping_status":"closed","template":"page-wrapper.php","meta":{"_acf_changed":false,"footnotes":""},"class_list":["post-9945","page","type-page","status-publish","hentry"],"featured_image_src":null,"acf":[],"_links":{"self":[{"href":"https:\/\/supacolour.eu\/fr\/wp-json\/wp\/v2\/pages\/9945","targetHints":{"allow":["GET"]}}],"collection":[{"href":"https:\/\/supacolour.eu\/fr\/wp-json\/wp\/v2\/pages"}],"about":[{"href":"https:\/\/supacolour.eu\/fr\/wp-json\/wp\/v2\/types\/page"}],"author":[{"embeddable":true,"href":"https:\/\/supacolour.eu\/fr\/wp-json\/wp\/v2\/users\/47"}],"replies":[{"embeddable":true,"href":"https:\/\/supacolour.eu\/fr\/wp-json\/wp\/v2\/comments?post=9945"}],"version-history":[{"count":1,"href":"https:\/\/supacolour.eu\/fr\/wp-json\/wp\/v2\/pages\/9945\/revisions"}],"predecessor-version":[{"id":9946,"href":"https:\/\/supacolour.eu\/fr\/wp-json\/wp\/v2\/pages\/9945\/revisions\/9946"}],"wp:attachment":[{"href":"https:\/\/supacolour.eu\/fr\/wp-json\/wp\/v2\/media?parent=9945"}],"curies":[{"name":"wp","href":"https:\/\/api.w.org\/{rel}","templated":true}]}}