{"id":5769,"date":"2025-01-06T13:11:08","date_gmt":"2025-01-06T12:11:08","guid":{"rendered":"http:\/\/al-bakri.milazar-media.de\/produkt\/supacolour-wearable-1-colour-mehrfachnutzen\/"},"modified":"2025-03-11T14:55:35","modified_gmt":"2025-03-11T13:55:35","slug":"supacolour-wearable-1-colour-mehrfachnutzen","status":"publish","type":"product","link":"https:\/\/supacolour.eu\/fr\/produkt\/supacolour-wearable-1-colour-mehrfachnutzen\/","title":{"rendered":"Supacolour &#8211; Wearable (1 Colour, Mehrfachnutzen)"},"content":{"rendered":"<div class=\"row\">\n<div class=\"large-12 columns margin-bottom-10\">\n<h2><strong>Portable.<\/strong><\/h2>\n<p>Doux, tr\u00e8s r\u00e9sistant, plus de couleurs, respectueux de l&rsquo;environnement.<\/p>\n<p>Nous combinons ces caract\u00e9ristiques dans notre produit phare absolu \u00ab Wearable \u00bb. Avec ce produit, vous pouvez profiter de tous les avantages de nos ann\u00e9es de recherche et de d\u00e9veloppement : Notre proc\u00e9d\u00e9 d&rsquo;impression unique nous permet d&rsquo;afficher plus de couleurs que n&rsquo;importe quel autre film de transfert &#8211; nous travaillons toujours avec une grande pr\u00e9cision et obtenons une coh\u00e9rence des couleurs \u00e0 100 %. Cela signifie que chaque impression est exactement la m\u00eame !<\/p>\n<p>Nos films portables sont tr\u00e8s faciles \u00e0 presser et adh\u00e8rent rapidement et fermement au textile gr\u00e2ce \u00e0 notre adh\u00e9sif sp\u00e9cialement d\u00e9velopp\u00e9 &#8211; votre production n&rsquo;a jamais \u00e9t\u00e9 aussi productive. Les films conviennent \u00e0 tous les textiles en coton tels que les T-shirts, les sweats \u00e0 capuche ou les sweat-shirts normaux. Gr\u00e2ce \u00e0 une couche de base blanche de haute qualit\u00e9, les couleurs de l&rsquo;impression brillent sur toutes les couleurs textiles. C&rsquo;est ainsi que les impressions sont cr\u00e9\u00e9es comme jamais auparavant !<\/p>\n<\/div>\n<\/div>\n","protected":false},"excerpt":{"rendered":"<p>Les films de transfert portables garantissent des impressions textiles de haute qualit\u00e9 et durables avec une brillance des couleurs intense. L&rsquo;adh\u00e9sif sp\u00e9cialement d\u00e9velopp\u00e9 assure une adh\u00e9rence fiable sur les textiles en coton tels que les t-shirts, les sweat-shirts \u00e0 capuche et les sweatshirts. Application facile pour des processus de production fluides. R\u00e9sistance au lavage : Jusqu&rsquo;\u00e0 60\u00b0C. D\u00e9couvrez la qualit\u00e9 premium pour vos textiles !<\/p>\n","protected":false},"featured_media":10479,"template":"","meta":{"_acf_changed":false,"wds_primary_product_brand":0,"wds_primary_product_cat":0},"product_brand":[],"product_cat":[311,328],"product_tag":[],"class_list":{"0":"post-5769","1":"product","2":"type-product","3":"status-publish","4":"has-post-thumbnail","6":"product_cat-transfer-fr","7":"product_cat-wearable-fr","9":"first","10":"instock","11":"taxable","12":"shipping-taxable","13":"purchasable","14":"product-type-variable"},"group_of_quantity":0,"min_quantity":10,"max_quantity":"","exclude_order_quantity_value_rules":"no","exclude_category_quantity_rules":"no","combine_variations":"no","acf":[],"_links":{"self":[{"href":"https:\/\/supacolour.eu\/fr\/wp-json\/wp\/v2\/product\/5769","targetHints":{"allow":["GET"]}}],"collection":[{"href":"https:\/\/supacolour.eu\/fr\/wp-json\/wp\/v2\/product"}],"about":[{"href":"https:\/\/supacolour.eu\/fr\/wp-json\/wp\/v2\/types\/product"}],"wp:featuredmedia":[{"embeddable":true,"href":"https:\/\/supacolour.eu\/fr\/wp-json\/wp\/v2\/media\/10479"}],"wp:attachment":[{"href":"https:\/\/supacolour.eu\/fr\/wp-json\/wp\/v2\/media?parent=5769"}],"wp:term":[{"taxonomy":"product_brand","embeddable":true,"href":"https:\/\/supacolour.eu\/fr\/wp-json\/wp\/v2\/product_brand?post=5769"},{"taxonomy":"product_cat","embeddable":true,"href":"https:\/\/supacolour.eu\/fr\/wp-json\/wp\/v2\/product_cat?post=5769"},{"taxonomy":"product_tag","embeddable":true,"href":"https:\/\/supacolour.eu\/fr\/wp-json\/wp\/v2\/product_tag?post=5769"}],"curies":[{"name":"wp","href":"https:\/\/api.w.org\/{rel}","templated":true}]}}