{"id":5921,"date":"2025-01-06T10:17:56","date_gmt":"2025-01-06T09:17:56","guid":{"rendered":"http:\/\/al-bakri.milazar-media.de\/produkt\/supacolour-soft-shell-blocker\/"},"modified":"2025-03-11T14:47:55","modified_gmt":"2025-03-11T13:47:55","slug":"supacolour-soft-shell-blocker","status":"publish","type":"product","link":"https:\/\/supacolour.eu\/fr\/produkt\/supacolour-soft-shell-blocker\/","title":{"rendered":"Supacolour &#8211; Bloqueur de coque souple"},"content":{"rendered":"<div class=\"row\">\n<div class=\"large-12 columns margin-bottom-10\">\n<h2><strong>Bloqueur Softshell.<\/strong><\/h2>\n<p><span style=\"font-weight: 400;\">Les d\u00e9grad\u00e9s de couleurs dans les vestes softshell constituent-ils un r\u00e9el probl\u00e8me dans votre production ? Pas plus! Avec notre Softshell Blocker. Le film vous donne la certitude \u00e0 100 % qu&rsquo;il n&rsquo;y aura pas de d\u00e9grad\u00e9s de couleurs disgracieux sur vos textiles d&rsquo;ext\u00e9rieur co\u00fbteux. Les films sont dot\u00e9s d&rsquo;un film protecteur sp\u00e9cial int\u00e9gr\u00e9, ce qui signifie qu&rsquo;il n&rsquo;y a pas de d\u00e9grad\u00e9s de couleurs et que la veste est toujours belle.<\/span><\/p>\n<p><span style=\"font-weight: 400;\">Cela signifie que des impressions peuvent \u00eatre cr\u00e9\u00e9es sur des v\u00eatements d&rsquo;\u00e9quipe, des vestes d&rsquo;ext\u00e9rieur et des textiles d&rsquo;entreprise en un rien de temps. En plus de prot\u00e9ger contre les d\u00e9grad\u00e9s de couleurs disgracieux, le film facilite \u00e9galement la pose gr\u00e2ce \u00e0 son bon adh\u00e9sif \u00e0 action rapide. Comme d&rsquo;habitude avec Supacolour, les couleurs sont toujours les m\u00eames et restent constantes m\u00eame en cas de r\u00e9approvisionnement &#8211; imprimer avec un film transfert sur softshell n&rsquo;a jamais \u00e9t\u00e9 aussi simple !<\/span><\/p>\n<\/div>\n<\/div>\n","protected":false},"excerpt":{"rendered":"<p>Folia Softshell Blocker niezawodnie chroni przed przej\u015bciem kolor\u00f3w na kurtkach softshell i innej odzie\u017cy outdoorowej. Specjalna folia ochronna gwarantuje d\u0142ugotrwa\u0142e, \u017cywe kolory. Mocny klej sprawia, \u017ce \u200b\u200bdoskonale nadaje si\u0119 do produkcji odzie\u017cy roboczej, odzie\u017cy dru\u017cynowej i wysokiej jako\u015bci tekstyli\u00f3w outdoorowych. Odporno\u015b\u0107 na pranie: do 60\u00b0C. Postaw na jako\u015b\u0107 i trwa\u0142o\u015b\u0107!<\/p>\n","protected":false},"featured_media":10096,"template":"","meta":{"_acf_changed":false,"wds_primary_product_brand":0,"wds_primary_product_cat":0},"product_brand":[],"product_cat":[364,311],"product_tag":[],"class_list":{"0":"post-5921","1":"product","2":"type-product","3":"status-publish","4":"has-post-thumbnail","6":"product_cat-softshell-blocker-fr","7":"product_cat-transfer-fr","9":"first","10":"instock","11":"taxable","12":"shipping-taxable","13":"purchasable","14":"product-type-variable"},"group_of_quantity":0,"min_quantity":10,"max_quantity":"","exclude_order_quantity_value_rules":"no","exclude_category_quantity_rules":"no","combine_variations":"no","acf":[],"_links":{"self":[{"href":"https:\/\/supacolour.eu\/fr\/wp-json\/wp\/v2\/product\/5921","targetHints":{"allow":["GET"]}}],"collection":[{"href":"https:\/\/supacolour.eu\/fr\/wp-json\/wp\/v2\/product"}],"about":[{"href":"https:\/\/supacolour.eu\/fr\/wp-json\/wp\/v2\/types\/product"}],"wp:featuredmedia":[{"embeddable":true,"href":"https:\/\/supacolour.eu\/fr\/wp-json\/wp\/v2\/media\/10096"}],"wp:attachment":[{"href":"https:\/\/supacolour.eu\/fr\/wp-json\/wp\/v2\/media?parent=5921"}],"wp:term":[{"taxonomy":"product_brand","embeddable":true,"href":"https:\/\/supacolour.eu\/fr\/wp-json\/wp\/v2\/product_brand?post=5921"},{"taxonomy":"product_cat","embeddable":true,"href":"https:\/\/supacolour.eu\/fr\/wp-json\/wp\/v2\/product_cat?post=5921"},{"taxonomy":"product_tag","embeddable":true,"href":"https:\/\/supacolour.eu\/fr\/wp-json\/wp\/v2\/product_tag?post=5921"}],"curies":[{"name":"wp","href":"https:\/\/api.w.org\/{rel}","templated":true}]}}