{"id":5947,"date":"2025-01-06T10:11:29","date_gmt":"2025-01-06T09:11:29","guid":{"rendered":"http:\/\/al-bakri.milazar-media.de\/produkt\/supacolour-headwear-transfers\/"},"modified":"2025-03-11T14:46:43","modified_gmt":"2025-03-11T13:46:43","slug":"supacolour-headwear-transfers","status":"publish","type":"product","link":"https:\/\/supacolour.eu\/fr\/produkt\/supacolour-headwear-transfers\/","title":{"rendered":"Supacolour &#8211; Transferts pour couvre-chefs"},"content":{"rendered":"<h2><strong>Couvre-chef.<\/strong><\/h2>\n<p><span style=\"font-weight: 400;\">Avec nos films pour chapeaux, votre travail d&rsquo;impression sur casquettes et autres chapeaux deviendra un succ\u00e8s encore plus durable ! Nos films sont sp\u00e9cialement con\u00e7us pour \u00eatre utilis\u00e9s sur des casquettes et offrent un haut niveau de durabilit\u00e9. Gr\u00e2ce \u00e0 la formule sp\u00e9ciale que nous utilisons pour les films pour couvre-chefs, les impressions r\u00e9sistent aux plis sans se d\u00e9former ni se d\u00e9chirer.<\/span><\/p>\n<p><span style=\"font-weight: 400;\">Cela cr\u00e9e un plafond pour vos clients qu&rsquo;ils peuvent utiliser pendant une longue p\u00e9riode. Bien entendu, ce film offre \u00e9galement tous les autres avantages des films Supacolour. Il est incroyablement durable et nos encres d\u2019impression ont la consistance la plus \u00e9lev\u00e9e du march\u00e9. Cela signifie que chaque logo a le m\u00eame aspect, m\u00eame si vous le commandez \u00e0 nouveau ult\u00e9rieurement. Choisissez d\u00e8s maintenant le film Supacolour Headwear et sublimez vos casquettes comme jamais auparavant !<\/span><\/p>\n","protected":false},"excerpt":{"rendered":"<p>Les films de transfert pour chapeaux de Supacolour ont \u00e9t\u00e9 sp\u00e9cialement d\u00e9velopp\u00e9s pour les casquettes et les couvre-chefs. Ils sont extr\u00eamement durables, r\u00e9sistants aux d\u00e9chirures et conservent leur forme sans se d\u00e9colorer. Gr\u00e2ce \u00e0 leur grande consistance de couleur et \u00e0 leur application facile, ils constituent le choix id\u00e9al pour la finition des casquettes, des chapeaux et bien plus encore. R\u00e9sistance au lavage : Jusqu&rsquo;\u00e0 40\u00b0C. Concevez des coiffures individuelles !<\/p>\n","protected":false},"featured_media":10218,"template":"","meta":{"_acf_changed":false,"wds_primary_product_brand":0,"wds_primary_product_cat":0},"product_brand":[],"product_cat":[370,311],"product_tag":[],"class_list":{"0":"post-5947","1":"product","2":"type-product","3":"status-publish","4":"has-post-thumbnail","6":"product_cat-headwear-fr","7":"product_cat-transfer-fr","9":"first","10":"instock","11":"taxable","12":"shipping-taxable","13":"purchasable","14":"product-type-variable"},"group_of_quantity":0,"min_quantity":10,"max_quantity":"","exclude_order_quantity_value_rules":"no","exclude_category_quantity_rules":"no","combine_variations":"no","acf":[],"_links":{"self":[{"href":"https:\/\/supacolour.eu\/fr\/wp-json\/wp\/v2\/product\/5947","targetHints":{"allow":["GET"]}}],"collection":[{"href":"https:\/\/supacolour.eu\/fr\/wp-json\/wp\/v2\/product"}],"about":[{"href":"https:\/\/supacolour.eu\/fr\/wp-json\/wp\/v2\/types\/product"}],"wp:featuredmedia":[{"embeddable":true,"href":"https:\/\/supacolour.eu\/fr\/wp-json\/wp\/v2\/media\/10218"}],"wp:attachment":[{"href":"https:\/\/supacolour.eu\/fr\/wp-json\/wp\/v2\/media?parent=5947"}],"wp:term":[{"taxonomy":"product_brand","embeddable":true,"href":"https:\/\/supacolour.eu\/fr\/wp-json\/wp\/v2\/product_brand?post=5947"},{"taxonomy":"product_cat","embeddable":true,"href":"https:\/\/supacolour.eu\/fr\/wp-json\/wp\/v2\/product_cat?post=5947"},{"taxonomy":"product_tag","embeddable":true,"href":"https:\/\/supacolour.eu\/fr\/wp-json\/wp\/v2\/product_tag?post=5947"}],"curies":[{"name":"wp","href":"https:\/\/api.w.org\/{rel}","templated":true}]}}