{"id":6125,"date":"2025-01-06T08:33:51","date_gmt":"2025-01-06T07:33:51","guid":{"rendered":"http:\/\/al-bakri.milazar-media.de\/produkt\/supacolour-industrial-wash-1-colour\/"},"modified":"2025-03-11T14:35:56","modified_gmt":"2025-03-11T13:35:56","slug":"supacolour-industrial-wash-1-colour","status":"publish","type":"product","link":"https:\/\/supacolour.eu\/fr\/produkt\/supacolour-industrial-wash-1-colour\/","title":{"rendered":"Supacolour &#8211; Lavage industriel (1 couleur)"},"content":{"rendered":"<div class=\"row\">\n<div class=\"large-12 columns margin-bottom-10\">\n<h2><strong>Lavage industriel.<\/strong><\/h2>\n<p><span style=\"font-weight: 400;\">Le lavage chimique des textiles n&rsquo;est pas possible ? Mais avec ces diapositives, vous le pouvez ! Le lavage industriel. Les films Supacolour changent tout pour vos clients et votre production. Une impression avec des films qui peuvent \u00eatre nettoy\u00e9s \u00e0 sec ? Il doit y avoir un pi\u00e8ge !<\/span><\/p>\n<p><span style=\"font-weight: 400;\">Mais vous ne trouverez pas cela ici. Nous n&rsquo;utilisons aucun produit chimique et ne polluons pas l&rsquo;environnement avec du plomb ou d&rsquo;autres substances. Sans m\u00e9taux lourds, nous avons cr\u00e9\u00e9 un film capable de r\u00e9sister \u00e0 au moins 50 lavages industriels &#8211; le logo reste aussi beau et brillant qu&rsquo;au premier jour.<\/span><\/p>\n<p><span style=\"font-weight: 400;\">Pas de fissures, pas de chute de film : cela permet \u00e0 vous et \u00e0 vos clients de concevoir et de produire des collections durables pour l&rsquo;industrie. Nous proposons \u00e9galement de nombreuses couleurs et niveaux de couleurs sur ces films et garantissons, gr\u00e2ce \u00e0 notre savoir-faire, un haut niveau de coh\u00e9rence des couleurs. Comme toujours, chaque impression chez Supacolour est identique, m\u00eame pour les commandes r\u00e9p\u00e9t\u00e9es.<\/span><\/p>\n<p><span style=\"font-weight: 400;\">Voil\u00e0 comment fonctionne la finition textile pour l&rsquo;industrie !<\/span><\/p>\n<\/div>\n<\/div>\n","protected":false},"excerpt":{"rendered":"<p>Les films Industrial Wash sont sp\u00e9cialement d\u00e9velopp\u00e9s pour les blanchisseries de v\u00eatements de travail et industrielles. Ils peuvent r\u00e9sister \u00e0 au moins 50 lavages industriels, sont exempts de produits chimiques nocifs et offrent la plus grande coh\u00e9rence de couleur pour une utilisation \u00e0 long terme. R\u00e9sistance au lavage : Jusqu&rsquo;\u00e0 95\u00b0C. Faites confiance \u00e0 la qualit\u00e9 professionnelle pour des exigences \u00e9lev\u00e9es !<\/p>\n","protected":false},"featured_media":10345,"template":"","meta":{"_acf_changed":false,"wds_primary_product_brand":0,"wds_primary_product_cat":0},"product_brand":[],"product_cat":[384,311],"product_tag":[],"class_list":{"0":"post-6125","1":"product","2":"type-product","3":"status-publish","4":"has-post-thumbnail","6":"product_cat-industrial-wash-fr","7":"product_cat-transfer-fr","9":"first","10":"instock","11":"taxable","12":"shipping-taxable","13":"purchasable","14":"product-type-variable"},"group_of_quantity":0,"min_quantity":10,"max_quantity":"","exclude_order_quantity_value_rules":"no","exclude_category_quantity_rules":"no","combine_variations":"no","acf":[],"_links":{"self":[{"href":"https:\/\/supacolour.eu\/fr\/wp-json\/wp\/v2\/product\/6125","targetHints":{"allow":["GET"]}}],"collection":[{"href":"https:\/\/supacolour.eu\/fr\/wp-json\/wp\/v2\/product"}],"about":[{"href":"https:\/\/supacolour.eu\/fr\/wp-json\/wp\/v2\/types\/product"}],"wp:featuredmedia":[{"embeddable":true,"href":"https:\/\/supacolour.eu\/fr\/wp-json\/wp\/v2\/media\/10345"}],"wp:attachment":[{"href":"https:\/\/supacolour.eu\/fr\/wp-json\/wp\/v2\/media?parent=6125"}],"wp:term":[{"taxonomy":"product_brand","embeddable":true,"href":"https:\/\/supacolour.eu\/fr\/wp-json\/wp\/v2\/product_brand?post=6125"},{"taxonomy":"product_cat","embeddable":true,"href":"https:\/\/supacolour.eu\/fr\/wp-json\/wp\/v2\/product_cat?post=6125"},{"taxonomy":"product_tag","embeddable":true,"href":"https:\/\/supacolour.eu\/fr\/wp-json\/wp\/v2\/product_tag?post=6125"}],"curies":[{"name":"wp","href":"https:\/\/api.w.org\/{rel}","templated":true}]}}