{"id":6157,"date":"2025-01-05T22:48:35","date_gmt":"2025-01-05T21:48:35","guid":{"rendered":"http:\/\/al-bakri.milazar-media.de\/produkt\/supacolour-industrial-blocker\/"},"modified":"2025-03-11T14:32:14","modified_gmt":"2025-03-11T13:32:14","slug":"supacolour-industrial-blocker","status":"publish","type":"product","link":"https:\/\/supacolour.eu\/fr\/produkt\/supacolour-industrial-blocker\/","title":{"rendered":"Supacolour &#8211; Bloqueur industriel"},"content":{"rendered":"<div class=\"row\">\n<div class=\"large-12 columns margin-bottom-10\">\n<h2><strong>Bloqueur industriel.<\/strong><\/h2>\n<p><span style=\"font-weight: 400;\">Pour tous ceux qui ne veulent pas seulement imprimer sur des textiles qui passent par le lavage industriel, mais qui veulent \u00e9viter les d\u00e9grad\u00e9s de couleurs disgracieux et les uniformes de travail ruin\u00e9s pour leurs clients !<\/span><\/p>\n<p><span style=\"font-weight: 400;\">L&rsquo;Industrial Blocker est le rem\u00e8de aux r\u00eaves bris\u00e9s d&rsquo;un uniforme lavable industriellement pour les employ\u00e9s de vos clients. Le bloqueur fonctionne sur le polyester et de nombreux autres tissus m\u00e9lang\u00e9s et ce qui suit s&rsquo;applique \u00e9galement \u00e0 ce film\u00a0:<\/span><\/p>\n<p><span style=\"font-weight: 400;\">Coh\u00e9rence des couleurs et large gamme de couleurs &#8211; pour que vos clients soient 100% satisfaits de votre travail !<\/span><\/p>\n<\/div>\n<\/div>\n","protected":false},"excerpt":{"rendered":"<p>Le bloqueur industriel de Supacolour est id\u00e9al pour les uniformes de travail lavables industriellement. Il emp\u00eache les d\u00e9colorations sur les tissus en polyester et m\u00e9lang\u00e9s et garantit des r\u00e9sultats professionnels et durables sur les v\u00eatements de travail. R\u00e9sistance au lavage : Jusqu&rsquo;\u00e0 95\u00b0C. La solution parfaite pour des v\u00eatements de travail robustes et durables.<\/p>\n","protected":false},"featured_media":10365,"template":"","meta":{"_acf_changed":false,"wds_primary_product_brand":0,"wds_primary_product_cat":0},"product_brand":[],"product_cat":[388,384,311],"product_tag":[],"class_list":{"0":"post-6157","1":"product","2":"type-product","3":"status-publish","4":"has-post-thumbnail","6":"product_cat-industrial-blocker-fr","7":"product_cat-industrial-wash-fr","8":"product_cat-transfer-fr","10":"first","11":"instock","12":"taxable","13":"shipping-taxable","14":"purchasable","15":"product-type-variable"},"group_of_quantity":0,"min_quantity":10,"max_quantity":"","exclude_order_quantity_value_rules":"no","exclude_category_quantity_rules":"no","combine_variations":"no","acf":[],"_links":{"self":[{"href":"https:\/\/supacolour.eu\/fr\/wp-json\/wp\/v2\/product\/6157","targetHints":{"allow":["GET"]}}],"collection":[{"href":"https:\/\/supacolour.eu\/fr\/wp-json\/wp\/v2\/product"}],"about":[{"href":"https:\/\/supacolour.eu\/fr\/wp-json\/wp\/v2\/types\/product"}],"wp:featuredmedia":[{"embeddable":true,"href":"https:\/\/supacolour.eu\/fr\/wp-json\/wp\/v2\/media\/10365"}],"wp:attachment":[{"href":"https:\/\/supacolour.eu\/fr\/wp-json\/wp\/v2\/media?parent=6157"}],"wp:term":[{"taxonomy":"product_brand","embeddable":true,"href":"https:\/\/supacolour.eu\/fr\/wp-json\/wp\/v2\/product_brand?post=6157"},{"taxonomy":"product_cat","embeddable":true,"href":"https:\/\/supacolour.eu\/fr\/wp-json\/wp\/v2\/product_cat?post=6157"},{"taxonomy":"product_tag","embeddable":true,"href":"https:\/\/supacolour.eu\/fr\/wp-json\/wp\/v2\/product_tag?post=6157"}],"curies":[{"name":"wp","href":"https:\/\/api.w.org\/{rel}","templated":true}]}}