{"id":6185,"date":"2018-02-14T10:01:39","date_gmt":"2018-02-14T10:01:39","guid":{"rendered":"http:\/\/al-bakri.milazar-media.de\/produkt\/supacolour-supadtf\/"},"modified":"2025-03-11T14:52:39","modified_gmt":"2025-03-11T13:52:39","slug":"supacolour-supadtf","status":"publish","type":"product","link":"https:\/\/supacolour.eu\/fr\/produkt\/supacolour-supadtf\/","title":{"rendered":"Supacolor &#8211; SupaDTF"},"content":{"rendered":"<div class=\"row\">\n<div class=\"large-12 columns margin-bottom-10\">\n<h2><strong>Supa DTF<\/strong><\/h2>\n<p><span style=\"font-weight: 400;\">Vous n&rsquo;avez besoin que d&rsquo;un petit nombre de motifs pour une commande client ? Alors les films Supacolour DTF sont exactement ce qu&rsquo;il vous faut, \u00e0 vous et \u00e0 vos clients. Avec les films DTF, vous avez la possibilit\u00e9 de r\u00e9aliser de petites commandes de mani\u00e8re rentable.<\/span><\/p>\n<p><span style=\"font-weight: 400;\">Car ici, nous n&rsquo;avons pas besoin d&rsquo;une couche de base blanche &#8211; nous pouvons donc r\u00e9aliser la commande de mani\u00e8re \u00e9conomique, m\u00eame si vous commandez moins de 20 motifs. <\/span><\/p>\n<p><span style=\"font-weight: 400;\">Vous devriez choisir les Supa DTF si :<\/span><\/p>\n<ul>\n<li style=\"font-weight: 400;\" aria-level=\"1\">Le client ne demande que de tr\u00e8s petites quantit\u00e9s<\/li>\n<li style=\"font-weight: 400;\" aria-level=\"1\">Vous souhaitez r\u00e9aliser un formulaire pour convaincre les clients<\/li>\n<li style=\"font-weight: 400;\" aria-level=\"1\">Si vous souhaitez conserver plusieurs mod\u00e8les en petites quantit\u00e9s pour des r\u00e9approvisionnements<\/li>\n<\/ul>\n<p><span style=\"font-weight: 400;\">Nos films Supa DTF peuvent \u00eatre utilis\u00e9s sans probl\u00e8me pour tous les m\u00e9langes de coton. Nous d\u00e9conseillons l&rsquo;utilisation de ces films uniquement sur du polyester et d&rsquo;autres mati\u00e8res synth\u00e9tiques. Cependant, avec nos films bloquants, l&rsquo;utilisation sur de tels textiles ne pose aucun probl\u00e8me. Les films vous parviendront dans les 72 heures &#8211; sans frais d&rsquo;importation cach\u00e9s ni droits de douane.<\/span><\/p>\n<p><span style=\"font-weight: 400;\">Comme pour tous les films, nous supposons un niveau \u00e9lev\u00e9 de durabilit\u00e9. Les films survivent \u00e0 un lavage normal et doux au moins 40 fois. C&rsquo;est alors que les premiers signes d&rsquo;usure peuvent appara\u00eetre. Nos films sont toujours certifi\u00e9s Oeko-Tex et pr\u00e9sentent des couleurs \u00e0 base d&rsquo;eau respectueuses de l&rsquo;environnement. C&rsquo;est ainsi que nous prot\u00e9geons ensemble la plan\u00e8te.<\/span><\/p>\n<\/div>\n<\/div>\n","protected":false},"excerpt":{"rendered":"<p>Les films de transfert Supa DTF sont la solution \u00e9conomique pour les tirages courts, les impressions tests et les r\u00e9approvisionnements. Sans couche de base blanche, ils permettent des impressions d\u00e9taill\u00e9es et aux couleurs brillantes sur des m\u00e9langes de coton. Id\u00e9al pour des d\u00e9lais de livraison rapides (sous 72 heures) et une production respectueuse de l&rsquo;environnement. R\u00e9sistance au lavage : Jusqu&rsquo;\u00e0 40\u00b0C. Id\u00e9al pour les t-shirts, les sacs et plus encore<\/p>\n","protected":false},"featured_media":10380,"template":"","meta":{"_acf_changed":false,"wds_primary_product_brand":0,"wds_primary_product_cat":0},"product_brand":[],"product_cat":[311],"product_tag":[],"class_list":{"0":"post-6185","1":"product","2":"type-product","3":"status-publish","4":"has-post-thumbnail","6":"product_cat-transfer-fr","8":"first","9":"instock","10":"taxable","11":"shipping-taxable","12":"purchasable","13":"product-type-variable"},"group_of_quantity":0,"min_quantity":10,"max_quantity":"","exclude_order_quantity_value_rules":"no","exclude_category_quantity_rules":"no","combine_variations":"no","acf":[],"_links":{"self":[{"href":"https:\/\/supacolour.eu\/fr\/wp-json\/wp\/v2\/product\/6185","targetHints":{"allow":["GET"]}}],"collection":[{"href":"https:\/\/supacolour.eu\/fr\/wp-json\/wp\/v2\/product"}],"about":[{"href":"https:\/\/supacolour.eu\/fr\/wp-json\/wp\/v2\/types\/product"}],"wp:featuredmedia":[{"embeddable":true,"href":"https:\/\/supacolour.eu\/fr\/wp-json\/wp\/v2\/media\/10380"}],"wp:attachment":[{"href":"https:\/\/supacolour.eu\/fr\/wp-json\/wp\/v2\/media?parent=6185"}],"wp:term":[{"taxonomy":"product_brand","embeddable":true,"href":"https:\/\/supacolour.eu\/fr\/wp-json\/wp\/v2\/product_brand?post=6185"},{"taxonomy":"product_cat","embeddable":true,"href":"https:\/\/supacolour.eu\/fr\/wp-json\/wp\/v2\/product_cat?post=6185"},{"taxonomy":"product_tag","embeddable":true,"href":"https:\/\/supacolour.eu\/fr\/wp-json\/wp\/v2\/product_tag?post=6185"}],"curies":[{"name":"wp","href":"https:\/\/api.w.org\/{rel}","templated":true}]}}