{"id":9277,"date":"2026-03-02T15:26:47","date_gmt":"2026-03-02T14:26:47","guid":{"rendered":"https:\/\/supacolour.eu\/?post_type=product&#038;p=9277"},"modified":"2026-03-02T16:06:49","modified_gmt":"2026-03-02T15:06:49","slug":"supacolour-portable-1-couleur-kopie-kopie-kopie-2","status":"publish","type":"product","link":"https:\/\/supacolour.eu\/fr\/produkt\/supacolour-portable-1-couleur-kopie-kopie-kopie-2\/","title":{"rendered":"Supacolour &#8211; Portable (1 couleur) (Kopie) (Kopie) (Kopie)"},"content":{"rendered":"<div class=\"row\">\n<div class=\"large-12 columns margin-bottom-10\">\n<h2><strong>Wearable.<\/strong><\/h2>\n<p><span style=\"font-weight: 400;\">Doux, tr\u00e8s r\u00e9sistant, plus de couleurs, respectueux de l&rsquo;environnement.<\/span><\/p>\n<p><span style=\"font-weight: 400;\">Nous combinons ces caract\u00e9ristiques dans notre produit phare absolu \u00ab Wearable \u00bb. Avec ce produit, vous b\u00e9n\u00e9ficiez de tous les avantages de nos ann\u00e9es de recherche et d\u00e9veloppement : notre proc\u00e9d\u00e9 d&rsquo;impression unique nous permet d&rsquo;afficher plus de couleurs que tout autre film de transfert &#8211; nous travaillons toujours tr\u00e8s pr\u00e9cis\u00e9ment et obtenons une coh\u00e9rence des couleurs \u00e0 100 %. De cette fa\u00e7on, chaque impression est exactement la m\u00eame !<\/span><\/p>\n<p><span style=\"font-weight: 400;\">Nos films portables sont tr\u00e8s faciles \u00e0 presser et, gr\u00e2ce \u00e0 notre adh\u00e9sif sp\u00e9cialement d\u00e9velopp\u00e9, ils adh\u00e8rent rapidement et fermement au textile &#8211; votre production n&rsquo;a jamais \u00e9t\u00e9 aussi productive. Les films conviennent \u00e0 tous les textiles en coton tels que les t-shirts, les sweat-shirts \u00e0 capuche ou les sweatshirts normaux. Gr\u00e2ce \u00e0 une couche de base blanche de haute qualit\u00e9, les couleurs de l&rsquo;impression brillent sur toutes les couleurs de textile. C&rsquo;est ainsi que les impressions sont cr\u00e9\u00e9es comme jamais auparavant !<\/span><\/p>\n<\/div>\n<\/div>\n","protected":false},"excerpt":{"rendered":"<p>Les films de transfert portables garantissent des impressions textiles de haute qualit\u00e9 et durables avec une brillance des couleurs intense. L&rsquo;adh\u00e9sif sp\u00e9cialement d\u00e9velopp\u00e9 assure une adh\u00e9rence fiable sur les textiles en coton tels que les t-shirts, les sweat-shirts \u00e0 capuche et les sweatshirts. Application facile pour des processus de production fluides. R\u00e9sistance au lavage : Jusqu&rsquo;\u00e0 60\u00b0C. D\u00e9couvrez la qualit\u00e9 premium pour vos textiles !<\/p>\n","protected":false},"featured_media":10270,"template":"","meta":{"_acf_changed":false,"wds_primary_product_brand":0,"wds_primary_product_cat":0},"product_brand":[],"product_cat":[311],"product_tag":[],"class_list":{"0":"post-9277","1":"product","2":"type-product","3":"status-publish","4":"has-post-thumbnail","6":"product_cat-transfer-fr","8":"first","9":"instock","10":"taxable","11":"shipping-taxable","12":"purchasable","13":"product-type-variable"},"group_of_quantity":0,"min_quantity":10,"max_quantity":"","exclude_order_quantity_value_rules":"no","exclude_category_quantity_rules":"no","combine_variations":"no","acf":[],"_links":{"self":[{"href":"https:\/\/supacolour.eu\/fr\/wp-json\/wp\/v2\/product\/9277","targetHints":{"allow":["GET"]}}],"collection":[{"href":"https:\/\/supacolour.eu\/fr\/wp-json\/wp\/v2\/product"}],"about":[{"href":"https:\/\/supacolour.eu\/fr\/wp-json\/wp\/v2\/types\/product"}],"wp:featuredmedia":[{"embeddable":true,"href":"https:\/\/supacolour.eu\/fr\/wp-json\/wp\/v2\/media\/10270"}],"wp:attachment":[{"href":"https:\/\/supacolour.eu\/fr\/wp-json\/wp\/v2\/media?parent=9277"}],"wp:term":[{"taxonomy":"product_brand","embeddable":true,"href":"https:\/\/supacolour.eu\/fr\/wp-json\/wp\/v2\/product_brand?post=9277"},{"taxonomy":"product_cat","embeddable":true,"href":"https:\/\/supacolour.eu\/fr\/wp-json\/wp\/v2\/product_cat?post=9277"},{"taxonomy":"product_tag","embeddable":true,"href":"https:\/\/supacolour.eu\/fr\/wp-json\/wp\/v2\/product_tag?post=9277"}],"curies":[{"name":"wp","href":"https:\/\/api.w.org\/{rel}","templated":true}]}}