{"id":9845,"date":"2026-03-04T14:27:24","date_gmt":"2026-03-04T13:27:24","guid":{"rendered":"https:\/\/supacolour.eu\/?post_type=product&#038;p=9845"},"modified":"2026-03-04T14:39:11","modified_gmt":"2026-03-04T13:39:11","slug":"supacolour-promotionnel-1-couleur-kopie-kopie-kopie-kopie","status":"publish","type":"product","link":"https:\/\/supacolour.eu\/fr\/produkt\/supacolour-promotionnel-1-couleur-kopie-kopie-kopie-kopie\/","title":{"rendered":"Supacolour &#8211; Promotionnel (1 Couleur) (Kopie) (Kopie) (Kopie) (Kopie)"},"content":{"rendered":"<div class=\"row\">\n<div class=\"large-12 columns margin-bottom-10\">\n<h2><strong>Promotionnel.<\/strong><\/h2>\n<p><span style=\"font-weight: 400;\">Le promotionnel. Les films Supacolour sont parfaits pour tous ceux qui cherchent \u00e0 \u00e9largir leur portefeuille. Gr\u00e2ce aux films, vous pouvez dire adieu \u00e0 l\u2019impression limit\u00e9e sur les t-shirts ou les sweats \u00e0 capuche. Avec ces films, il est possible d\u2019imprimer sur presque tous les types de mat\u00e9riaux tr\u00e8s r\u00e9sistants. Cela permet d&rsquo;ajouter des logos sur des sacs \u00e0 dos et d&rsquo;autres articles de marchandisage.<\/span><\/p>\n<p><span style=\"font-weight: 400;\">Pour que vous ne manquiez de rien, le film vous offre les m\u00eames avantages que lorsqu&rsquo;il est utilis\u00e9 sur des textiles normaux. Aucune d\u00e9coloration des couleurs, une grande uniformit\u00e9 des couleurs et une durabilit\u00e9 \u00e9tonnamment \u00e9lev\u00e9e compl\u00e8tent ce produit.<\/span><\/p>\n<p><span style=\"font-weight: 400;\">Voici comment \u00e9largir votre client\u00e8le et augmenter facilement vos ventes : innovez avec les films promotionnels de Supacolour !<\/span><\/p>\n<\/div>\n<\/div>\n","protected":false},"excerpt":{"rendered":"<p>Les films promotionnels Supacolour permettent des impressions durables et brillantes sur des mat\u00e9riaux solides tels que des sacs \u00e0 dos, des sacs et des articles de merchandising. \u00c9largissez votre gamme de produits au-del\u00e0 des textiles classiques et offrez une qualit\u00e9 d&rsquo;impression maximale avec la plus grande coh\u00e9rence des couleurs. R\u00e9sistance au lavage : Jusqu&rsquo;\u00e0 30\u00b0C. Id\u00e9al pour les articles promotionnels et les produits promotionnels. R\u00e9sistance au lavage : faible<\/p>\n","protected":false},"featured_media":10228,"template":"","meta":{"_acf_changed":false,"wds_primary_product_brand":0,"wds_primary_product_cat":0},"product_brand":[],"product_cat":[378,311],"product_tag":[],"class_list":{"0":"post-9845","1":"product","2":"type-product","3":"status-publish","4":"has-post-thumbnail","6":"product_cat-promotional-fr","7":"product_cat-transfer-fr","9":"first","10":"instock","11":"taxable","12":"shipping-taxable","13":"purchasable","14":"product-type-variable"},"group_of_quantity":0,"min_quantity":10,"max_quantity":"","exclude_order_quantity_value_rules":"no","exclude_category_quantity_rules":"no","combine_variations":"no","acf":[],"_links":{"self":[{"href":"https:\/\/supacolour.eu\/fr\/wp-json\/wp\/v2\/product\/9845","targetHints":{"allow":["GET"]}}],"collection":[{"href":"https:\/\/supacolour.eu\/fr\/wp-json\/wp\/v2\/product"}],"about":[{"href":"https:\/\/supacolour.eu\/fr\/wp-json\/wp\/v2\/types\/product"}],"wp:featuredmedia":[{"embeddable":true,"href":"https:\/\/supacolour.eu\/fr\/wp-json\/wp\/v2\/media\/10228"}],"wp:attachment":[{"href":"https:\/\/supacolour.eu\/fr\/wp-json\/wp\/v2\/media?parent=9845"}],"wp:term":[{"taxonomy":"product_brand","embeddable":true,"href":"https:\/\/supacolour.eu\/fr\/wp-json\/wp\/v2\/product_brand?post=9845"},{"taxonomy":"product_cat","embeddable":true,"href":"https:\/\/supacolour.eu\/fr\/wp-json\/wp\/v2\/product_cat?post=9845"},{"taxonomy":"product_tag","embeddable":true,"href":"https:\/\/supacolour.eu\/fr\/wp-json\/wp\/v2\/product_tag?post=9845"}],"curies":[{"name":"wp","href":"https:\/\/api.w.org\/{rel}","templated":true}]}}