{"id":5524,"date":"2019-10-21T07:35:49","date_gmt":"2019-10-21T05:35:49","guid":{"rendered":"http:\/\/al-bakri.milazar-media.de\/?page_id=5524"},"modified":"2025-01-22T17:32:51","modified_gmt":"2025-01-22T16:32:51","slug":"o-nas","status":"publish","type":"page","link":"https:\/\/supacolour.eu\/pl\/o-nas\/","title":{"rendered":"O nas"},"content":{"rendered":"<div class=\"wpb-content-wrapper\"><p>[vc_row css=&#8221;.vc_custom_1736007938986{margin-top: 50px !important;margin-bottom: 100px !important;}&#8221;][vc_column][vc_row_inner][vc_column_inner][vc_column_text css=&#8221;&#8221;]<\/p>\n<h2 class=\"d4-sa-text-heading\" style=\"text-align: center;\">Supacolour UK Ltd. X Logotex Europe GmbH &amp; Co. KG<\/h2>\n<p>[\/vc_column_text][\/vc_column_inner][\/vc_row_inner][vc_row_inner css=&#8221;.vc_custom_1736007602759{margin-bottom: 50px !important;}&#8221;][vc_column_inner][vc_column_text css=&#8221;&#8221;]\u00c0 Waltrop, Stefan Gradwohl se tient devant les machines de son entreprise d&#8217;ennoblissement textile. Le g\u00e9rant observe attentivement la mani\u00e8re dont les diff\u00e9rents maillots sont fabriqu\u00e9s pour ses gros clients. De grandes machines d&#8217;impression sont charg\u00e9es des maillots par le personnel form\u00e9, le film de transfert est pos\u00e9 et un nouveau maillot est imprim\u00e9 pour le BVB ou un autre club de la Bundesliga.<\/p>\n<p>Apr\u00e8s une br\u00e8ve inspection, il est satisfait. Comme toujours, les impressions ont l&#8217;air impeccables : Le motif ressort, les couleurs sont aussi vives et naturelles que sur tous les maillots pr\u00e9c\u00e9dents. Il le doit non seulement \u00e0 son personnel extr\u00eamement comp\u00e9tent, mais aussi \u00e0 son partenaire commercial &#8211; Supacolour.[\/vc_column_text][\/vc_column_inner][\/vc_row_inner][vc_row_inner css=&#8221;.vc_custom_1736007607422{margin-bottom: 50px !important;}&#8221;][vc_column_inner][vc_single_image image=&#8221;5383&#8243; img_size=&#8221;full&#8221; alignment=&#8221;center&#8221; css=&#8221;&#8221;][\/vc_column_inner][\/vc_row_inner][vc_row_inner][vc_column_inner][vc_column_text css=&#8221;&#8221;]<\/p>\n<h2 class=\"d4-sa-text-heading\" style=\"text-align: center;\">Ennoblissement textile avec la plus haute exigence de qualit\u00e9 et de durabilit\u00e9<\/h2>\n<p>[\/vc_column_text][\/vc_column_inner][\/vc_row_inner][vc_row_inner css=&#8221;.vc_custom_1736007691467{margin-bottom: 50px !important;}&#8221;][vc_column_inner][vc_column_text css=&#8221;&#8221;]Il y a quelques ann\u00e9es, Supacolour s&#8217;\u00e9tait donn\u00e9 pour mission de r\u00e9volutionner l&#8217;impression textile. Pour ce faire, beaucoup d&#8217;argent a \u00e9t\u00e9 investi dans la recherche et le d\u00e9veloppement et tous les hauts et les bas ont \u00e9t\u00e9 surmont\u00e9s pour arriver au jour d&#8217;aujourd&#8217;hui. Aujourd&#8217;hui, les responsables sont arriv\u00e9s exactement l\u00e0 o\u00f9 ils voulaient aller \u00e0 l&#8217;\u00e9poque. Leurs films de transfert sont le nec plus ultra sur le march\u00e9 et sont vendus dans le monde entier. Trois sites produisent jour et nuit des films transfert pour les textiles les plus divers &#8211; et pour des clients du monde entier.<\/p>\n<p>L&#8217;un d&#8217;entre eux est Logotex. C&#8217;est ici, dans la paisible ville de Waltrop en Rh\u00e9nanie-du-Nord-Westphalie, que se d\u00e9roule la production \u00e0 grande \u00e9chelle. Des clubs de la Bundesliga, de grandes entreprises et de nombreux autres clients font confiance au travail de Stefan Gradwohl et de son \u00e9quipe. Ici, on fait beaucoup pour chaque client. Les logos, les num\u00e9ros de joueurs et les noms sont imprim\u00e9s avec la plus grande pr\u00e9cision sur les maillots, les t-shirts et de nombreux autres textiles.<\/p>\n<p>Si le produit fini est si convaincant que de plus en plus de clubs font confiance \u00e0 la PME de Rh\u00e9nanie-du-Nord-Westphalie, c&#8217;est surtout gr\u00e2ce aux films utilis\u00e9s dans son usine. Les films proviennent justement de ce fabricant britannique &#8211; Supacolour. Presque tous les motifs utilis\u00e9s pour la finition des textiles sont cr\u00e9\u00e9s en \u00e9troite collaboration dans l&#8217;usine en Angleterre avant d&#8217;arriver \u00e0 Waltrop &#8211; et d&#8217;enthousiasmer les associations, les fans des clubs de football et de nombreuses entreprises de toute l&#8217;Allemagne. Mais qu&#8217;est-ce qui rend ce film si particulier ?[\/vc_column_text][\/vc_column_inner][\/vc_row_inner][vc_row_inner][vc_column_inner][vc_column_text css=&#8221;&#8221;]<\/p>\n<h2 class=\"d4-sa-text-heading\" style=\"text-align: center;\">La qualit\u00e9 rencontre la durabilit\u00e9<\/h2>\n<p>[\/vc_column_text][\/vc_column_inner][\/vc_row_inner][vc_row_inner css=&#8221;.vc_custom_1736007696159{margin-bottom: 50px !important;}&#8221;][vc_column_inner][vc_column_text css=&#8221;&#8221;]L&#8217;un des grands avantages des films transfert de Supacolour est le grand nombre de spectres de couleurs qui peuvent \u00eatre couverts dans la production. Normalement, dans l&#8217;impression textile, on ne peut travailler qu&#8217;avec le spectre de couleurs standard, ce qui n&#8217;est pas le cas ici. Avec Supacolour, il y a plus de quarante couleurs qui peuvent \u00eatre repr\u00e9sent\u00e9es. Mais pour Stefan Gradwohl, le plus important est autre chose : gr\u00e2ce au nouveau processus, comme les couleurs \u00e0 base d&#8217;eau qui, en outre, pr\u00e9servent l&#8217;environnement, les couleurs sont \u00e0 cent pour cent identiques \u00e0 chaque impression. Cela signifie que pour chaque client, il est possible de proposer exactement les couleurs qui sont ancr\u00e9es dans l&#8217;identit\u00e9 de l&#8217;entreprise.<\/p>\n<p>C&#8217;est ainsi que Logotex a r\u00e9ussi \u00e0 attirer les clients qui lui commandent aujourd&#8217;hui des maillots et d&#8217;autres textiles. Bien entendu, il mise \u00e9galement sur la durabilit\u00e9 des films et des motifs qui y sont imprim\u00e9s. Pas de m\u00e9taux lourds, pas de produits chimiques toxiques : chez Supacolour, on ne parle pas seulement de durabilit\u00e9, on la vit aussi. Outre ces avantages, l&#8217;\u00e9ventail des films propos\u00e9s est convaincant. Outre les DTF normaux, des compositions sp\u00e9ciales sont propos\u00e9es pour diff\u00e9rents fils et mat\u00e9riaux. Ainsi, les techniciens publicitaires qui commandent chez Supacolour ont toujours exactement le film qui convient au textile.[\/vc_column_text][\/vc_column_inner][\/vc_row_inner][vc_row_inner][vc_column_inner][vc_column_text css=&#8221;&#8221;]<\/p>\n<h2 class=\"d4-sa-text-heading\" style=\"text-align: center;\">R\u00e9volutionner le march\u00e9 allemand de l&#8217;impression textile<\/h2>\n<p>[\/vc_column_text][\/vc_column_inner][\/vc_row_inner][vc_row_inner css=&#8221;.vc_custom_1736007700995{margin-bottom: 50px !important;}&#8221;][vc_column_inner][vc_column_text css=&#8221;&#8221;]Aujourd&#8217;hui, Supacolour et Logotex, autour de Stefan Gradwohl et de son \u00e9quipe, se consacrent \u00e0 de nouveaux d\u00e9fis. En Allemagne, Supacolour est encore une page presque blanche malgr\u00e9 ses arguments convaincants. Cela est principalement d\u00fb au manque de r\u00e9seau de distribution. Celui qui commandait chez Supacolour devait s&#8217;occuper de l&#8217;importation et des droits de douane et \u00e9tait tr\u00e8s seul dans le processus pour obtenir son propre motif sur les films de haute qualit\u00e9.<\/p>\n<p>Ceci est d\u00e9sormais termin\u00e9. Avec le site web de Supacolour pour le march\u00e9 allemand, une plate-forme de commande est cr\u00e9\u00e9e pour tout le monde. Petits et grands techniciens de la publicit\u00e9 peuvent y passer commande et s&#8217;engager dans le m\u00eame voyage commercial que Supacolour a d\u00e9j\u00e0 entrepris avec Logotex. Stefan Gradwohl et Logotex se chargent de la logistique et de la distribution dans le cadre de cette collaboration : ils importent et livrent \u00e0 tous les clients de l&#8217;espace allemand dans les 72 heures et veillent \u00e0 ce que Supacolour devienne le nouveau standard pour l&#8217;impression textile avec des films &#8211; les clients m\u00e9ritent de meilleures impressions sur leurs textiles, Logotex et Supacolour veillent \u00e0 ce que cela devienne une r\u00e9alit\u00e9.[\/vc_column_text][\/vc_column_inner][\/vc_row_inner][\/vc_column][\/vc_row][vc_row][vc_column][vc_column_text]<\/p>\n<p>[\/vc_column_text][\/vc_column][\/vc_row]<\/p>\n<\/div>","protected":false},"excerpt":{"rendered":"<p>[vc_row css=&#8221;.vc_custom_1736007938986{margin-top: 50px !important;margin-bottom: 100px !important;}&#8221;][vc_column][vc_row_inner][vc_column_inner][vc_column_text css=&#8221;&#8221;] Supacolour UK Ltd. X Logotex Europe GmbH &amp; Co. KG [\/vc_column_text][\/vc_column_inner][\/vc_row_inner][vc_row_inner css=&#8221;.vc_custom_1736007602759{margin-bottom: 50px !important;}&#8221;][vc_column_inner][vc_column_text css=&#8221;&#8221;]\u00c0 Waltrop, Stefan Gradwohl se tient devant les machines de son entreprise d&#8217;ennoblissement textile. Le g\u00e9rant observe attentivement la mani\u00e8re dont les diff\u00e9rents maillots sont fabriqu\u00e9s pour ses gros clients. De grandes machines d&#8217;impression [&hellip;]<\/p>\n","protected":false},"author":2,"featured_media":0,"parent":0,"menu_order":0,"comment_status":"closed","ping_status":"open","template":"page-visual-composer.php","meta":{"_acf_changed":false,"footnotes":""},"class_list":["post-5524","page","type-page","status-publish","hentry"],"featured_image_src":null,"acf":[],"_links":{"self":[{"href":"https:\/\/supacolour.eu\/pl\/wp-json\/wp\/v2\/pages\/5524","targetHints":{"allow":["GET"]}}],"collection":[{"href":"https:\/\/supacolour.eu\/pl\/wp-json\/wp\/v2\/pages"}],"about":[{"href":"https:\/\/supacolour.eu\/pl\/wp-json\/wp\/v2\/types\/page"}],"author":[{"embeddable":true,"href":"https:\/\/supacolour.eu\/pl\/wp-json\/wp\/v2\/users\/2"}],"replies":[{"embeddable":true,"href":"https:\/\/supacolour.eu\/pl\/wp-json\/wp\/v2\/comments?post=5524"}],"version-history":[{"count":5,"href":"https:\/\/supacolour.eu\/pl\/wp-json\/wp\/v2\/pages\/5524\/revisions"}],"predecessor-version":[{"id":5674,"href":"https:\/\/supacolour.eu\/pl\/wp-json\/wp\/v2\/pages\/5524\/revisions\/5674"}],"wp:attachment":[{"href":"https:\/\/supacolour.eu\/pl\/wp-json\/wp\/v2\/media?parent=5524"}],"curies":[{"name":"wp","href":"https:\/\/api.w.org\/{rel}","templated":true}]}}