{"id":5630,"date":"2025-01-04T16:54:21","date_gmt":"2025-01-04T15:54:21","guid":{"rendered":"http:\/\/al-bakri.milazar-media.de\/?page_id=5630"},"modified":"2025-01-27T10:54:59","modified_gmt":"2025-01-27T09:54:59","slug":"szablon-wydruku","status":"publish","type":"page","link":"https:\/\/supacolour.eu\/pl\/szablon-wydruku\/","title":{"rendered":"Szablon wydruku"},"content":{"rendered":"<div class=\"wpb-content-wrapper\"><p>[vc_row fullwidth=&#8221;1&#8243;][vc_column][vc_raw_html css=&#8221;&#8221;]JTVCcmV2X3NsaWRlciUyMGFsaWFzJTNEJTIyc2xpZGVyLWRydWNrdm9ybGFnZS1wb2wlMjIlNUQlNUIlMkZyZXZfc2xpZGVyJTVE[\/vc_raw_html][\/vc_column][\/vc_row][vc_row css=&#8221;.vc_custom_1737650616034{margin-top: 40px !important;margin-bottom: 40px !important;}&#8221;][vc_column][vc_column_text css=&#8221;&#8221;]<\/p>\n<h2 style=\"text-align: center;\"><span style=\"color: #ffffff;\">Szablony, kt\u00f3re pomog\u0105 Ci drukowa\u0107 jak profesjonalista.<\/span><\/h2>\n<p style=\"text-align: center;\"><span style=\"color: #ffffff;\">Sprawili\u015bmy, \u017ce ustalenie rozmiaru Supacolour i przygotowanie grafiki jest niezwykle proste dzi\u0119ki naszym szablonom. Wystarczy wybra\u0107 odpowiedni rozmiar transferu, a nast\u0119pnie klikn\u0105\u0107 przycisk pobierania szablonu. Do\u0142\u0105czyli\u015bmy szablony dla program\u00f3w Illustrator, Photoshop i PDF.<\/span><\/p>\n<p>[\/vc_column_text][\/vc_column][\/vc_row][vc_row css=&#8221;.vc_custom_1737724684650{margin-bottom: 40px !important;background-color: #34343300 !important;}&#8221;][vc_column width=&#8221;1\/2&#8243; css=&#8221;.vc_custom_1737724742831{background-color: #343433 !important;}&#8221;][vc_single_image image=&#8221;6428&#8243; img_size=&#8221;580&#215;580&#8243; css=&#8221;&#8221;][vc_btn title=&#8221;Pobierz wszystkie szablony&#8221; size=&#8221;lg&#8221; css=&#8221;.vc_custom_1737971476130{padding-top: 50px !important;}&#8221; link=&#8221;url:http%3A%2F%2Fal-bakri.milazar-media.de%2Fwp-content%2Fuploads%2F2025%2F01%2FSupacolour_DF_All1.zip&#8221; el_class=&#8221;d4-cr-supadtf&#8221;][\/vc_column][vc_column width=&#8221;1\/2&#8243; css=&#8221;.vc_custom_1737724749204{background-color: #343433 !important;}&#8221;][vc_single_image image=&#8221;6439&#8243; img_size=&#8221;full&#8221; css=&#8221;.vc_custom_1737650489522{margin-top: 20px !important;}&#8221;][vc_column_text css=&#8221;&#8221;]<\/p>\n<h3 id=\"headline-193-12\" class=\"ct-headline\">Dost\u0119pne rozmiary.<\/h3>\n<p>[\/vc_column_text][vc_btn title=&#8221;A3 300&#215;420&#8243; size=&#8221;lg&#8221; css=&#8221;&#8221; link=&#8221;url:http%3A%2F%2Fal-bakri.milazar-media.de%2Fwp-content%2Fuploads%2F2025%2F01%2FSupacolour_DF_A3_300x420.zip&#8221; el_class=&#8221;d4-rc-a3-300&#215;420&#8243;][vc_btn title=&#8221;XL 550&#215;500&#8243; size=&#8221;lg&#8221; css=&#8221;&#8221; link=&#8221;url:http%3A%2F%2Fal-bakri.milazar-media.de%2Fwp-content%2Fuploads%2F2025%2F01%2FSupacolour_DF_XL_550x500.zip&#8221; el_class=&#8221;d4-cr-xl&#8221;][vc_btn title=&#8221;1M 1000&#215;550&#8243; size=&#8221;lg&#8221; css=&#8221;&#8221; link=&#8221;url:http%3A%2F%2Fal-bakri.milazar-media.de%2Fwp-content%2Fuploads%2F2025%2F01%2FSupacolour_DF_1M_1000x550.zip&#8221; el_class=&#8221;d4-cr-1m&#8221;][\/vc_column][\/vc_row][vc_row css=&#8221;.vc_custom_1737650630511{margin-bottom: 40px !important;}&#8221;][vc_column][vc_column_text css=&#8221;&#8221;]<\/p>\n<h2 id=\"headline-17-12\" class=\"ct-headline\" style=\"text-align: center;\"><span style=\"color: #ffffff;\">Supagang.<\/span><\/h2>\n<p>[\/vc_column_text][\/vc_column][\/vc_row][vc_row css=&#8221;.vc_custom_1737709313508{margin-bottom: 40px !important;background-color: #34343300 !important;}&#8221;][vc_column width=&#8221;1\/2&#8243; css=&#8221;.vc_custom_1737712140495{background-color: #343433 !important;}&#8221;][vc_single_image image=&#8221;6455&#8243; img_size=&#8221;580&#215;580&#8243; css=&#8221;.vc_custom_1737711000968{border-right-width: -10px !important;}&#8221;][vc_btn title=&#8221;Pobierz wszystkie szablony&#8221; size=&#8221;lg&#8221; css=&#8221;.vc_custom_1737971491773{padding-top: 10px !important;}&#8221; link=&#8221;url:http%3A%2F%2Fal-bakri.milazar-media.de%2Fwp-content%2Fuploads%2F2025%2F01%2FSupacolour_SUPAGANG_All.zip&#8221; el_class=&#8221;d4-cr-supagang&#8221;][\/vc_column][vc_column width=&#8221;1\/2&#8243; css=&#8221;.vc_custom_1737712134341{background-color: #343433 !important;}&#8221;][vc_row_inner][vc_column_inner width=&#8221;1\/2&#8243;][vc_single_image image=&#8221;6567&#8243; img_size=&#8221;full&#8221; css=&#8221;.vc_custom_1737650795432{margin-top: 20px !important;}&#8221;][\/vc_column_inner][vc_column_inner width=&#8221;1\/2&#8243;][vc_single_image image=&#8221;6572&#8243; img_size=&#8221;full&#8221; css=&#8221;.vc_custom_1737650822516{margin-top: 20px !important;}&#8221;][\/vc_column_inner][\/vc_row_inner][vc_row_inner][vc_column_inner width=&#8221;1\/2&#8243;][vc_single_image image=&#8221;6577&#8243; img_size=&#8221;full&#8221; css=&#8221;.vc_custom_1737650807027{margin-top: 20px !important;}&#8221;][\/vc_column_inner][vc_column_inner width=&#8221;1\/2&#8243;][vc_single_image image=&#8221;6556&#8243; img_size=&#8221;full&#8221; css=&#8221;.vc_custom_1737650826659{margin-top: 20px !important;}&#8221;][\/vc_column_inner][\/vc_row_inner][vc_column_text css=&#8221;&#8221;]<\/p>\n<h3 id=\"headline-193-12\" class=\"ct-headline\">Dost\u0119pne rozmiary.<\/h3>\n<p>[\/vc_column_text][vc_btn title=&#8221;A5 150&#215;210&#8243; size=&#8221;lg&#8221; css=&#8221;&#8221; link=&#8221;url:http%3A%2F%2Fal-bakri.milazar-media.de%2Fwp-content%2Fuploads%2F2025%2F01%2FSupacolour_SUPAGANG_A5_150x210.zip&#8221; el_class=&#8221;d4-cr-a5-150&#215;210&#8243;][vc_btn title=&#8221;A4 210&#215;300&#8243; size=&#8221;lg&#8221; css=&#8221;&#8221; link=&#8221;url:http%3A%2F%2Fal-bakri.milazar-media.de%2Fwp-content%2Fuploads%2F2025%2F01%2FSupacolour_SUPAGANG_A4_210x300.zip&#8221; el_class=&#8221;d4-cr-a4-210&#215;300&#8243;][vc_btn title=&#8221;A3 300&#215;420&#8243; size=&#8221;lg&#8221; css=&#8221;&#8221; link=&#8221;url:http%3A%2F%2Fal-bakri.milazar-media.de%2Fwp-content%2Fuploads%2F2025%2F01%2FSupacolour_SUPAGANG_A3_300x420.zip&#8221; el_class=&#8221;d4-cr-a3-300&#215;420&#8243;][\/vc_column][\/vc_row][vc_row css=&#8221;.vc_custom_1737650645297{margin-bottom: 40px !important;}&#8221;][vc_column][vc_column_text css=&#8221;&#8221;]<\/p>\n<h2 id=\"headline-50-12\" class=\"ct-headline\" style=\"text-align: center;\"><span style=\"color: #ffffff;\">Do noszenia, Blocker i Softshell Blocker.<\/span><\/h2>\n<p>[\/vc_column_text][\/vc_column][\/vc_row][vc_row css=&#8221;.vc_custom_1737651108840{margin-bottom: 40px !important;background-color: #34343300 !important;}&#8221;][vc_column width=&#8221;1\/2&#8243; css=&#8221;.vc_custom_1737712147815{background-color: #343433 !important;}&#8221;][vc_single_image image=&#8221;6468&#8243; img_size=&#8221;580&#215;580&#8243; css=&#8221;&#8221;][vc_btn title=&#8221;Pobierz wszystkie szablony&#8221; size=&#8221;lg&#8221; css=&#8221;.vc_custom_1737971504885{padding-top: 10px !important;}&#8221; link=&#8221;url:http%3A%2F%2Fal-bakri.milazar-media.de%2Fwp-content%2Fuploads%2F2025%2F01%2FSupacolour_WE.BL_.SB_All.zip&#8221; el_class=&#8221;d4-cr-shirt&#8221;][\/vc_column][vc_column width=&#8221;1\/2&#8243; css=&#8221;.vc_custom_1737651101339{background-color: #343433 !important;}&#8221;][vc_row_inner][vc_column_inner width=&#8221;1\/2&#8243;][vc_single_image image=&#8221;6567&#8243; img_size=&#8221;full&#8221; css=&#8221;.vc_custom_1737650846257{margin-top: 20px !important;}&#8221;][\/vc_column_inner][vc_column_inner width=&#8221;1\/2&#8243;][vc_single_image image=&#8221;6572&#8243; img_size=&#8221;full&#8221; css=&#8221;.vc_custom_1737650865255{margin-top: 20px !important;}&#8221;][\/vc_column_inner][\/vc_row_inner][vc_row_inner][vc_column_inner width=&#8221;1\/2&#8243;][vc_single_image image=&#8221;6577&#8243; img_size=&#8221;full&#8221; css=&#8221;.vc_custom_1737650852069{margin-top: 20px !important;}&#8221;][\/vc_column_inner][\/vc_row_inner][vc_column_text css=&#8221;&#8221;]<\/p>\n<h3 id=\"headline-193-12\" class=\"ct-headline\">Dost\u0119pne rozmiary.<\/h3>\n<p>[\/vc_column_text][vc_btn title=&#8221;XS&#8221; size=&#8221;lg&#8221; css=&#8221;&#8221; link=&#8221;url:http%3A%2F%2Fal-bakri.milazar-media.de%2Fwp-content%2Fuploads%2F2025%2F01%2FSupacolour_WE.BL_.SB_XS_40x40.zip&#8221; el_class=&#8221;d4-cr-xs&#8221;][vc_btn title=&#8221;SM&#8221; size=&#8221;lg&#8221; css=&#8221;&#8221; link=&#8221;url:http%3A%2F%2Fal-bakri.milazar-media.de%2Fwp-content%2Fuploads%2F2025%2F01%2FSupacolour_WE.BL_.SB_SM_60x60.zip&#8221; el_class=&#8221;d4-cr-sm&#8221;][vc_btn title=&#8221;LC&#8221; size=&#8221;lg&#8221; css=&#8221;&#8221; link=&#8221;url:http%3A%2F%2Fal-bakri.milazar-media.de%2Fwp-content%2Fuploads%2F2025%2F01%2FSupacolour_WE.BL_.SB_LC_100x100.zip&#8221; el_class=&#8221;d4-cr-lc&#8221;][vc_btn title=&#8221;A5&#8243; size=&#8221;lg&#8221; css=&#8221;&#8221; link=&#8221;url:http%3A%2F%2Fal-bakri.milazar-media.de%2Fwp-content%2Fuploads%2F2025%2F01%2FSupacolour_WE.BL_.SB_A5_210x150.zip&#8221; el_class=&#8221;d4-cr-a5&#8243;][vc_btn title=&#8221;A5 D\u0142ugi&#8221; size=&#8221;lg&#8221; css=&#8221;&#8221; link=&#8221;url:http%3A%2F%2Fal-bakri.milazar-media.de%2Fwp-content%2Fuploads%2F2025%2F01%2FSupacolour_WE.BL_.SB_A5_Long_105x300.zip&#8221; el_class=&#8221;d4-cr-a5-long&#8221;][vc_btn title=&#8221;A4&#8243; size=&#8221;lg&#8221; css=&#8221;&#8221; link=&#8221;url:http%3A%2F%2Fal-bakri.milazar-media.de%2Fwp-content%2Fuploads%2F2025%2F01%2FSupacolour_WE.BL_.SB_A4_210x300.zip&#8221; el_class=&#8221;d4-cr-a4&#8243;][vc_btn title=&#8221;A4 D\u0142ugi&#8221; size=&#8221;lg&#8221; css=&#8221;&#8221; link=&#8221;url:http%3A%2F%2Fal-bakri.milazar-media.de%2Fwp-content%2Fuploads%2F2025%2F01%2FSupacolour_WE.BL_.SB_A4_Long_150x420.zip&#8221; el_class=&#8221;d4-cr-a4-long&#8221;][vc_btn title=&#8221;SQ&#8221; size=&#8221;lg&#8221; css=&#8221;&#8221; link=&#8221;url:http%3A%2F%2Fal-bakri.milazar-media.de%2Fwp-content%2Fuploads%2F2025%2F01%2FSupacolour_WE.BL_.SB_SQ_300x300.zip&#8221; el_class=&#8221;d4-cr-sq&#8221;][vc_btn title=&#8221;A3&#8243; size=&#8221;lg&#8221; css=&#8221;&#8221; link=&#8221;url:http%3A%2F%2Fal-bakri.milazar-media.de%2Fwp-content%2Fuploads%2F2025%2F01%2FSupacolour_WE.BL_.SB_A3_300x420.zip&#8221; el_class=&#8221;d4-cr-a3&#8243;][vc_btn title=&#8221;SupaGang&#8221; size=&#8221;lg&#8221; css=&#8221;&#8221; link=&#8221;url:http%3A%2F%2Fal-bakri.milazar-media.de%2Fwp-content%2Fuploads%2F2025%2F01%2FSupacolour_WE.BL_.SB_SUPAGANG_300x420.zip&#8221; el_class=&#8221;d4-cr-supagang-colour&#8221;][\/vc_column][\/vc_row][vc_row css=&#8221;.vc_custom_1737650650517{margin-bottom: 40px !important;}&#8221;][vc_column][vc_column_text css=&#8221;&#8221;]<\/p>\n<h2 id=\"headline-113-12\" class=\"ct-headline\" style=\"text-align: center;\"><span style=\"color: #ffffff;\">Nakrycia g\u0142owy.<\/span><\/h2>\n<p>[\/vc_column_text][\/vc_column][\/vc_row][vc_row css=&#8221;.vc_custom_1737651116030{margin-bottom: 40px !important;background-color: #34343300 !important;}&#8221;][vc_column width=&#8221;1\/2&#8243; css=&#8221;.vc_custom_1737712160443{background-color: #343433 !important;}&#8221;][vc_single_image image=&#8221;6506&#8243; img_size=&#8221;580&#215;580&#8243; css=&#8221;&#8221;][vc_btn title=&#8221;Pobierz wszystkie szablony&#8221; size=&#8221;lg&#8221; css=&#8221;.vc_custom_1737971522957{padding-top: 10px !important;}&#8221; link=&#8221;url:http%3A%2F%2Fal-bakri.milazar-media.de%2Fwp-content%2Fuploads%2F2025%2F01%2FSupacolour_HW_CAP_All.zip&#8221; el_class=&#8221;d4-cr-cap&#8221;][\/vc_column][vc_column width=&#8221;1\/2&#8243; css=&#8221;.vc_custom_1737651123381{background-color: #343433 !important;}&#8221;][vc_single_image image=&#8221;6562&#8243; img_size=&#8221;full&#8221; css=&#8221;.vc_custom_1737734224395{margin-top: 20px !important;}&#8221;][vc_column_text css=&#8221;&#8221;]<\/p>\n<h3 id=\"headline-193-12\" class=\"ct-headline\">Dost\u0119pne rozmiary.<\/h3>\n<p>[\/vc_column_text][vc_btn title=&#8221;SM&#8221; size=&#8221;lg&#8221; css=&#8221;&#8221; link=&#8221;url:http%3A%2F%2Fal-bakri.milazar-media.de%2Fwp-content%2Fuploads%2F2025%2F01%2FSupacolour_HW_CAP_SM_60x60.zip&#8221; el_class=&#8221;d4-cr-sm&#8221;][vc_btn title=&#8221;LG&#8221; size=&#8221;lg&#8221; css=&#8221;&#8221; link=&#8221;url:http%3A%2F%2Fal-bakri.milazar-media.de%2Fwp-content%2Fuploads%2F2025%2F01%2FSupacolour_HW_CAP_LG_120x60.zip&#8221; el_class=&#8221;d4-cr-lg&#8221;][\/vc_column][\/vc_row][vc_row css=&#8221;.vc_custom_1737650660422{margin-bottom: 40px !important;}&#8221;][vc_column][vc_column_text css=&#8221;&#8221;]<\/p>\n<h2 id=\"headline-113-12\" class=\"ct-headline\" style=\"text-align: center;\"><span style=\"color: #ffffff;\">Promocja.<\/span><\/h2>\n<p>[\/vc_column_text][\/vc_column][\/vc_row][vc_row css=&#8221;.vc_custom_1737651129713{margin-bottom: 40px !important;background-color: #34343300 !important;}&#8221;][vc_column width=&#8221;1\/2&#8243; css=&#8221;.vc_custom_1737712166430{background-color: #343433 !important;}&#8221;][vc_single_image image=&#8221;6517&#8243; img_size=&#8221;580&#215;580&#8243; css=&#8221;&#8221;][vc_btn title=&#8221;Pobierz wszystkie szablony&#8221; size=&#8221;lg&#8221; css=&#8221;.vc_custom_1737971535168{padding-top: 10px !important;}&#8221; link=&#8221;url:http%3A%2F%2Fal-bakri.milazar-media.de%2Fwp-content%2Fuploads%2F2025%2F01%2FSupacolour_PR_BAG_All.zip&#8221; el_class=&#8221;d4-cr-bag&#8221;][\/vc_column][vc_column width=&#8221;1\/2&#8243; css=&#8221;.vc_custom_1737651137930{background-color: #343433 !important;}&#8221;][vc_single_image image=&#8221;6556&#8243; img_size=&#8221;full&#8221; css=&#8221;.vc_custom_1737734235814{margin-top: 20px !important;}&#8221;][vc_column_text css=&#8221;&#8221;]<\/p>\n<h3 id=\"headline-193-12\" class=\"ct-headline\">Dost\u0119pne rozmiary.<\/h3>\n<p>[\/vc_column_text][vc_btn title=&#8221;A6&#8243; size=&#8221;lg&#8221; css=&#8221;&#8221; link=&#8221;url:http%3A%2F%2Fal-bakri.milazar-media.de%2Fwp-content%2Fuploads%2F2025%2F01%2FSupacolour_PR_BAG_A6_105x150.zip&#8221; el_class=&#8221;d4-cr-a6&#8243;][vc_btn title=&#8221;A5&#8243; size=&#8221;lg&#8221; css=&#8221;&#8221; link=&#8221;url:http%3A%2F%2Fal-bakri.milazar-media.de%2Fwp-content%2Fuploads%2F2025%2F01%2FSupacolour_PR_BAG_A5_150x210.zip&#8221; el_class=&#8221;d4-cr-a5&#8243;][vc_btn title=&#8221;A5 D\u0142ugi&#8221; size=&#8221;lg&#8221; css=&#8221;&#8221; link=&#8221;url:http%3A%2F%2Fal-bakri.milazar-media.de%2Fwp-content%2Fuploads%2F2025%2F01%2FSupacolour_PR_BAG_A5_Long_105x300.zip&#8221; el_class=&#8221;d4-cr-a5-long&#8221;][vc_btn title=&#8221;A4&#8243; size=&#8221;lg&#8221; css=&#8221;&#8221; link=&#8221;url:http%3A%2F%2Fal-bakri.milazar-media.de%2Fwp-content%2Fuploads%2F2025%2F01%2FSupacolour_PR_BAG_A4_300x210.zip&#8221; el_class=&#8221;d4-cr-a4&#8243;][vc_btn title=&#8221;A4 D\u0142ugi&#8221; size=&#8221;lg&#8221; css=&#8221;&#8221; link=&#8221;url:http%3A%2F%2Fal-bakri.milazar-media.de%2Fwp-content%2Fuploads%2F2025%2F01%2FSupacolour_PR_BAG_A4_Long_150x420.zip&#8221; el_class=&#8221;d4-cr-a4-long&#8221;][vc_btn title=&#8221;A3&#8243; size=&#8221;lg&#8221; css=&#8221;&#8221; link=&#8221;url:http%3A%2F%2Fal-bakri.milazar-media.de%2Fwp-content%2Fuploads%2F2025%2F01%2FSupacolour_PR_BAG_A3_300x420.zip&#8221; el_class=&#8221;d4-cr-a3&#8243;][\/vc_column][\/vc_row]<\/p>\n<\/div>","protected":false},"excerpt":{"rendered":"<p>[vc_row fullwidth=&#8221;1&#8243;][vc_column][vc_raw_html css=&#8221;&#8221;]JTVCcmV2X3NsaWRlciUyMGFsaWFzJTNEJTIyc2xpZGVyLWRydWNrdm9ybGFnZS1wb2wlMjIlNUQlNUIlMkZyZXZfc2xpZGVyJTVE[\/vc_raw_html][\/vc_column][\/vc_row][vc_row css=&#8221;.vc_custom_1737650616034{margin-top: 40px !important;margin-bottom: 40px !important;}&#8221;][vc_column][vc_column_text css=&#8221;&#8221;] Szablony, kt\u00f3re pomog\u0105 Ci drukowa\u0107 jak profesjonalista. Sprawili\u015bmy, \u017ce ustalenie rozmiaru Supacolour i przygotowanie grafiki jest niezwykle proste dzi\u0119ki naszym szablonom. Wystarczy wybra\u0107 odpowiedni rozmiar transferu, a nast\u0119pnie klikn\u0105\u0107 przycisk pobierania szablonu. Do\u0142\u0105czyli\u015bmy szablony dla program\u00f3w Illustrator, Photoshop i PDF. [\/vc_column_text][\/vc_column][\/vc_row][vc_row css=&#8221;.vc_custom_1737724684650{margin-bottom: 40px !important;background-color: #34343300 !important;}&#8221;][vc_column [&hellip;]<\/p>\n","protected":false},"author":2,"featured_media":0,"parent":0,"menu_order":0,"comment_status":"closed","ping_status":"open","template":"","meta":{"_acf_changed":false,"footnotes":""},"class_list":["post-5630","page","type-page","status-publish","hentry"],"featured_image_src":null,"acf":[],"_links":{"self":[{"href":"https:\/\/supacolour.eu\/pl\/wp-json\/wp\/v2\/pages\/5630","targetHints":{"allow":["GET"]}}],"collection":[{"href":"https:\/\/supacolour.eu\/pl\/wp-json\/wp\/v2\/pages"}],"about":[{"href":"https:\/\/supacolour.eu\/pl\/wp-json\/wp\/v2\/types\/page"}],"author":[{"embeddable":true,"href":"https:\/\/supacolour.eu\/pl\/wp-json\/wp\/v2\/users\/2"}],"replies":[{"embeddable":true,"href":"https:\/\/supacolour.eu\/pl\/wp-json\/wp\/v2\/comments?post=5630"}],"version-history":[{"count":5,"href":"https:\/\/supacolour.eu\/pl\/wp-json\/wp\/v2\/pages\/5630\/revisions"}],"predecessor-version":[{"id":6940,"href":"https:\/\/supacolour.eu\/pl\/wp-json\/wp\/v2\/pages\/5630\/revisions\/6940"}],"wp:attachment":[{"href":"https:\/\/supacolour.eu\/pl\/wp-json\/wp\/v2\/media?parent=5630"}],"curies":[{"name":"wp","href":"https:\/\/api.w.org\/{rel}","templated":true}]}}