{"id":5646,"date":"2025-01-04T12:25:53","date_gmt":"2025-01-04T11:25:53","guid":{"rendered":"http:\/\/al-bakri.milazar-media.de\/?page_id=5646"},"modified":"2025-04-02T10:07:38","modified_gmt":"2025-04-02T08:07:38","slug":"informacje-o-wysylce","status":"publish","type":"page","link":"https:\/\/supacolour.eu\/pl\/informacje-o-wysylce\/","title":{"rendered":"Informacje o wysy\u0142ce"},"content":{"rendered":"<div class=\"wpb-content-wrapper\"><p>[vc_row][vc_column][vc_column_text css=&#8221;&#8221;]Informacje o wysy\u0142ce<br \/>\nWsp\u00f3\u0142pracujemy z wiod\u0105cymi dostawcami us\u0142ug wysy\u0142kowych<br \/>\nFedEx, DHL i UPS, aby szybko i bezpiecznie<br \/>\ndostarcza\u0107 zam\u00f3wienia szybko i bezpiecznie.<br \/>\nCzas przetwarzania i dostawy<\/p>\n<p>Zam\u00f3wienia z\u0142o\u017cone do godziny 9:00 s\u0105 przetwarzane i wysy\u0142ane tego samego dnia roboczego.<br \/>\ni wysy\u0142ane.<\/p>\n<p>Zam\u00f3wienia z\u0142o\u017cone po godzinie 9:00: s\u0105 wysy\u0142ane nast\u0119pnego dnia roboczego.<br \/>\nCzas dostawy (w zale\u017cno\u015bci od dokonanego wyboru):<\/p>\n<p>\u25cf Wysy\u0142ka standardowa: 2 &#8211; 5 dni roboczych<\/p>\n<p>Przesy\u0142ka ekspresowa: 1 &#8211; 2 dni robocze<\/p>\n<p>Koszty wysy\u0142ki<br \/>\nKoszty wysy\u0142ki zale\u017c\u0105 od wagi, rozmiaru i miejsca docelowego przesy\u0142ki. Dok\u0142adne koszty zostan\u0105 wy\u015bwietlone podczas procesu sk\u0142adania zam\u00f3wienia.<br \/>\n\u015aledzenie przesy\u0142ki Po wys\u0142aniu zam\u00f3wienia otrzymasz wiadomo\u015b\u0107 e-mail z numerem przesy\u0142ki. Mo\u017cna go u\u017cy\u0107 do sprawdzenia statusu przesy\u0142ki online w dowolnym momencie:<\/p>\n<p>\u25cf FedEx: www.fedex.com<\/p>\n<p>DHL: www.dhl.de<\/p>\n<p>UPS: www.ups.com<\/p>\n<p>Dodatkowe informacje:<\/p>\n<p>\u25cf Op\u0142aty celne: W przypadku przesy\u0142ek mi\u0119dzynarodowych mog\u0105 obowi\u0105zywa\u0107 dodatkowe op\u0142aty celne lub importowe, kt\u00f3re musz\u0105 zosta\u0107 uiszczone przez odbiorc\u0119.<\/p>\n<p>Ubezpieczenie transportowe: Przesy\u0142ka jest standardowo ubezpieczona. Na \u017cyczenie<br \/>\nmo\u017cna wykupi\u0107 dodatkowe ubezpieczenie transportowe. Obs\u0142uga klienta<br \/>\nJe\u015bli masz jakie\u015b specjalne \u017cyczenia dotycz\u0105ce wysy\u0142ki lub potrzebujesz wsparcia, nasz zesp\u00f3\u0142 obs\u0142ugi klienta z przyjemno\u015bci\u0105 Ci pomo\u017ce.[\/vc_column_text][\/vc_column][\/vc_row]<\/p>\n<\/div>","protected":false},"excerpt":{"rendered":"<p>[vc_row][vc_column][vc_column_text css=&#8221;&#8221;]Informacje o wysy\u0142ce Wsp\u00f3\u0142pracujemy z wiod\u0105cymi dostawcami us\u0142ug wysy\u0142kowych FedEx, DHL i UPS, aby szybko i bezpiecznie dostarcza\u0107 zam\u00f3wienia szybko i bezpiecznie. Czas przetwarzania i dostawy Zam\u00f3wienia z\u0142o\u017cone do godziny 9:00 s\u0105 przetwarzane i wysy\u0142ane tego samego dnia roboczego. i wysy\u0142ane. Zam\u00f3wienia z\u0142o\u017cone po godzinie 9:00: s\u0105 wysy\u0142ane nast\u0119pnego dnia roboczego. Czas dostawy (w [&hellip;]<\/p>\n","protected":false},"author":2,"featured_media":0,"parent":0,"menu_order":0,"comment_status":"closed","ping_status":"open","template":"","meta":{"_acf_changed":false,"footnotes":""},"class_list":["post-5646","page","type-page","status-publish","hentry"],"featured_image_src":null,"acf":[],"_links":{"self":[{"href":"https:\/\/supacolour.eu\/pl\/wp-json\/wp\/v2\/pages\/5646","targetHints":{"allow":["GET"]}}],"collection":[{"href":"https:\/\/supacolour.eu\/pl\/wp-json\/wp\/v2\/pages"}],"about":[{"href":"https:\/\/supacolour.eu\/pl\/wp-json\/wp\/v2\/types\/page"}],"author":[{"embeddable":true,"href":"https:\/\/supacolour.eu\/pl\/wp-json\/wp\/v2\/users\/2"}],"replies":[{"embeddable":true,"href":"https:\/\/supacolour.eu\/pl\/wp-json\/wp\/v2\/comments?post=5646"}],"version-history":[{"count":3,"href":"https:\/\/supacolour.eu\/pl\/wp-json\/wp\/v2\/pages\/5646\/revisions"}],"predecessor-version":[{"id":7518,"href":"https:\/\/supacolour.eu\/pl\/wp-json\/wp\/v2\/pages\/5646\/revisions\/7518"}],"wp:attachment":[{"href":"https:\/\/supacolour.eu\/pl\/wp-json\/wp\/v2\/media?parent=5646"}],"curies":[{"name":"wp","href":"https:\/\/api.w.org\/{rel}","templated":true}]}}