{"id":5711,"date":"2025-01-06T13:28:33","date_gmt":"2025-01-06T12:28:33","guid":{"rendered":"http:\/\/al-bakri.milazar-media.de\/produkt\/supacolour-wearable-mehrfachnutzen\/"},"modified":"2025-03-11T14:58:22","modified_gmt":"2025-03-11T13:58:22","slug":"supacolour-wearable-wiele-korzysci","status":"publish","type":"product","link":"https:\/\/supacolour.eu\/pl\/produkt\/supacolour-wearable-wiele-korzysci\/","title":{"rendered":"Supacolour &#8211; Wearable (Wiele korzy\u015bci)"},"content":{"rendered":"<div class=\"row\">\n<div class=\"large-12 columns margin-bottom-10\">\n<h2><strong>Do noszenia.<\/strong><\/h2>\n<p>Mi\u0119kkie, bardzo wytrzyma\u0142e, wi\u0119cej kolor\u00f3w, przyjazne dla \u015brodowiska.<\/p>\n<p>\u0141\u0105czymy te w\u0142a\u015bciwo\u015bci w naszym absolutnie flagowym produkcie \u201eWearable\u201d. Dzi\u0119ki temu produktowi mo\u017cesz cieszy\u0107 si\u0119 wszystkimi zaletami naszych wieloletnich bada\u0144 i rozwoju: nasz unikalny proces drukowania umo\u017cliwia nam wy\u015bwietlanie wi\u0119kszej liczby kolor\u00f3w ni\u017c jakakolwiek inna folia transferowa &#8211; i zawsze pracujemy bardzo dok\u0142adnie i osi\u0105gamy 100% sp\u00f3jno\u015b\u0107 kolor\u00f3w. Tak wi\u0119c ka\u017cdy nadruk wygl\u0105da dok\u0142adnie tak samo!<\/p>\n<p>Nasze folie do noszenia s\u0105 bardzo \u0142atwe w prasowaniu, a dzi\u0119ki specjalnie opracowanemu klejowi szybko i mocno przylegaj\u0105 do tekstyli\u00f3w &#8211; Twoja produkcja nigdy nie by\u0142a tak wydajna. Folie nadaj\u0105 si\u0119 do wszystkich tekstyli\u00f3w bawe\u0142nianych, takich jak T-shirty, bluzy z kapturem lub zwyk\u0142e bluzy. Dzi\u0119ki bia\u0142ej, wysokiej jako\u015bci warstwie bazowej, kolory nadruku b\u0142yszcz\u0105 na wszystkich kolorach tekstyli\u00f3w. Tworzy to nadruki jak nigdy dot\u0105d!<\/p>\n<\/div>\n<\/div>\n","protected":false},"excerpt":{"rendered":"<p>Folie transferowe do noszenia gwarantuj\u0105 wysokiej jako\u015bci, trwa\u0142e nadruki na tekstyliach o intensywnym blasku kolor\u00f3w. Specjalnie opracowany klej zapewnia niezawodn\u0105 przyczepno\u015b\u0107 do tekstyli\u00f3w bawe\u0142nianych, takich jak koszulki, bluzy z kapturem i swetry. \u0141atwe zastosowanie zapewniaj\u0105ce p\u0142ynny proces produkcji. Odporno\u015b\u0107 na pranie: do 60\u00b0C. Odkryj najwy\u017csz\u0105 jako\u015b\u0107 swoich tekstyli\u00f3w!<\/p>\n","protected":false},"featured_media":10485,"template":"","meta":{"_acf_changed":false,"wds_primary_product_brand":0,"wds_primary_product_cat":0},"product_brand":[],"product_cat":[312,335],"product_tag":[],"class_list":{"0":"post-5711","1":"product","2":"type-product","3":"status-publish","4":"has-post-thumbnail","6":"product_cat-transfer-pl","7":"product_cat-wearable-pl","9":"first","10":"instock","11":"taxable","12":"shipping-taxable","13":"purchasable","14":"product-type-variable"},"group_of_quantity":0,"min_quantity":10,"max_quantity":"","exclude_order_quantity_value_rules":"no","exclude_category_quantity_rules":"no","combine_variations":"no","acf":[],"_links":{"self":[{"href":"https:\/\/supacolour.eu\/pl\/wp-json\/wp\/v2\/product\/5711","targetHints":{"allow":["GET"]}}],"collection":[{"href":"https:\/\/supacolour.eu\/pl\/wp-json\/wp\/v2\/product"}],"about":[{"href":"https:\/\/supacolour.eu\/pl\/wp-json\/wp\/v2\/types\/product"}],"wp:featuredmedia":[{"embeddable":true,"href":"https:\/\/supacolour.eu\/pl\/wp-json\/wp\/v2\/media\/10485"}],"wp:attachment":[{"href":"https:\/\/supacolour.eu\/pl\/wp-json\/wp\/v2\/media?parent=5711"}],"wp:term":[{"taxonomy":"product_brand","embeddable":true,"href":"https:\/\/supacolour.eu\/pl\/wp-json\/wp\/v2\/product_brand?post=5711"},{"taxonomy":"product_cat","embeddable":true,"href":"https:\/\/supacolour.eu\/pl\/wp-json\/wp\/v2\/product_cat?post=5711"},{"taxonomy":"product_tag","embeddable":true,"href":"https:\/\/supacolour.eu\/pl\/wp-json\/wp\/v2\/product_tag?post=5711"}],"curies":[{"name":"wp","href":"https:\/\/api.w.org\/{rel}","templated":true}]}}