{"id":5775,"date":"2025-01-06T13:11:08","date_gmt":"2025-01-06T12:11:08","guid":{"rendered":"http:\/\/al-bakri.milazar-media.de\/produkt\/supacolour-wearable-1-colour-mehrfachnutzen\/"},"modified":"2025-03-11T14:55:43","modified_gmt":"2025-03-11T13:55:43","slug":"supacolour-wearable-1-colour-mehrfachnutzen","status":"publish","type":"product","link":"https:\/\/supacolour.eu\/pl\/produkt\/supacolour-wearable-1-colour-mehrfachnutzen\/","title":{"rendered":"Supacolour &#8211; Wearable (1 Colour, Mehrfachnutzen)"},"content":{"rendered":"<div class=\"row\">\n<div class=\"large-12 columns margin-bottom-10\">\n<h2><strong>Zdatny do noszenia.<\/strong><\/h2>\n<p>Mi\u0119kkie, bardzo trwa\u0142e, wi\u0119cej kolor\u00f3w, przyjazne dla \u015brodowiska.<\/p>\n<p>\u0141\u0105czymy te cechy w naszym absolutnie flagowym produkcie \u201eWearable\u201d. Dzi\u0119ki temu produktowi mo\u017cesz cieszy\u0107 si\u0119 wszystkimi zaletami naszych lat bada\u0144 i rozwoju: Nasz unikalny proces drukowania umo\u017cliwia nam wy\u015bwietlanie wi\u0119kszej liczby kolor\u00f3w ni\u017c na jakiejkolwiek innej folii transferowej &#8211; zawsze pracujemy bardzo precyzyjnie i osi\u0105gamy 100% sp\u00f3jno\u015bci kolor\u00f3w. Oznacza to, \u017ce ka\u017cdy wydruk wygl\u0105da dok\u0142adnie tak samo!<\/p>\n<p>Nasze folie do noszenia s\u0105 bardzo \u0142atwe do doci\u015bni\u0119cia, a dzi\u0119ki specjalnie opracowanemu klejowi szybko i mocno przyklejaj\u0105 si\u0119 do tekstyli\u00f3w &#8211; Twoja produkcja nigdy nie by\u0142a tak wydajna. Folie nadaj\u0105 si\u0119 do wszystkich tekstyli\u00f3w bawe\u0142nianych takich jak T-shirty, bluzy czy zwyk\u0142e bluzy. Dzi\u0119ki bia\u0142ej, wysokiej jako\u015bci warstwie bazowej kolory nadruku b\u0142yszcz\u0105 na wszystkich kolorach tekstyli\u00f3w. Tak powstaj\u0105 wydruki jak nigdy dot\u0105d!<\/p>\n<\/div>\n<\/div>\n","protected":false},"excerpt":{"rendered":"<p>Folie transferowe do noszenia gwarantuj\u0105 wysokiej jako\u015bci, trwa\u0142e nadruki na tekstyliach o intensywnym blasku kolor\u00f3w. Specjalnie opracowany klej zapewnia niezawodn\u0105 przyczepno\u015b\u0107 do tekstyli\u00f3w bawe\u0142nianych, takich jak koszulki, bluzy z kapturem i swetry. \u0141atwe zastosowanie zapewniaj\u0105ce p\u0142ynny proces produkcji. Odporno\u015b\u0107 na pranie: do 60\u00b0C. Odkryj najwy\u017csz\u0105 jako\u015b\u0107 swoich tekstyli\u00f3w!<\/p>\n","protected":false},"featured_media":10480,"template":"","meta":{"_acf_changed":false,"wds_primary_product_brand":0,"wds_primary_product_cat":0},"product_brand":[],"product_cat":[312,335],"product_tag":[],"class_list":{"0":"post-5775","1":"product","2":"type-product","3":"status-publish","4":"has-post-thumbnail","6":"product_cat-transfer-pl","7":"product_cat-wearable-pl","9":"first","10":"instock","11":"taxable","12":"shipping-taxable","13":"purchasable","14":"product-type-variable"},"group_of_quantity":0,"min_quantity":10,"max_quantity":"","exclude_order_quantity_value_rules":"no","exclude_category_quantity_rules":"no","combine_variations":"no","acf":[],"_links":{"self":[{"href":"https:\/\/supacolour.eu\/pl\/wp-json\/wp\/v2\/product\/5775","targetHints":{"allow":["GET"]}}],"collection":[{"href":"https:\/\/supacolour.eu\/pl\/wp-json\/wp\/v2\/product"}],"about":[{"href":"https:\/\/supacolour.eu\/pl\/wp-json\/wp\/v2\/types\/product"}],"wp:featuredmedia":[{"embeddable":true,"href":"https:\/\/supacolour.eu\/pl\/wp-json\/wp\/v2\/media\/10480"}],"wp:attachment":[{"href":"https:\/\/supacolour.eu\/pl\/wp-json\/wp\/v2\/media?parent=5775"}],"wp:term":[{"taxonomy":"product_brand","embeddable":true,"href":"https:\/\/supacolour.eu\/pl\/wp-json\/wp\/v2\/product_brand?post=5775"},{"taxonomy":"product_cat","embeddable":true,"href":"https:\/\/supacolour.eu\/pl\/wp-json\/wp\/v2\/product_cat?post=5775"},{"taxonomy":"product_tag","embeddable":true,"href":"https:\/\/supacolour.eu\/pl\/wp-json\/wp\/v2\/product_tag?post=5775"}],"curies":[{"name":"wp","href":"https:\/\/api.w.org\/{rel}","templated":true}]}}