{"id":5931,"date":"2025-01-06T10:17:56","date_gmt":"2025-01-06T09:17:56","guid":{"rendered":"http:\/\/al-bakri.milazar-media.de\/produkt\/supacolour-soft-shell-blocker\/"},"modified":"2025-03-11T14:47:49","modified_gmt":"2025-03-11T13:47:49","slug":"supacolour-soft-shell-blocker","status":"publish","type":"product","link":"https:\/\/supacolour.eu\/pl\/produkt\/supacolour-soft-shell-blocker\/","title":{"rendered":"Supacolour &#8211; Soft Shell Blocker"},"content":{"rendered":"<div class=\"row\">\n<div class=\"large-12 columns margin-bottom-10\">\n<h2><strong>Softshellowy bloker.<\/strong><\/h2>\n<p><span style=\"font-weight: 400;\">Czy przej\u015bcia tonalne kolor\u00f3w w kurtkach softshell stanowi\u0105 prawdziwy problem w Waszej produkcji? Ju\u017c nie! Dzi\u0119ki naszemu Softshell Blocker. Folia daje Ci 100% pewno\u015b\u0107, \u017ce na Twoich drogich tekstyliach przeznaczonych do u\u017cytku zewn\u0119trznego nie pojawi\u0105 si\u0119 nieestetyczne przej\u015bcia kolor\u00f3w. Folie posiadaj\u0105 wbudowan\u0105 specjaln\u0105 foli\u0119 ochronn\u0105, dzi\u0119ki czemu nie ma przej\u015b\u0107 tonalnych, a kurtka za ka\u017cdym razem wygl\u0105da dobrze.<\/span><\/p>\n<p><span style=\"font-weight: 400;\">Dzi\u0119ki temu nadruki na ubraniach dru\u017cynowych, kurtkach outdoorowych i tekstyliach firmowych mo\u017cna tworzy\u0107 w mgnieniu oka. Folia nie tylko chroni przed nieestetycznymi przej\u015bciami kolor\u00f3w, ale tak\u017ce u\u0142atwia monta\u017c dzi\u0119ki dobremu, szybko dzia\u0142aj\u0105cemu klejowi. Jak zwykle w przypadku Supacolour, kolory s\u0105 zawsze takie same i pozostaj\u0105 niezmienne nawet przy ponownym zam\u00f3wieniu &#8211; drukowanie przy u\u017cyciu folii transferowej na materia\u0142ach softshell nigdy nie by\u0142o tak proste!<\/span><\/p>\n<\/div>\n<\/div>\n","protected":false},"excerpt":{"rendered":"<p>Folia Softshell Blocker niezawodnie chroni przed przej\u015bciem kolor\u00f3w na kurtkach softshell i innej odzie\u017cy outdoorowej. Specjalna folia ochronna gwarantuje d\u0142ugotrwa\u0142e, \u017cywe kolory. Mocny klej sprawia, \u017ce \u200b\u200bdoskonale nadaje si\u0119 do produkcji odzie\u017cy roboczej, odzie\u017cy dru\u017cynowej i wysokiej jako\u015bci tekstyli\u00f3w outdoorowych. Odporno\u015b\u0107 na pranie: do 60\u00b0C. Postaw na jako\u015b\u0107 i trwa\u0142o\u015b\u0107!<\/p>\n","protected":false},"featured_media":10097,"template":"","meta":{"_acf_changed":false,"wds_primary_product_brand":0,"wds_primary_product_cat":0},"product_brand":[],"product_cat":[365,312],"product_tag":[],"class_list":{"0":"post-5931","1":"product","2":"type-product","3":"status-publish","4":"has-post-thumbnail","6":"product_cat-softshell-blocker-pl","7":"product_cat-transfer-pl","9":"first","10":"instock","11":"taxable","12":"shipping-taxable","13":"purchasable","14":"product-type-variable"},"group_of_quantity":0,"min_quantity":10,"max_quantity":"","exclude_order_quantity_value_rules":"no","exclude_category_quantity_rules":"no","combine_variations":"no","acf":[],"_links":{"self":[{"href":"https:\/\/supacolour.eu\/pl\/wp-json\/wp\/v2\/product\/5931","targetHints":{"allow":["GET"]}}],"collection":[{"href":"https:\/\/supacolour.eu\/pl\/wp-json\/wp\/v2\/product"}],"about":[{"href":"https:\/\/supacolour.eu\/pl\/wp-json\/wp\/v2\/types\/product"}],"wp:featuredmedia":[{"embeddable":true,"href":"https:\/\/supacolour.eu\/pl\/wp-json\/wp\/v2\/media\/10097"}],"wp:attachment":[{"href":"https:\/\/supacolour.eu\/pl\/wp-json\/wp\/v2\/media?parent=5931"}],"wp:term":[{"taxonomy":"product_brand","embeddable":true,"href":"https:\/\/supacolour.eu\/pl\/wp-json\/wp\/v2\/product_brand?post=5931"},{"taxonomy":"product_cat","embeddable":true,"href":"https:\/\/supacolour.eu\/pl\/wp-json\/wp\/v2\/product_cat?post=5931"},{"taxonomy":"product_tag","embeddable":true,"href":"https:\/\/supacolour.eu\/pl\/wp-json\/wp\/v2\/product_tag?post=5931"}],"curies":[{"name":"wp","href":"https:\/\/api.w.org\/{rel}","templated":true}]}}