{"id":5950,"date":"2025-01-06T10:11:29","date_gmt":"2025-01-06T09:11:29","guid":{"rendered":"http:\/\/al-bakri.milazar-media.de\/produkt\/supacolour-headwear-transfers\/"},"modified":"2025-03-11T14:46:52","modified_gmt":"2025-03-11T13:46:52","slug":"supacolour-headwear-transfers","status":"publish","type":"product","link":"https:\/\/supacolour.eu\/pl\/produkt\/supacolour-headwear-transfers\/","title":{"rendered":"Supacolour &#8211; Transfery na nakrycia g\u0142owy"},"content":{"rendered":"<h2><strong>Nakrycia g\u0142owy.<\/strong><\/h2>\n<p><span style=\"font-weight: 400;\">Dzi\u0119ki naszym foliom na nakrycia g\u0142owy Tw\u00f3j nadruk na czapkach i innych nakryciach g\u0142owy stanie si\u0119 jeszcze wi\u0119kszym, d\u0142ugotrwa\u0142ym hitem! Nasze folie s\u0105 specjalnie zaprojektowane do stosowania na zakr\u0119tkach i charakteryzuj\u0105 si\u0119 wysokim poziomem trwa\u0142o\u015bci. Dzi\u0119ki specjalnej formule, kt\u00f3r\u0105 stosujemy przy produkcji folii do nakry\u0107 g\u0142owy, nadruki s\u0105 odporne na zagniecenia, nie odkszta\u0142caj\u0105 si\u0119 ani nie rozrywaj\u0105.<\/span><\/p>\n<p><span style=\"font-weight: 400;\">W ten spos\u00f3b tworzysz dla swoich klient\u00f3w pu\u0142apk\u0119, z kt\u00f3rej b\u0119d\u0105 mogli korzysta\u0107 przez d\u0142ugi czas. Oczywi\u015bcie, film ten oferuje r\u00f3wnie\u017c wszystkie inne zalety film\u00f3w Supacolour. Jest on niezwykle trwa\u0142y, a nasze tusze drukarskie maj\u0105 najwy\u017csz\u0105 konsystencj\u0119 na rynku. Oznacza to, \u017ce ka\u017cde logo wygl\u0105da tak samo \u2013 nawet je\u015bli zam\u00f3wisz je p\u00f3\u017aniej. Wybierz Supacolour Headwear Foil ju\u017c dzi\u015b i ulepsz swoje czapki jak nigdy dot\u0105d!<\/span><\/p>\n","protected":false},"excerpt":{"rendered":"<p>Folie transferowe Supacolour do nakry\u0107 g\u0142owy zosta\u0142y opracowane specjalnie do czapek i nakry\u0107 g\u0142owy. S\u0105 niezwykle trwa\u0142e, odporne na rozdarcia i zachowuj\u0105 sw\u00f3j kszta\u0142t, nie blakn\u0105c. Dzi\u0119ki wysokiej sp\u00f3jno\u015bci kolor\u00f3w i \u0142atwej aplikacji s\u0105 doskona\u0142ym wyborem do wyka\u0144czania czapek, kapeluszy i innych element\u00f3w garderoby. Odporno\u015b\u0107 na pranie: do 40\u00b0C. Zaprojektuj indywidualne nakrycie g\u0142owy!<\/p>\n","protected":false},"featured_media":10219,"template":"","meta":{"_acf_changed":false,"wds_primary_product_brand":0,"wds_primary_product_cat":0},"product_brand":[],"product_cat":[372,312],"product_tag":[],"class_list":{"0":"post-5950","1":"product","2":"type-product","3":"status-publish","4":"has-post-thumbnail","6":"product_cat-headwear-pl","7":"product_cat-transfer-pl","9":"first","10":"instock","11":"taxable","12":"shipping-taxable","13":"purchasable","14":"product-type-variable"},"group_of_quantity":0,"min_quantity":10,"max_quantity":"","exclude_order_quantity_value_rules":"no","exclude_category_quantity_rules":"no","combine_variations":"no","acf":[],"_links":{"self":[{"href":"https:\/\/supacolour.eu\/pl\/wp-json\/wp\/v2\/product\/5950","targetHints":{"allow":["GET"]}}],"collection":[{"href":"https:\/\/supacolour.eu\/pl\/wp-json\/wp\/v2\/product"}],"about":[{"href":"https:\/\/supacolour.eu\/pl\/wp-json\/wp\/v2\/types\/product"}],"wp:featuredmedia":[{"embeddable":true,"href":"https:\/\/supacolour.eu\/pl\/wp-json\/wp\/v2\/media\/10219"}],"wp:attachment":[{"href":"https:\/\/supacolour.eu\/pl\/wp-json\/wp\/v2\/media?parent=5950"}],"wp:term":[{"taxonomy":"product_brand","embeddable":true,"href":"https:\/\/supacolour.eu\/pl\/wp-json\/wp\/v2\/product_brand?post=5950"},{"taxonomy":"product_cat","embeddable":true,"href":"https:\/\/supacolour.eu\/pl\/wp-json\/wp\/v2\/product_cat?post=5950"},{"taxonomy":"product_tag","embeddable":true,"href":"https:\/\/supacolour.eu\/pl\/wp-json\/wp\/v2\/product_tag?post=5950"}],"curies":[{"name":"wp","href":"https:\/\/api.w.org\/{rel}","templated":true}]}}