{"id":6066,"date":"2025-01-06T09:28:08","date_gmt":"2025-01-06T08:28:08","guid":{"rendered":"http:\/\/al-bakri.milazar-media.de\/produkt\/supacolour-promotional-1-colour\/"},"modified":"2025-03-11T14:44:56","modified_gmt":"2025-03-11T13:44:56","slug":"supacolour-promotional-1-colour","status":"publish","type":"product","link":"https:\/\/supacolour.eu\/pl\/produkt\/supacolour-promotional-1-colour\/","title":{"rendered":"Supacolour &#8211; Promocyjny (1 kolor)"},"content":{"rendered":"<div class=\"row\">\n<div class=\"large-12 columns margin-bottom-10\">\n<h2><strong>Promocyjny.<\/strong><\/h2>\n<p><span style=\"font-weight: 400;\">Promocyjne. Folie Supacolour s\u0105 idealne dla ka\u017cdego, kto chce poszerzy\u0107 swoje portfolio. Dzi\u0119ki filmom mo\u017cesz po\u017cegna\u0107 si\u0119 z ograniczonymi mo\u017cliwo\u015bciami nadruku na koszulkach czy bluzach z kapturem. Za pomoc\u0105 tych folii mo\u017cna drukowa\u0107 na niemal ka\u017cdym, bardzo wytrzyma\u0142ym materiale. Dzi\u0119ki temu mo\u017cliwe jest umieszczanie logo na plecakach i innych artyku\u0142ach promocyjnych.<\/span><\/p>\n<p><span style=\"font-weight: 400;\">Aby\u015b nie musia\u0142 z niczego rezygnowa\u0107, folia oferuje te same korzy\u015bci, co w przypadku stosowania na normalnych tkaninach. Kolory nie blakn\u0105, s\u0105 bardzo sp\u00f3jne, a ich trwa\u0142o\u015b\u0107 jest zadziwiaj\u0105co wysoka.<\/span><\/p>\n<p><span style=\"font-weight: 400;\">W ten spos\u00f3b mo\u017cesz poszerzy\u0107 baz\u0119 klient\u00f3w i \u0142atwo zwi\u0119kszy\u0107 sprzeda\u017c: odkryj nowe horyzonty dzi\u0119ki filmom promocyjnym Supacolour!<\/span><\/p>\n<\/div>\n<\/div>\n","protected":false},"excerpt":{"rendered":"<p>Folie promocyjne Supacolour pozwalaj\u0105 na wykonywanie trwa\u0142ych i b\u0142yszcz\u0105cych nadruk\u00f3w na solidnych materia\u0142ach, takich jak plecaki, torby i artyku\u0142y reklamowe. Rozszerz swoj\u0105 ofert\u0119 produkt\u00f3w poza klasyczne tekstylia i zapewnij najwy\u017csz\u0105 jako\u015b\u0107 nadruku przy zachowaniu najwi\u0119kszej sp\u00f3jno\u015bci kolor\u00f3w. Odporno\u015b\u0107 na pranie: do 30\u00b0C. Idealny do artyku\u0142\u00f3w i produkt\u00f3w promocyjnych. Odporno\u015b\u0107 na pranie: niska<\/p>\n","protected":false},"featured_media":10239,"template":"","meta":{"_acf_changed":false,"wds_primary_product_brand":0,"wds_primary_product_cat":0},"product_brand":[],"product_cat":[380,312],"product_tag":[],"class_list":{"0":"post-6066","1":"product","2":"type-product","3":"status-publish","4":"has-post-thumbnail","6":"product_cat-promotional-pl","7":"product_cat-transfer-pl","9":"first","10":"instock","11":"taxable","12":"shipping-taxable","13":"purchasable","14":"product-type-variable"},"group_of_quantity":0,"min_quantity":10,"max_quantity":"","exclude_order_quantity_value_rules":"no","exclude_category_quantity_rules":"no","combine_variations":"no","acf":[],"_links":{"self":[{"href":"https:\/\/supacolour.eu\/pl\/wp-json\/wp\/v2\/product\/6066","targetHints":{"allow":["GET"]}}],"collection":[{"href":"https:\/\/supacolour.eu\/pl\/wp-json\/wp\/v2\/product"}],"about":[{"href":"https:\/\/supacolour.eu\/pl\/wp-json\/wp\/v2\/types\/product"}],"wp:featuredmedia":[{"embeddable":true,"href":"https:\/\/supacolour.eu\/pl\/wp-json\/wp\/v2\/media\/10239"}],"wp:attachment":[{"href":"https:\/\/supacolour.eu\/pl\/wp-json\/wp\/v2\/media?parent=6066"}],"wp:term":[{"taxonomy":"product_brand","embeddable":true,"href":"https:\/\/supacolour.eu\/pl\/wp-json\/wp\/v2\/product_brand?post=6066"},{"taxonomy":"product_cat","embeddable":true,"href":"https:\/\/supacolour.eu\/pl\/wp-json\/wp\/v2\/product_cat?post=6066"},{"taxonomy":"product_tag","embeddable":true,"href":"https:\/\/supacolour.eu\/pl\/wp-json\/wp\/v2\/product_tag?post=6066"}],"curies":[{"name":"wp","href":"https:\/\/api.w.org\/{rel}","templated":true}]}}