{"id":6165,"date":"2025-01-05T22:48:35","date_gmt":"2025-01-05T21:48:35","guid":{"rendered":"http:\/\/al-bakri.milazar-media.de\/produkt\/supacolour-industrial-blocker\/"},"modified":"2025-03-11T14:32:28","modified_gmt":"2025-03-11T13:32:28","slug":"supacolour-industrial-blocker","status":"publish","type":"product","link":"https:\/\/supacolour.eu\/pl\/produkt\/supacolour-industrial-blocker\/","title":{"rendered":"Supacolour &#8211; Blokada przemys\u0142owa"},"content":{"rendered":"<div class=\"row\">\n<div class=\"large-12 columns margin-bottom-10\">\n<h2><strong>Blokada przemys\u0142owa.<\/strong><\/h2>\n<p><span style=\"font-weight: 400;\">Dla wszystkich, kt\u00f3rzy nie tylko chc\u0105 drukowa\u0107 na tekstyliach poddawanych praniu przemys\u0142owemu, ale tak\u017ce chc\u0105 zapobiec nieestetycznym przej\u015bciom kolor\u00f3w i zniszczeniu odzie\u017cy roboczej swoich klient\u00f3w!<\/span><\/p>\n<p>Industrial Blocker to rozwi\u0105zanie pozwalaj\u0105ce rozwia\u0107 wszelkie marzenia o uniformach, kt\u00f3re mo\u017cna pra\u0107 w warunkach przemys\u0142owych, dla pracownik\u00f3w Twoich klient\u00f3w. Bloker dzia\u0142a na poliestrze i wielu innych tkaninach mieszanych. Poni\u017csze zasady dotycz\u0105 r\u00f3wnie\u017c tej folii:<br \/>\n<span style=\"font-weight: 400;\">Sp\u00f3jno\u015b\u0107 kolorystyczna i szeroka gama barw \u2013 dzi\u0119ki temu Twoi klienci b\u0119d\u0105 w 100% zadowoleni z Twojej pracy!<\/span><\/p>\n<\/div>\n<\/div>\n","protected":false},"excerpt":{"rendered":"<p>Industrial Blocker marki Supacolour idealnie nadaje si\u0119 do odzie\u017cy roboczej nadaj\u0105cej si\u0119 do prania przemys\u0142owego. Zapobiega blakni\u0119ciu kolor\u00f3w na tkaninach poliestrowych i mieszanych, gwarantuj\u0105c d\u0142ugotrwa\u0142e, profesjonalne rezultaty w odzie\u017cy roboczej. Odporno\u015b\u0107 na pranie: do 95\u00b0C. Idealne rozwi\u0105zanie zapewniaj\u0105ce solidn\u0105 i trwa\u0142\u0105 odzie\u017c robocz\u0105.<\/p>\n","protected":false},"featured_media":10366,"template":"","meta":{"_acf_changed":false,"wds_primary_product_brand":0,"wds_primary_product_cat":0},"product_brand":[],"product_cat":[389,385,312],"product_tag":[],"class_list":{"0":"post-6165","1":"product","2":"type-product","3":"status-publish","4":"has-post-thumbnail","6":"product_cat-industrial-blocker-pl","7":"product_cat-industrial-wash-pl","8":"product_cat-transfer-pl","10":"first","11":"instock","12":"taxable","13":"shipping-taxable","14":"purchasable","15":"product-type-variable"},"group_of_quantity":0,"min_quantity":10,"max_quantity":"","exclude_order_quantity_value_rules":"no","exclude_category_quantity_rules":"no","combine_variations":"no","acf":[],"_links":{"self":[{"href":"https:\/\/supacolour.eu\/pl\/wp-json\/wp\/v2\/product\/6165","targetHints":{"allow":["GET"]}}],"collection":[{"href":"https:\/\/supacolour.eu\/pl\/wp-json\/wp\/v2\/product"}],"about":[{"href":"https:\/\/supacolour.eu\/pl\/wp-json\/wp\/v2\/types\/product"}],"wp:featuredmedia":[{"embeddable":true,"href":"https:\/\/supacolour.eu\/pl\/wp-json\/wp\/v2\/media\/10366"}],"wp:attachment":[{"href":"https:\/\/supacolour.eu\/pl\/wp-json\/wp\/v2\/media?parent=6165"}],"wp:term":[{"taxonomy":"product_brand","embeddable":true,"href":"https:\/\/supacolour.eu\/pl\/wp-json\/wp\/v2\/product_brand?post=6165"},{"taxonomy":"product_cat","embeddable":true,"href":"https:\/\/supacolour.eu\/pl\/wp-json\/wp\/v2\/product_cat?post=6165"},{"taxonomy":"product_tag","embeddable":true,"href":"https:\/\/supacolour.eu\/pl\/wp-json\/wp\/v2\/product_tag?post=6165"}],"curies":[{"name":"wp","href":"https:\/\/api.w.org\/{rel}","templated":true}]}}