{"id":8408,"date":"2026-02-20T12:14:07","date_gmt":"2026-02-20T11:14:07","guid":{"rendered":"https:\/\/supacolour.eu\/?post_type=product&#038;p=8408"},"modified":"2026-03-18T10:21:24","modified_gmt":"2026-03-18T09:21:24","slug":"supacolour-supadtf-kopie","status":"publish","type":"product","link":"https:\/\/supacolour.eu\/pl\/produkt\/supacolour-supadtf-kopie\/","title":{"rendered":"Supacolour-SupaDTF (Kopie)"},"content":{"rendered":"<div class=\"row\">\n<div class=\"large-12 columns margin-bottom-10\">\n<h2><strong>Supa DTF<\/strong><\/h2>\n<p><span style=\"font-weight: 400;\">Czy potrzebujesz tylko niewielkiej liczby motyw\u00f3w na zam\u00f3wienie klienta? W takim razie folie Supacolour DTF s\u0105 idealnym rozwi\u0105zaniem dla Ciebie i Twoich klient\u00f3w. Dzi\u0119ki foliom DTF maj\u0105 Pa\u0144stwo mo\u017cliwo\u015b\u0107 realizacji ma\u0142ych zam\u00f3wie\u0144 w spos\u00f3b ekonomiczny.<\/span><\/p>\n<p><span style=\"font-weight: 400;\">Poniewa\u017c w tym przypadku nie potrzebujemy bia\u0142ej warstwy bazowej &#8211; dzi\u0119ki temu mo\u017cemy ekonomicznie zrealizowa\u0107 zam\u00f3wienie, nawet je\u015bli zam\u00f3wisz mniej ni\u017c 20 motyw\u00f3w.<\/span><\/p>\n<p><span style=\"font-weight: 400;\">Powiniene\u015b wybra\u0107 Supa DTF je\u015bli:<\/span><\/p>\n<ul>\n<li style=\"font-weight: 400;\" aria-level=\"1\">Klient zamawia tylko bardzo ma\u0142e ilo\u015bci<\/li>\n<li style=\"font-weight: 400;\" aria-level=\"1\">Chcesz stworzy\u0107 formularz, kt\u00f3ry przekona klient\u00f3w<\/li>\n<li style=\"font-weight: 400;\" aria-level=\"1\">Je\u015bli chcesz zachowa\u0107 kilka wzor\u00f3w w ma\u0142ych ilo\u015bciach w celu ponownego zam\u00f3wienia<\/li>\n<\/ul>\n<p><span style=\"font-weight: 400;\">Nasze folie Supa DTF mo\u017cna bez problemu stosowa\u0107 do wszystkich mieszanek bawe\u0142ny. Zalecamy niestosowanie tych folii wy\u0142\u0105cznie na poliestrze i innych materia\u0142ach syntetycznych. Natomiast w przypadku naszych folii blokuj\u0105cych ich stosowanie na tego typu tekstyliach nie stwarza \u017cadnych problem\u00f3w. Filmy dotr\u0105 do Ciebie w ci\u0105gu 72 godzin \u2013 bez ukrytych koszt\u00f3w importu i op\u0142at celnych.<\/span><\/p>\n<p><span style=\"font-weight: 400;\">Jak w przypadku wszystkich folii, zak\u0142adamy wysoki poziom trwa\u0142o\u015bci. Folia wytrzymuje normalne, delikatne mycie co najmniej 40 razy. Nast\u0119pnie mog\u0105 pojawi\u0107 si\u0119 pierwsze oznaki zu\u017cycia. Nasze folie posiadaj\u0105 zawsze certyfikat Oeko-Tex i s\u0105 barwione przyjaznymi dla \u015brodowiska farbami na bazie wody. W ten spos\u00f3b wsp\u00f3lnie chronimy planet\u0119.<\/span><\/p>\n<\/div>\n<\/div>\n","protected":false},"excerpt":{"rendered":"<p>Folie transferowe Supa DTF to ekonomiczne rozwi\u0105zanie w przypadku kr\u00f3tkich serii, wydruk\u00f3w pr\u00f3bnych i ponownych zam\u00f3wie\u0144. Bez bia\u0142ej warstwy bazowej pozwalaj\u0105 na wykonywanie szczeg\u00f3\u0142owych, nasyconych kolorami nadruk\u00f3w na mieszankach bawe\u0142ny. Idealne dla szybkich termin\u00f3w realizacji (w ci\u0105gu 72 godzin) i przyjaznej dla \u015brodowiska produkcji. Odporno\u015b\u0107 na pranie: do 40\u00b0C. Idealny do koszulek, toreb i nie tylko<\/p>\n","protected":false},"featured_media":10381,"template":"","meta":{"_acf_changed":false,"wds_primary_product_brand":0,"wds_primary_product_cat":0},"product_brand":[],"product_cat":[405,312],"product_tag":[],"class_list":{"0":"post-8408","1":"product","2":"type-product","3":"status-publish","4":"has-post-thumbnail","6":"product_cat-supadtf-pl","7":"product_cat-transfer-pl","9":"first","10":"instock","11":"taxable","12":"shipping-taxable","13":"purchasable","14":"product-type-variable"},"group_of_quantity":0,"min_quantity":10,"max_quantity":"","exclude_order_quantity_value_rules":"no","exclude_category_quantity_rules":"no","combine_variations":"no","acf":[],"_links":{"self":[{"href":"https:\/\/supacolour.eu\/pl\/wp-json\/wp\/v2\/product\/8408","targetHints":{"allow":["GET"]}}],"collection":[{"href":"https:\/\/supacolour.eu\/pl\/wp-json\/wp\/v2\/product"}],"about":[{"href":"https:\/\/supacolour.eu\/pl\/wp-json\/wp\/v2\/types\/product"}],"wp:featuredmedia":[{"embeddable":true,"href":"https:\/\/supacolour.eu\/pl\/wp-json\/wp\/v2\/media\/10381"}],"wp:attachment":[{"href":"https:\/\/supacolour.eu\/pl\/wp-json\/wp\/v2\/media?parent=8408"}],"wp:term":[{"taxonomy":"product_brand","embeddable":true,"href":"https:\/\/supacolour.eu\/pl\/wp-json\/wp\/v2\/product_brand?post=8408"},{"taxonomy":"product_cat","embeddable":true,"href":"https:\/\/supacolour.eu\/pl\/wp-json\/wp\/v2\/product_cat?post=8408"},{"taxonomy":"product_tag","embeddable":true,"href":"https:\/\/supacolour.eu\/pl\/wp-json\/wp\/v2\/product_tag?post=8408"}],"curies":[{"name":"wp","href":"https:\/\/api.w.org\/{rel}","templated":true}]}}