{"id":9108,"date":"2026-02-27T13:10:59","date_gmt":"2026-02-27T12:10:59","guid":{"rendered":"https:\/\/supacolour.eu\/?post_type=product&#038;p=9108"},"modified":"2026-02-27T13:27:10","modified_gmt":"2026-02-27T12:27:10","slug":"supacolour-do-noszenia-1-kolor-kopie-kopie-2","status":"publish","type":"product","link":"https:\/\/supacolour.eu\/pl\/produkt\/supacolour-do-noszenia-1-kolor-kopie-kopie-2\/","title":{"rendered":"Supacolour &#8211; do noszenia (1 kolor) (Kopie) (Kopie)"},"content":{"rendered":"<div class=\"row\">\n<div class=\"large-12 columns margin-bottom-10\">\n<h2><strong>zdatny do noszenia.<\/strong><\/h2>\n<p><span style=\"font-weight: 400;\">Mi\u0119kkie, bardzo trwa\u0142e, bogate w kolory, przyjazne dla \u015brodowiska.<\/span><\/p>\n<p><span style=\"font-weight: 400;\">\u0141\u0105czymy te cechy w naszym absolutnie flagowym produkcie \u201eWearable\u201d. Dzi\u0119ki temu produktowi mo\u017cesz cieszy\u0107 si\u0119 wszystkimi korzy\u015bciami naszych wieloletnich bada\u0144 i rozwoju: Nasz unikalny proces drukowania umo\u017cliwia wy\u015bwietlanie wi\u0119kszej liczby kolor\u00f3w ni\u017c w przypadku jakiejkolwiek innej folii transferowej \u2014 zawsze pracujemy bardzo precyzyjnie i osi\u0105gamy 100% sp\u00f3jno\u015b\u0107 kolor\u00f3w. W ten spos\u00f3b ka\u017cdy wydruk wygl\u0105da dok\u0142adnie tak samo!<\/span><\/p>\n<p><span style=\"font-weight: 400;\">Nasze folie do noszenia s\u0105 bardzo \u0142atwe do prasowania, a dzi\u0119ki specjalnie opracowanemu klejowi szybko i mocno przylegaj\u0105 do materia\u0142u tekstylnego \u2013 Twoja produkcja nigdy nie by\u0142a tak wydajna. Folie nadaj\u0105 si\u0119 do drukowania na wszystkich rodzajach tekstyli\u00f3w bawe\u0142nianych, takich jak koszulki, bluzy z kapturem czy zwyk\u0142e bluzy. Dzi\u0119ki bia\u0142ej, wysokiej jako\u015bci warstwie bazowej kolory nadruku b\u0142yszcz\u0105 si\u0119 na wszystkich kolorach tekstyli\u00f3w. W ten spos\u00f3b powstaj\u0105 odbitki w spos\u00f3b, jakiego jeszcze nie by\u0142o!<\/span><\/p>\n<\/div>\n<\/div>\n","protected":false},"excerpt":{"rendered":"<p>Folie transferowe do noszenia gwarantuj\u0105 wysokiej jako\u015bci, trwa\u0142e nadruki na tekstyliach o intensywnym blasku kolor\u00f3w. Specjalnie opracowany klej zapewnia niezawodn\u0105 przyczepno\u015b\u0107 do tekstyli\u00f3w bawe\u0142nianych, takich jak koszulki, bluzy z kapturem i swetry. \u0141atwe zastosowanie zapewniaj\u0105ce p\u0142ynny proces produkcji. Odporno\u015b\u0107 na pranie: do 60\u00b0C. Odkryj najwy\u017csz\u0105 jako\u015b\u0107 swoich tekstyli\u00f3w!<\/p>\n","protected":false},"featured_media":10296,"template":"","meta":{"_acf_changed":false,"wds_primary_product_brand":0,"wds_primary_product_cat":0},"product_brand":[],"product_cat":[312],"product_tag":[],"class_list":{"0":"post-9108","1":"product","2":"type-product","3":"status-publish","4":"has-post-thumbnail","6":"product_cat-transfer-pl","8":"first","9":"instock","10":"taxable","11":"shipping-taxable","12":"purchasable","13":"product-type-variable"},"group_of_quantity":0,"min_quantity":10,"max_quantity":"","exclude_order_quantity_value_rules":"no","exclude_category_quantity_rules":"no","combine_variations":"no","acf":[],"_links":{"self":[{"href":"https:\/\/supacolour.eu\/pl\/wp-json\/wp\/v2\/product\/9108","targetHints":{"allow":["GET"]}}],"collection":[{"href":"https:\/\/supacolour.eu\/pl\/wp-json\/wp\/v2\/product"}],"about":[{"href":"https:\/\/supacolour.eu\/pl\/wp-json\/wp\/v2\/types\/product"}],"wp:featuredmedia":[{"embeddable":true,"href":"https:\/\/supacolour.eu\/pl\/wp-json\/wp\/v2\/media\/10296"}],"wp:attachment":[{"href":"https:\/\/supacolour.eu\/pl\/wp-json\/wp\/v2\/media?parent=9108"}],"wp:term":[{"taxonomy":"product_brand","embeddable":true,"href":"https:\/\/supacolour.eu\/pl\/wp-json\/wp\/v2\/product_brand?post=9108"},{"taxonomy":"product_cat","embeddable":true,"href":"https:\/\/supacolour.eu\/pl\/wp-json\/wp\/v2\/product_cat?post=9108"},{"taxonomy":"product_tag","embeddable":true,"href":"https:\/\/supacolour.eu\/pl\/wp-json\/wp\/v2\/product_tag?post=9108"}],"curies":[{"name":"wp","href":"https:\/\/api.w.org\/{rel}","templated":true}]}}